{"id":5594,"date":"2026-04-21T11:17:35","date_gmt":"2026-04-21T09:17:35","guid":{"rendered":"https:\/\/thehedgehogfactory.com\/produit\/ondea-vaas\/"},"modified":"2026-04-21T11:17:35","modified_gmt":"2026-04-21T09:17:35","slug":"ondea-vaas","status":"publish","type":"product","link":"https:\/\/thehedgehogfactory.com\/et\/produit\/ondea-vaas\/","title":{"rendered":"Ondea vaas"},"content":{"rendered":"<p>ONDEA on palju enamat kui lihtsalt vaas: see on t\u00f5eline disainiese, mis p\u00fc\u00fcab pilku ja struktureerib ruumi. Lainete loomulikust liikumisest inspireerituna loob selle voolav reljeef peene valgusm\u00e4ngu, mis muutub p\u00e4eva jooksul. <\/p>\n<p>Selle orgaanilised, justkui liikuvad jooned toovad korraga nii pehmuse kui ka d\u00fcnaamika tunde. Olgu see kasutusel kuivatatud lilledega, minimalistlike okstega v\u00f5i j\u00e4etud \u00fcksi dekoratiivesemena \u2013 ONDEA leiab loomulikult oma koha kaasaegses interj\u00f6\u00f6ris. <\/p>\n<p>Saadaval mitmes viimistluses, sobitub see erinevate meeleoludega:<\/p>\n<p>Kuldne luksuslikuks ja helendavaks aktsendiks<br \/>\nValge minimalistlikuks elegantsiks<br \/>\nMust modernseks ja enesekindlaks stiiliks<br \/>\nPunane julgeks ja soojaks kohaloluks<\/p>\n<p>Iga versioon toob vaasi reljeefi esile erinevalt, m\u00e4ngides valguse ja kontrastidega.<\/p>\n<p>ONDEAga valid eseme, mis \u00fchendab disaini, iseloomu ja ajatu stiili \u2014 dekoratiiveseme, mis on loodud pilku p\u00fc\u00fcdma ja sinu kodust maailma rikastama.<\/p>\n","protected":false},"excerpt":{"rendered":"<p>ONDEA on skulptuurne vaas voolava ja orgaanilise disainiga, inspireeritud lainete liikumisest. Selle elegantne siluett ja d\u00fcnaamilised kumerused teevad sellest tugeva dekoratiiveseme, mis sobib ideaalselt iseloomuga modernse interj\u00f6\u00f6ri esiletoomiseks. <\/p>\n","protected":false},"featured_media":5586,"comment_status":"open","ping_status":"closed","template":"","meta":[],"product_brand":[],"product_cat":[130],"product_tag":[],"class_list":{"0":"post-5594","1":"product","2":"type-product","3":"status-publish","4":"has-post-thumbnail","6":"product_cat-vaas","7":"product_shipping_class-hapras","9":"entry","10":"has-media","12":"first","13":"instock","14":"taxable","15":"shipping-taxable","16":"purchasable","17":"product-type-variable","18":"add-to-wishlist-after_add_to_cart","19":"has-product-nav","20":"col","21":"span_1_of_3","22":"owp-content-center","23":"owp-thumbs-layout-horizontal","24":"owp-btn-normal","25":"owp-tabs-layout-horizontal"},"yoast_head":"<!-- This site is optimized with the Yoast SEO plugin v27.6 - https:\/\/yoast.com\/product\/yoast-seo-wordpress\/ -->\n<title>Ondea vaas - The Hedgehog Factory<\/title>\n<meta name=\"description\" content=\"ONDEA on skulptuurne vaas voolava ja orgaanilise disainiga, inspireeritud lainete liikumisest. Selle elegantne siluett ja d\u00fcnaamilised kumerused teevad sellest tugeva dekoratiiveseme, mis sobib ideaalselt iseloomuga modernse interj\u00f6\u00f6ri esiletoomiseks.\" \/>\n<meta name=\"robots\" content=\"index, follow, max-snippet:-1, max-image-preview:large, max-video-preview:-1\" \/>\n<link rel=\"canonical\" href=\"https:\/\/thehedgehogfactory.com\/et\/produit\/ondea-vaas\/\" \/>\n<meta property=\"og:locale\" content=\"et_EE\" \/>\n<meta property=\"og:type\" content=\"article\" \/>\n<meta property=\"og:title\" content=\"Ondea vaas - The Hedgehog Factory\" \/>\n<meta property=\"og:description\" content=\"ONDEA on skulptuurne vaas voolava ja orgaanilise disainiga, inspireeritud lainete liikumisest. Selle elegantne siluett ja d\u00fcnaamilised kumerused teevad sellest tugeva dekoratiiveseme, mis sobib ideaalselt iseloomuga modernse interj\u00f6\u00f6ri esiletoomiseks.\" \/>\n<meta property=\"og:url\" content=\"https:\/\/thehedgehogfactory.com\/et\/produit\/ondea-vaas\/\" \/>\n<meta property=\"og:site_name\" content=\"The Hedgehog Factory\" \/>\n<meta property=\"article:publisher\" content=\"https:\/\/www.facebook.com\/TheHedgehogFactory\" \/>\n<meta property=\"og:image\" content=\"https:\/\/thehedgehogfactory.com\/wp-content\/uploads\/2026\/04\/Ondea_Gold.png\" \/>\n\t<meta property=\"og:image:width\" content=\"1122\" \/>\n\t<meta property=\"og:image:height\" content=\"1402\" \/>\n\t<meta property=\"og:image:type\" content=\"image\/png\" \/>\n<meta name=\"twitter:card\" content=\"summary_large_image\" \/>\n<meta name=\"twitter:label1\" content=\"Est. reading time\" \/>\n\t<meta name=\"twitter:data1\" content=\"1 minut\" \/>\n<script type=\"application\/ld+json\" class=\"yoast-schema-graph\">{\"@context\":\"https:\\\/\\\/schema.org\",\"@graph\":[{\"@type\":\"WebPage\",\"@id\":\"https:\\\/\\\/thehedgehogfactory.com\\\/et\\\/produit\\\/ondea-vaas\\\/\",\"url\":\"https:\\\/\\\/thehedgehogfactory.com\\\/et\\\/produit\\\/ondea-vaas\\\/\",\"name\":\"Ondea vaas - The Hedgehog Factory\",\"isPartOf\":{\"@id\":\"https:\\\/\\\/thehedgehogfactory.com\\\/#website\"},\"primaryImageOfPage\":{\"@id\":\"https:\\\/\\\/thehedgehogfactory.com\\\/et\\\/produit\\\/ondea-vaas\\\/#primaryimage\"},\"image\":{\"@id\":\"https:\\\/\\\/thehedgehogfactory.com\\\/et\\\/produit\\\/ondea-vaas\\\/#primaryimage\"},\"thumbnailUrl\":\"https:\\\/\\\/thehedgehogfactory.com\\\/wp-content\\\/uploads\\\/2026\\\/04\\\/Ondea_Gold.png\",\"datePublished\":\"2026-04-21T09:17:35+00:00\",\"description\":\"ONDEA on skulptuurne vaas voolava ja orgaanilise disainiga, inspireeritud lainete liikumisest. Selle elegantne siluett ja d\u00fcnaamilised kumerused teevad sellest tugeva dekoratiiveseme, mis sobib ideaalselt iseloomuga modernse interj\u00f6\u00f6ri esiletoomiseks.\",\"breadcrumb\":{\"@id\":\"https:\\\/\\\/thehedgehogfactory.com\\\/et\\\/produit\\\/ondea-vaas\\\/#breadcrumb\"},\"inLanguage\":\"et\",\"potentialAction\":[{\"@type\":\"ReadAction\",\"target\":[\"https:\\\/\\\/thehedgehogfactory.com\\\/et\\\/produit\\\/ondea-vaas\\\/\"]}]},{\"@type\":\"ImageObject\",\"inLanguage\":\"et\",\"@id\":\"https:\\\/\\\/thehedgehogfactory.com\\\/et\\\/produit\\\/ondea-vaas\\\/#primaryimage\",\"url\":\"https:\\\/\\\/thehedgehogfactory.com\\\/wp-content\\\/uploads\\\/2026\\\/04\\\/Ondea_Gold.png\",\"contentUrl\":\"https:\\\/\\\/thehedgehogfactory.com\\\/wp-content\\\/uploads\\\/2026\\\/04\\\/Ondea_Gold.png\",\"width\":1122,\"height\":1402},{\"@type\":\"BreadcrumbList\",\"@id\":\"https:\\\/\\\/thehedgehogfactory.com\\\/et\\\/produit\\\/ondea-vaas\\\/#breadcrumb\",\"itemListElement\":[{\"@type\":\"ListItem\",\"position\":1,\"name\":\"Accueil\",\"item\":\"https:\\\/\\\/thehedgehogfactory.com\\\/et\\\/avaleht\\\/\"},{\"@type\":\"ListItem\",\"position\":2,\"name\":\"Pood*\",\"item\":\"https:\\\/\\\/thehedgehogfactory.com\\\/et\\\/pood\\\/\"},{\"@type\":\"ListItem\",\"position\":3,\"name\":\"Ondea vaas\"}]},{\"@type\":\"WebSite\",\"@id\":\"https:\\\/\\\/thehedgehogfactory.com\\\/#website\",\"url\":\"https:\\\/\\\/thehedgehogfactory.com\\\/\",\"name\":\"The Hedgehog Factory\",\"description\":\"Quand l\u2019impression 3D rencontre la d\u00e9co\",\"publisher\":{\"@id\":\"https:\\\/\\\/thehedgehogfactory.com\\\/#organization\"},\"potentialAction\":[{\"@type\":\"SearchAction\",\"target\":{\"@type\":\"EntryPoint\",\"urlTemplate\":\"https:\\\/\\\/thehedgehogfactory.com\\\/?s={search_term_string}\"},\"query-input\":{\"@type\":\"PropertyValueSpecification\",\"valueRequired\":true,\"valueName\":\"search_term_string\"}}],\"inLanguage\":\"et\"},{\"@type\":\"Organization\",\"@id\":\"https:\\\/\\\/thehedgehogfactory.com\\\/#organization\",\"name\":\"The Hedgehog Factory\",\"url\":\"https:\\\/\\\/thehedgehogfactory.com\\\/\",\"logo\":{\"@type\":\"ImageObject\",\"inLanguage\":\"et\",\"@id\":\"https:\\\/\\\/thehedgehogfactory.com\\\/#\\\/schema\\\/logo\\\/image\\\/\",\"url\":\"https:\\\/\\\/thehedgehogfactory.com\\\/wp-content\\\/uploads\\\/2025\\\/04\\\/la-fabrique-3.webp\",\"contentUrl\":\"https:\\\/\\\/thehedgehogfactory.com\\\/wp-content\\\/uploads\\\/2025\\\/04\\\/la-fabrique-3.webp\",\"width\":500,\"height\":500,\"caption\":\"The Hedgehog Factory\"},\"image\":{\"@id\":\"https:\\\/\\\/thehedgehogfactory.com\\\/#\\\/schema\\\/logo\\\/image\\\/\"},\"sameAs\":[\"https:\\\/\\\/www.facebook.com\\\/TheHedgehogFactory\",\"https:\\\/\\\/www.instagram.com\\\/thfcreations\\\/\",\"https:\\\/\\\/fr.pinterest.com\\\/TheHedgehogFactory\\\/\"]}]}<\/script>\n<!-- \/ Yoast SEO plugin. -->","yoast_head_json":{"title":"Ondea vaas - The Hedgehog Factory","description":"ONDEA on skulptuurne vaas voolava ja orgaanilise disainiga, inspireeritud lainete liikumisest. Selle elegantne siluett ja d\u00fcnaamilised kumerused teevad sellest tugeva dekoratiiveseme, mis sobib ideaalselt iseloomuga modernse interj\u00f6\u00f6ri esiletoomiseks.","robots":{"index":"index","follow":"follow","max-snippet":"max-snippet:-1","max-image-preview":"max-image-preview:large","max-video-preview":"max-video-preview:-1"},"canonical":"https:\/\/thehedgehogfactory.com\/et\/produit\/ondea-vaas\/","og_locale":"et_EE","og_type":"article","og_title":"Ondea vaas - The Hedgehog Factory","og_description":"ONDEA on skulptuurne vaas voolava ja orgaanilise disainiga, inspireeritud lainete liikumisest. Selle elegantne siluett ja d\u00fcnaamilised kumerused teevad sellest tugeva dekoratiiveseme, mis sobib ideaalselt iseloomuga modernse interj\u00f6\u00f6ri esiletoomiseks.","og_url":"https:\/\/thehedgehogfactory.com\/et\/produit\/ondea-vaas\/","og_site_name":"The Hedgehog Factory","article_publisher":"https:\/\/www.facebook.com\/TheHedgehogFactory","og_image":[{"width":1122,"height":1402,"url":"https:\/\/thehedgehogfactory.com\/wp-content\/uploads\/2026\/04\/Ondea_Gold.png","type":"image\/png"}],"twitter_card":"summary_large_image","twitter_misc":{"Est. reading time":"1 minut"},"schema":{"@context":"https:\/\/schema.org","@graph":[{"@type":"WebPage","@id":"https:\/\/thehedgehogfactory.com\/et\/produit\/ondea-vaas\/","url":"https:\/\/thehedgehogfactory.com\/et\/produit\/ondea-vaas\/","name":"Ondea vaas - The Hedgehog Factory","isPartOf":{"@id":"https:\/\/thehedgehogfactory.com\/#website"},"primaryImageOfPage":{"@id":"https:\/\/thehedgehogfactory.com\/et\/produit\/ondea-vaas\/#primaryimage"},"image":{"@id":"https:\/\/thehedgehogfactory.com\/et\/produit\/ondea-vaas\/#primaryimage"},"thumbnailUrl":"https:\/\/thehedgehogfactory.com\/wp-content\/uploads\/2026\/04\/Ondea_Gold.png","datePublished":"2026-04-21T09:17:35+00:00","description":"ONDEA on skulptuurne vaas voolava ja orgaanilise disainiga, inspireeritud lainete liikumisest. Selle elegantne siluett ja d\u00fcnaamilised kumerused teevad sellest tugeva dekoratiiveseme, mis sobib ideaalselt iseloomuga modernse interj\u00f6\u00f6ri esiletoomiseks.","breadcrumb":{"@id":"https:\/\/thehedgehogfactory.com\/et\/produit\/ondea-vaas\/#breadcrumb"},"inLanguage":"et","potentialAction":[{"@type":"ReadAction","target":["https:\/\/thehedgehogfactory.com\/et\/produit\/ondea-vaas\/"]}]},{"@type":"ImageObject","inLanguage":"et","@id":"https:\/\/thehedgehogfactory.com\/et\/produit\/ondea-vaas\/#primaryimage","url":"https:\/\/thehedgehogfactory.com\/wp-content\/uploads\/2026\/04\/Ondea_Gold.png","contentUrl":"https:\/\/thehedgehogfactory.com\/wp-content\/uploads\/2026\/04\/Ondea_Gold.png","width":1122,"height":1402},{"@type":"BreadcrumbList","@id":"https:\/\/thehedgehogfactory.com\/et\/produit\/ondea-vaas\/#breadcrumb","itemListElement":[{"@type":"ListItem","position":1,"name":"Accueil","item":"https:\/\/thehedgehogfactory.com\/et\/avaleht\/"},{"@type":"ListItem","position":2,"name":"Pood*","item":"https:\/\/thehedgehogfactory.com\/et\/pood\/"},{"@type":"ListItem","position":3,"name":"Ondea vaas"}]},{"@type":"WebSite","@id":"https:\/\/thehedgehogfactory.com\/#website","url":"https:\/\/thehedgehogfactory.com\/","name":"The Hedgehog Factory","description":"Quand l\u2019impression 3D rencontre la d\u00e9co","publisher":{"@id":"https:\/\/thehedgehogfactory.com\/#organization"},"potentialAction":[{"@type":"SearchAction","target":{"@type":"EntryPoint","urlTemplate":"https:\/\/thehedgehogfactory.com\/?s={search_term_string}"},"query-input":{"@type":"PropertyValueSpecification","valueRequired":true,"valueName":"search_term_string"}}],"inLanguage":"et"},{"@type":"Organization","@id":"https:\/\/thehedgehogfactory.com\/#organization","name":"The Hedgehog Factory","url":"https:\/\/thehedgehogfactory.com\/","logo":{"@type":"ImageObject","inLanguage":"et","@id":"https:\/\/thehedgehogfactory.com\/#\/schema\/logo\/image\/","url":"https:\/\/thehedgehogfactory.com\/wp-content\/uploads\/2025\/04\/la-fabrique-3.webp","contentUrl":"https:\/\/thehedgehogfactory.com\/wp-content\/uploads\/2025\/04\/la-fabrique-3.webp","width":500,"height":500,"caption":"The Hedgehog Factory"},"image":{"@id":"https:\/\/thehedgehogfactory.com\/#\/schema\/logo\/image\/"},"sameAs":["https:\/\/www.facebook.com\/TheHedgehogFactory","https:\/\/www.instagram.com\/thfcreations\/","https:\/\/fr.pinterest.com\/TheHedgehogFactory\/"]}]}},"_links":{"self":[{"href":"https:\/\/thehedgehogfactory.com\/et\/wp-json\/wp\/v2\/product\/5594","targetHints":{"allow":["GET"]}}],"collection":[{"href":"https:\/\/thehedgehogfactory.com\/et\/wp-json\/wp\/v2\/product"}],"about":[{"href":"https:\/\/thehedgehogfactory.com\/et\/wp-json\/wp\/v2\/types\/product"}],"replies":[{"embeddable":true,"href":"https:\/\/thehedgehogfactory.com\/et\/wp-json\/wp\/v2\/comments?post=5594"}],"version-history":[{"count":0,"href":"https:\/\/thehedgehogfactory.com\/et\/wp-json\/wp\/v2\/product\/5594\/revisions"}],"wp:featuredmedia":[{"embeddable":true,"href":"https:\/\/thehedgehogfactory.com\/et\/wp-json\/wp\/v2\/media\/5586"}],"wp:attachment":[{"href":"https:\/\/thehedgehogfactory.com\/et\/wp-json\/wp\/v2\/media?parent=5594"}],"wp:term":[{"taxonomy":"product_brand","embeddable":true,"href":"https:\/\/thehedgehogfactory.com\/et\/wp-json\/wp\/v2\/product_brand?post=5594"},{"taxonomy":"product_cat","embeddable":true,"href":"https:\/\/thehedgehogfactory.com\/et\/wp-json\/wp\/v2\/product_cat?post=5594"},{"taxonomy":"product_tag","embeddable":true,"href":"https:\/\/thehedgehogfactory.com\/et\/wp-json\/wp\/v2\/product_tag?post=5594"}],"curies":[{"name":"wp","href":"https:\/\/api.w.org\/{rel}","templated":true}]}}