{"id":5475,"date":"2026-04-15T14:19:45","date_gmt":"2026-04-15T12:19:45","guid":{"rendered":"https:\/\/thehedgehogfactory.com\/produit\/hexalight-lamp\/"},"modified":"2026-04-15T15:52:06","modified_gmt":"2026-04-15T13:52:06","slug":"hexalight-lamp","status":"publish","type":"product","link":"https:\/\/thehedgehogfactory.com\/et\/produit\/hexalight-lamp\/","title":{"rendered":"Lamp HexaLight"},"content":{"rendered":"<p>ExaLight on ainulaadne disainlamp, mis on valmistatud t\u00e4ielikult 3D-printimise tehnoloogiaga. See innovaatiline l\u00e4henemine v\u00f5imaldab luua keerukaid ja elegantseid vorme, mida traditsiooniliste meetoditega on v\u00f5imatu saavutada. <\/p>\n<p>Selle looduslikest kuusnurksetest struktuuridest inspireeritud a\u017euurne jalg m\u00e4ngib valgusega, luues peene ja moodsa visuaalse efekti. Iga detail r\u00f5hutab lisandtootmise meisterlikkust oma t\u00e4psete joonte ja kaasaegse viimistlusega. <\/p>\n<p>Selle silindriline lambivari hajutab valgust pehmelt ja \u00fchtlaselt, sobides ideaalselt sooja atmosf\u00e4\u00e4ri loomiseks elutuppa, magamistuppa v\u00f5i kontorisse. Olles \u00fchtaegu nii funktsionaalne kui ka dekoratiivne, sobitub ExaLight suurep\u00e4raselt moodsasse ja minimalistlikku interj\u00f6\u00f6ri. <\/p>\n<p>Saadaval mitmes viimistluses (must, kuldne, h\u00f5bedane, valge), kohandub see iga stiiliga ja on t\u00f5eline sisekujunduselement.<\/p>\n<p>ExaLight on 3D-printimise abil s\u00fcndinud innovaatiline lamp, mis on loodud sinu kodu valgustamiseks ja v\u00e4\u00e4ristamiseks.<\/p>\n<p>Jala m\u00f5\u00f5tmed: 10 x 10 x 13 cm \u2013 Lambivarju m\u00f5\u00f5tmed: 22 x 22 x 16 cm (Laualamp: M)<\/p>\n<p>Jala m\u00f5\u00f5tmed: 15 x 15 x 19,5 cm \u2013 Lambivarju m\u00f5\u00f5tmed: 33 x 33 x 24 cm (Lamp: L)<\/p>\n<p><em>Iga looming valmib tellimuse peale ja on ainulaadne t\u00fckk; seega v\u00f5ivad v\u00e4rvid esemeti veidi erineda.<\/em><\/p>\n","protected":false},"excerpt":{"rendered":"<p>ExaLight on t\u00e4ielikult 3D-prinditud disainlamp, milles kohtuvad innovatsioon ja esteetika. Selle kuusnurkse mustriga a\u017euurne jalg hajutab valgust pehmelt, lisades sinu interj\u00f6\u00f6rile kaasaegse puudutuse. <\/p>\n","protected":false},"featured_media":5464,"comment_status":"open","ping_status":"closed","template":"","meta":[],"product_brand":[],"product_cat":[131],"product_tag":[],"class_list":{"0":"post-5475","1":"product","2":"type-product","3":"status-publish","4":"has-post-thumbnail","6":"product_cat-lamp","7":"product_shipping_class-hapras","9":"entry","10":"has-media","12":"first","13":"instock","14":"taxable","15":"shipping-taxable","16":"purchasable","17":"product-type-variable","18":"add-to-wishlist-after_add_to_cart","19":"has-product-nav","20":"col","21":"span_1_of_3","22":"owp-content-center","23":"owp-thumbs-layout-horizontal","24":"owp-btn-normal","25":"owp-tabs-layout-horizontal"},"yoast_head":"<!-- This site is optimized with the Yoast SEO plugin v27.4 - https:\/\/yoast.com\/product\/yoast-seo-wordpress\/ -->\n<title>Lamp HexaLight - The Hedgehog Factory<\/title>\n<meta name=\"description\" content=\"ExaLight on t\u00e4ielikult 3D-prinditud disainlamp, milles kohtuvad innovatsioon ja esteetika. Selle kuusnurkse mustriga a\u017euurne jalg hajutab valgust pehmelt, lisades sinu interj\u00f6\u00f6rile kaasaegse puudutuse.\" \/>\n<meta name=\"robots\" content=\"index, follow, max-snippet:-1, max-image-preview:large, max-video-preview:-1\" \/>\n<link rel=\"canonical\" href=\"https:\/\/thehedgehogfactory.com\/et\/produit\/hexalight-lamp\/\" \/>\n<meta property=\"og:locale\" content=\"et_EE\" \/>\n<meta property=\"og:type\" content=\"article\" \/>\n<meta property=\"og:title\" content=\"Lamp HexaLight - The Hedgehog Factory\" \/>\n<meta property=\"og:description\" content=\"ExaLight on t\u00e4ielikult 3D-prinditud disainlamp, milles kohtuvad innovatsioon ja esteetika. Selle kuusnurkse mustriga a\u017euurne jalg hajutab valgust pehmelt, lisades sinu interj\u00f6\u00f6rile kaasaegse puudutuse.\" \/>\n<meta property=\"og:url\" content=\"https:\/\/thehedgehogfactory.com\/et\/produit\/hexalight-lamp\/\" \/>\n<meta property=\"og:site_name\" content=\"The Hedgehog Factory\" \/>\n<meta property=\"article:publisher\" content=\"https:\/\/www.facebook.com\/TheHedgehogFactory\" \/>\n<meta property=\"article:modified_time\" content=\"2026-04-15T13:52:06+00:00\" \/>\n<meta property=\"og:image\" content=\"https:\/\/thehedgehogfactory.com\/wp-content\/uploads\/2026\/04\/Hexalight-RougeNoir.png\" \/>\n\t<meta property=\"og:image:width\" content=\"1024\" \/>\n\t<meta property=\"og:image:height\" content=\"1536\" \/>\n\t<meta property=\"og:image:type\" content=\"image\/png\" \/>\n<meta name=\"twitter:card\" content=\"summary_large_image\" \/>\n<meta name=\"twitter:label1\" content=\"Est. reading time\" \/>\n\t<meta name=\"twitter:data1\" content=\"1 minut\" \/>\n<script type=\"application\/ld+json\" class=\"yoast-schema-graph\">{\"@context\":\"https:\\\/\\\/schema.org\",\"@graph\":[{\"@type\":\"WebPage\",\"@id\":\"https:\\\/\\\/thehedgehogfactory.com\\\/et\\\/produit\\\/hexalight-lamp\\\/\",\"url\":\"https:\\\/\\\/thehedgehogfactory.com\\\/et\\\/produit\\\/hexalight-lamp\\\/\",\"name\":\"Lamp HexaLight - The Hedgehog Factory\",\"isPartOf\":{\"@id\":\"https:\\\/\\\/thehedgehogfactory.com\\\/#website\"},\"primaryImageOfPage\":{\"@id\":\"https:\\\/\\\/thehedgehogfactory.com\\\/et\\\/produit\\\/hexalight-lamp\\\/#primaryimage\"},\"image\":{\"@id\":\"https:\\\/\\\/thehedgehogfactory.com\\\/et\\\/produit\\\/hexalight-lamp\\\/#primaryimage\"},\"thumbnailUrl\":\"https:\\\/\\\/thehedgehogfactory.com\\\/wp-content\\\/uploads\\\/2026\\\/04\\\/Hexalight-RougeNoir.png\",\"datePublished\":\"2026-04-15T12:19:45+00:00\",\"dateModified\":\"2026-04-15T13:52:06+00:00\",\"description\":\"ExaLight on t\u00e4ielikult 3D-prinditud disainlamp, milles kohtuvad innovatsioon ja esteetika. Selle kuusnurkse mustriga a\u017euurne jalg hajutab valgust pehmelt, lisades sinu interj\u00f6\u00f6rile kaasaegse puudutuse.\",\"breadcrumb\":{\"@id\":\"https:\\\/\\\/thehedgehogfactory.com\\\/et\\\/produit\\\/hexalight-lamp\\\/#breadcrumb\"},\"inLanguage\":\"et\",\"potentialAction\":[{\"@type\":\"ReadAction\",\"target\":[\"https:\\\/\\\/thehedgehogfactory.com\\\/et\\\/produit\\\/hexalight-lamp\\\/\"]}]},{\"@type\":\"ImageObject\",\"inLanguage\":\"et\",\"@id\":\"https:\\\/\\\/thehedgehogfactory.com\\\/et\\\/produit\\\/hexalight-lamp\\\/#primaryimage\",\"url\":\"https:\\\/\\\/thehedgehogfactory.com\\\/wp-content\\\/uploads\\\/2026\\\/04\\\/Hexalight-RougeNoir.png\",\"contentUrl\":\"https:\\\/\\\/thehedgehogfactory.com\\\/wp-content\\\/uploads\\\/2026\\\/04\\\/Hexalight-RougeNoir.png\",\"width\":1024,\"height\":1536},{\"@type\":\"BreadcrumbList\",\"@id\":\"https:\\\/\\\/thehedgehogfactory.com\\\/et\\\/produit\\\/hexalight-lamp\\\/#breadcrumb\",\"itemListElement\":[{\"@type\":\"ListItem\",\"position\":1,\"name\":\"Accueil\",\"item\":\"https:\\\/\\\/thehedgehogfactory.com\\\/\"},{\"@type\":\"ListItem\",\"position\":2,\"name\":\"Pood*\",\"item\":\"https:\\\/\\\/thehedgehogfactory.com\\\/et\\\/pood\\\/\"},{\"@type\":\"ListItem\",\"position\":3,\"name\":\"Lamp HexaLight\"}]},{\"@type\":\"WebSite\",\"@id\":\"https:\\\/\\\/thehedgehogfactory.com\\\/#website\",\"url\":\"https:\\\/\\\/thehedgehogfactory.com\\\/\",\"name\":\"The Hedgehog Factory\",\"description\":\"Quand l\u2019impression 3D rencontre la d\u00e9co\",\"publisher\":{\"@id\":\"https:\\\/\\\/thehedgehogfactory.com\\\/#organization\"},\"potentialAction\":[{\"@type\":\"SearchAction\",\"target\":{\"@type\":\"EntryPoint\",\"urlTemplate\":\"https:\\\/\\\/thehedgehogfactory.com\\\/?s={search_term_string}\"},\"query-input\":{\"@type\":\"PropertyValueSpecification\",\"valueRequired\":true,\"valueName\":\"search_term_string\"}}],\"inLanguage\":\"et\"},{\"@type\":\"Organization\",\"@id\":\"https:\\\/\\\/thehedgehogfactory.com\\\/#organization\",\"name\":\"The Hedgehog Factory\",\"url\":\"https:\\\/\\\/thehedgehogfactory.com\\\/\",\"logo\":{\"@type\":\"ImageObject\",\"inLanguage\":\"et\",\"@id\":\"https:\\\/\\\/thehedgehogfactory.com\\\/#\\\/schema\\\/logo\\\/image\\\/\",\"url\":\"https:\\\/\\\/thehedgehogfactory.com\\\/wp-content\\\/uploads\\\/2025\\\/04\\\/la-fabrique-3.webp\",\"contentUrl\":\"https:\\\/\\\/thehedgehogfactory.com\\\/wp-content\\\/uploads\\\/2025\\\/04\\\/la-fabrique-3.webp\",\"width\":500,\"height\":500,\"caption\":\"The Hedgehog Factory\"},\"image\":{\"@id\":\"https:\\\/\\\/thehedgehogfactory.com\\\/#\\\/schema\\\/logo\\\/image\\\/\"},\"sameAs\":[\"https:\\\/\\\/www.facebook.com\\\/TheHedgehogFactory\",\"https:\\\/\\\/www.instagram.com\\\/thfcreations\\\/\",\"https:\\\/\\\/fr.pinterest.com\\\/TheHedgehogFactory\\\/\"]}]}<\/script>\n<!-- \/ Yoast SEO plugin. -->","yoast_head_json":{"title":"Lamp HexaLight - The Hedgehog Factory","description":"ExaLight on t\u00e4ielikult 3D-prinditud disainlamp, milles kohtuvad innovatsioon ja esteetika. Selle kuusnurkse mustriga a\u017euurne jalg hajutab valgust pehmelt, lisades sinu interj\u00f6\u00f6rile kaasaegse puudutuse.","robots":{"index":"index","follow":"follow","max-snippet":"max-snippet:-1","max-image-preview":"max-image-preview:large","max-video-preview":"max-video-preview:-1"},"canonical":"https:\/\/thehedgehogfactory.com\/et\/produit\/hexalight-lamp\/","og_locale":"et_EE","og_type":"article","og_title":"Lamp HexaLight - The Hedgehog Factory","og_description":"ExaLight on t\u00e4ielikult 3D-prinditud disainlamp, milles kohtuvad innovatsioon ja esteetika. Selle kuusnurkse mustriga a\u017euurne jalg hajutab valgust pehmelt, lisades sinu interj\u00f6\u00f6rile kaasaegse puudutuse.","og_url":"https:\/\/thehedgehogfactory.com\/et\/produit\/hexalight-lamp\/","og_site_name":"The Hedgehog Factory","article_publisher":"https:\/\/www.facebook.com\/TheHedgehogFactory","article_modified_time":"2026-04-15T13:52:06+00:00","og_image":[{"width":1024,"height":1536,"url":"https:\/\/thehedgehogfactory.com\/wp-content\/uploads\/2026\/04\/Hexalight-RougeNoir.png","type":"image\/png"}],"twitter_card":"summary_large_image","twitter_misc":{"Est. reading time":"1 minut"},"schema":{"@context":"https:\/\/schema.org","@graph":[{"@type":"WebPage","@id":"https:\/\/thehedgehogfactory.com\/et\/produit\/hexalight-lamp\/","url":"https:\/\/thehedgehogfactory.com\/et\/produit\/hexalight-lamp\/","name":"Lamp HexaLight - The Hedgehog Factory","isPartOf":{"@id":"https:\/\/thehedgehogfactory.com\/#website"},"primaryImageOfPage":{"@id":"https:\/\/thehedgehogfactory.com\/et\/produit\/hexalight-lamp\/#primaryimage"},"image":{"@id":"https:\/\/thehedgehogfactory.com\/et\/produit\/hexalight-lamp\/#primaryimage"},"thumbnailUrl":"https:\/\/thehedgehogfactory.com\/wp-content\/uploads\/2026\/04\/Hexalight-RougeNoir.png","datePublished":"2026-04-15T12:19:45+00:00","dateModified":"2026-04-15T13:52:06+00:00","description":"ExaLight on t\u00e4ielikult 3D-prinditud disainlamp, milles kohtuvad innovatsioon ja esteetika. Selle kuusnurkse mustriga a\u017euurne jalg hajutab valgust pehmelt, lisades sinu interj\u00f6\u00f6rile kaasaegse puudutuse.","breadcrumb":{"@id":"https:\/\/thehedgehogfactory.com\/et\/produit\/hexalight-lamp\/#breadcrumb"},"inLanguage":"et","potentialAction":[{"@type":"ReadAction","target":["https:\/\/thehedgehogfactory.com\/et\/produit\/hexalight-lamp\/"]}]},{"@type":"ImageObject","inLanguage":"et","@id":"https:\/\/thehedgehogfactory.com\/et\/produit\/hexalight-lamp\/#primaryimage","url":"https:\/\/thehedgehogfactory.com\/wp-content\/uploads\/2026\/04\/Hexalight-RougeNoir.png","contentUrl":"https:\/\/thehedgehogfactory.com\/wp-content\/uploads\/2026\/04\/Hexalight-RougeNoir.png","width":1024,"height":1536},{"@type":"BreadcrumbList","@id":"https:\/\/thehedgehogfactory.com\/et\/produit\/hexalight-lamp\/#breadcrumb","itemListElement":[{"@type":"ListItem","position":1,"name":"Accueil","item":"https:\/\/thehedgehogfactory.com\/"},{"@type":"ListItem","position":2,"name":"Pood*","item":"https:\/\/thehedgehogfactory.com\/et\/pood\/"},{"@type":"ListItem","position":3,"name":"Lamp HexaLight"}]},{"@type":"WebSite","@id":"https:\/\/thehedgehogfactory.com\/#website","url":"https:\/\/thehedgehogfactory.com\/","name":"The Hedgehog Factory","description":"Quand l\u2019impression 3D rencontre la d\u00e9co","publisher":{"@id":"https:\/\/thehedgehogfactory.com\/#organization"},"potentialAction":[{"@type":"SearchAction","target":{"@type":"EntryPoint","urlTemplate":"https:\/\/thehedgehogfactory.com\/?s={search_term_string}"},"query-input":{"@type":"PropertyValueSpecification","valueRequired":true,"valueName":"search_term_string"}}],"inLanguage":"et"},{"@type":"Organization","@id":"https:\/\/thehedgehogfactory.com\/#organization","name":"The Hedgehog Factory","url":"https:\/\/thehedgehogfactory.com\/","logo":{"@type":"ImageObject","inLanguage":"et","@id":"https:\/\/thehedgehogfactory.com\/#\/schema\/logo\/image\/","url":"https:\/\/thehedgehogfactory.com\/wp-content\/uploads\/2025\/04\/la-fabrique-3.webp","contentUrl":"https:\/\/thehedgehogfactory.com\/wp-content\/uploads\/2025\/04\/la-fabrique-3.webp","width":500,"height":500,"caption":"The Hedgehog Factory"},"image":{"@id":"https:\/\/thehedgehogfactory.com\/#\/schema\/logo\/image\/"},"sameAs":["https:\/\/www.facebook.com\/TheHedgehogFactory","https:\/\/www.instagram.com\/thfcreations\/","https:\/\/fr.pinterest.com\/TheHedgehogFactory\/"]}]}},"_links":{"self":[{"href":"https:\/\/thehedgehogfactory.com\/et\/wp-json\/wp\/v2\/product\/5475","targetHints":{"allow":["GET"]}}],"collection":[{"href":"https:\/\/thehedgehogfactory.com\/et\/wp-json\/wp\/v2\/product"}],"about":[{"href":"https:\/\/thehedgehogfactory.com\/et\/wp-json\/wp\/v2\/types\/product"}],"replies":[{"embeddable":true,"href":"https:\/\/thehedgehogfactory.com\/et\/wp-json\/wp\/v2\/comments?post=5475"}],"version-history":[{"count":1,"href":"https:\/\/thehedgehogfactory.com\/et\/wp-json\/wp\/v2\/product\/5475\/revisions"}],"predecessor-version":[{"id":5517,"href":"https:\/\/thehedgehogfactory.com\/et\/wp-json\/wp\/v2\/product\/5475\/revisions\/5517"}],"wp:featuredmedia":[{"embeddable":true,"href":"https:\/\/thehedgehogfactory.com\/et\/wp-json\/wp\/v2\/media\/5464"}],"wp:attachment":[{"href":"https:\/\/thehedgehogfactory.com\/et\/wp-json\/wp\/v2\/media?parent=5475"}],"wp:term":[{"taxonomy":"product_brand","embeddable":true,"href":"https:\/\/thehedgehogfactory.com\/et\/wp-json\/wp\/v2\/product_brand?post=5475"},{"taxonomy":"product_cat","embeddable":true,"href":"https:\/\/thehedgehogfactory.com\/et\/wp-json\/wp\/v2\/product_cat?post=5475"},{"taxonomy":"product_tag","embeddable":true,"href":"https:\/\/thehedgehogfactory.com\/et\/wp-json\/wp\/v2\/product_tag?post=5475"}],"curies":[{"name":"wp","href":"https:\/\/api.w.org\/{rel}","templated":true}]}}