{"id":5419,"date":"2026-03-27T13:17:35","date_gmt":"2026-03-27T12:17:35","guid":{"rendered":"https:\/\/thehedgehogfactory.com\/produit\/vaas-fluxa\/"},"modified":"2026-04-20T14:30:08","modified_gmt":"2026-04-20T12:30:08","slug":"vaas-fluxa","status":"publish","type":"product","link":"https:\/\/thehedgehogfactory.com\/et\/produit\/vaas-fluxa\/","title":{"rendered":"Vaas Fluxa"},"content":{"rendered":"<p>Vaas Fluxa eristub oma voolava ja d\u00fcnaamilise disainiga, mis on inspireeritud liikumisest ja kergusest. Selle keeruline struktuur loob peene m\u00e4ngu t\u00e4idetud ja t\u00fchjade osade vahel, lastes valgust l\u00e4bi ja paljastades joonte kogu peenuse. <\/p>\n<p>T\u00f5eline dekoratiivne ese, Fluxa k\u00f6idab pilku isegi ilma lilledeta. Koos lillekimbuga rikastab see kompositsioone, lisades neile reljeefset ja kaasaegset puudutust. <\/p>\n<p>Loodud sobima nii minimalistlikku kui sooja interj\u00f6\u00f6ri, on see saadaval mitmes viimistluses (valge, must, kuldne, h\u00f5bedane), et sobida igasse keskkonda.<\/p>\n<p>Rohkem kui lihtsalt vaas, Fluxa on disainiobjekt, mis muudab sinu ruumi ja v\u00e4ljendab sinu stiili.<\/p>\n<p>Suurus M: 14,20 x 14,20 x 32 cm<br \/>\nSuurus S: 9,5 x 9,5 x 22 cm<\/p>\n<p><em>Iga looming valmib tellimuse peale ja on ainulaadne t\u00fckk; seega v\u00f5ivad v\u00e4rvid esemeti veidi erineda.<\/em><\/p>\n","protected":false},"excerpt":{"rendered":"<p>Fluxa on disainvaas keeruliste joontega, mis m\u00e4ngib valguse ja mahuga. Elegantne ja kaasaegne, lisab see sinu interj\u00f6\u00f6rile skulpturaalse puudutuse, \u00fcksi v\u00f5i koos lilledega. <\/p>\n","protected":false},"featured_media":5411,"comment_status":"open","ping_status":"closed","template":"","meta":[],"product_brand":[],"product_cat":[130],"product_tag":[],"class_list":{"0":"post-5419","1":"product","2":"type-product","3":"status-publish","4":"has-post-thumbnail","6":"product_cat-vaas","7":"product_shipping_class-hapras","9":"entry","10":"has-media","12":"first","13":"instock","14":"taxable","15":"shipping-taxable","16":"purchasable","17":"product-type-variable","18":"add-to-wishlist-after_add_to_cart","19":"has-product-nav","20":"col","21":"span_1_of_3","22":"owp-content-center","23":"owp-thumbs-layout-horizontal","24":"owp-btn-normal","25":"owp-tabs-layout-horizontal"},"yoast_head":"<!-- This site is optimized with the Yoast SEO plugin v27.4 - https:\/\/yoast.com\/product\/yoast-seo-wordpress\/ -->\n<title>Vaas Fluxa - The Hedgehog Factory<\/title>\n<meta name=\"description\" content=\"Fluxa on disainvaas keeruliste joontega, mis m\u00e4ngib valguse ja mahuga. Elegantne ja kaasaegne, lisab see sinu interj\u00f6\u00f6rile skulpturaalse puudutuse, \u00fcksi v\u00f5i koos lilledega.\" \/>\n<meta name=\"robots\" content=\"index, follow, max-snippet:-1, max-image-preview:large, max-video-preview:-1\" \/>\n<link rel=\"canonical\" href=\"https:\/\/thehedgehogfactory.com\/et\/produit\/vaas-fluxa\/\" \/>\n<meta property=\"og:locale\" content=\"et_EE\" \/>\n<meta property=\"og:type\" content=\"article\" \/>\n<meta property=\"og:title\" content=\"Vaas Fluxa - The Hedgehog Factory\" \/>\n<meta property=\"og:description\" content=\"Fluxa on disainvaas keeruliste joontega, mis m\u00e4ngib valguse ja mahuga. Elegantne ja kaasaegne, lisab see sinu interj\u00f6\u00f6rile skulpturaalse puudutuse, \u00fcksi v\u00f5i koos lilledega.\" \/>\n<meta property=\"og:url\" content=\"https:\/\/thehedgehogfactory.com\/et\/produit\/vaas-fluxa\/\" \/>\n<meta property=\"og:site_name\" content=\"The Hedgehog Factory\" \/>\n<meta property=\"article:publisher\" content=\"https:\/\/www.facebook.com\/TheHedgehogFactory\" \/>\n<meta property=\"article:modified_time\" content=\"2026-04-20T12:30:08+00:00\" \/>\n<meta property=\"og:image\" content=\"https:\/\/thehedgehogfactory.com\/wp-content\/uploads\/2026\/03\/Fluxa_Blanc-683x1024.png\" \/>\n\t<meta property=\"og:image:width\" content=\"683\" \/>\n\t<meta property=\"og:image:height\" content=\"1024\" \/>\n\t<meta property=\"og:image:type\" content=\"image\/png\" \/>\n<meta name=\"twitter:card\" content=\"summary_large_image\" \/>\n<meta name=\"twitter:label1\" content=\"Est. reading time\" \/>\n\t<meta name=\"twitter:data1\" content=\"1 minut\" \/>\n<script type=\"application\/ld+json\" class=\"yoast-schema-graph\">{\"@context\":\"https:\\\/\\\/schema.org\",\"@graph\":[{\"@type\":\"WebPage\",\"@id\":\"https:\\\/\\\/thehedgehogfactory.com\\\/et\\\/produit\\\/vaas-fluxa\\\/\",\"url\":\"https:\\\/\\\/thehedgehogfactory.com\\\/et\\\/produit\\\/vaas-fluxa\\\/\",\"name\":\"Vaas Fluxa - The Hedgehog Factory\",\"isPartOf\":{\"@id\":\"https:\\\/\\\/thehedgehogfactory.com\\\/#website\"},\"primaryImageOfPage\":{\"@id\":\"https:\\\/\\\/thehedgehogfactory.com\\\/et\\\/produit\\\/vaas-fluxa\\\/#primaryimage\"},\"image\":{\"@id\":\"https:\\\/\\\/thehedgehogfactory.com\\\/et\\\/produit\\\/vaas-fluxa\\\/#primaryimage\"},\"thumbnailUrl\":\"https:\\\/\\\/thehedgehogfactory.com\\\/wp-content\\\/uploads\\\/2026\\\/03\\\/Fluxa_Blanc.png\",\"datePublished\":\"2026-03-27T12:17:35+00:00\",\"dateModified\":\"2026-04-20T12:30:08+00:00\",\"description\":\"Fluxa on disainvaas keeruliste joontega, mis m\u00e4ngib valguse ja mahuga. Elegantne ja kaasaegne, lisab see sinu interj\u00f6\u00f6rile skulpturaalse puudutuse, \u00fcksi v\u00f5i koos lilledega.\",\"breadcrumb\":{\"@id\":\"https:\\\/\\\/thehedgehogfactory.com\\\/et\\\/produit\\\/vaas-fluxa\\\/#breadcrumb\"},\"inLanguage\":\"et\",\"potentialAction\":[{\"@type\":\"ReadAction\",\"target\":[\"https:\\\/\\\/thehedgehogfactory.com\\\/et\\\/produit\\\/vaas-fluxa\\\/\"]}]},{\"@type\":\"ImageObject\",\"inLanguage\":\"et\",\"@id\":\"https:\\\/\\\/thehedgehogfactory.com\\\/et\\\/produit\\\/vaas-fluxa\\\/#primaryimage\",\"url\":\"https:\\\/\\\/thehedgehogfactory.com\\\/wp-content\\\/uploads\\\/2026\\\/03\\\/Fluxa_Blanc.png\",\"contentUrl\":\"https:\\\/\\\/thehedgehogfactory.com\\\/wp-content\\\/uploads\\\/2026\\\/03\\\/Fluxa_Blanc.png\",\"width\":1024,\"height\":1536},{\"@type\":\"BreadcrumbList\",\"@id\":\"https:\\\/\\\/thehedgehogfactory.com\\\/et\\\/produit\\\/vaas-fluxa\\\/#breadcrumb\",\"itemListElement\":[{\"@type\":\"ListItem\",\"position\":1,\"name\":\"Accueil\",\"item\":\"https:\\\/\\\/thehedgehogfactory.com\\\/\"},{\"@type\":\"ListItem\",\"position\":2,\"name\":\"Pood*\",\"item\":\"https:\\\/\\\/thehedgehogfactory.com\\\/et\\\/pood\\\/\"},{\"@type\":\"ListItem\",\"position\":3,\"name\":\"Vaas Fluxa\"}]},{\"@type\":\"WebSite\",\"@id\":\"https:\\\/\\\/thehedgehogfactory.com\\\/#website\",\"url\":\"https:\\\/\\\/thehedgehogfactory.com\\\/\",\"name\":\"The Hedgehog Factory\",\"description\":\"Quand l\u2019impression 3D rencontre la d\u00e9co\",\"publisher\":{\"@id\":\"https:\\\/\\\/thehedgehogfactory.com\\\/#organization\"},\"potentialAction\":[{\"@type\":\"SearchAction\",\"target\":{\"@type\":\"EntryPoint\",\"urlTemplate\":\"https:\\\/\\\/thehedgehogfactory.com\\\/?s={search_term_string}\"},\"query-input\":{\"@type\":\"PropertyValueSpecification\",\"valueRequired\":true,\"valueName\":\"search_term_string\"}}],\"inLanguage\":\"et\"},{\"@type\":\"Organization\",\"@id\":\"https:\\\/\\\/thehedgehogfactory.com\\\/#organization\",\"name\":\"The Hedgehog Factory\",\"url\":\"https:\\\/\\\/thehedgehogfactory.com\\\/\",\"logo\":{\"@type\":\"ImageObject\",\"inLanguage\":\"et\",\"@id\":\"https:\\\/\\\/thehedgehogfactory.com\\\/#\\\/schema\\\/logo\\\/image\\\/\",\"url\":\"https:\\\/\\\/thehedgehogfactory.com\\\/wp-content\\\/uploads\\\/2025\\\/04\\\/la-fabrique-3.webp\",\"contentUrl\":\"https:\\\/\\\/thehedgehogfactory.com\\\/wp-content\\\/uploads\\\/2025\\\/04\\\/la-fabrique-3.webp\",\"width\":500,\"height\":500,\"caption\":\"The Hedgehog Factory\"},\"image\":{\"@id\":\"https:\\\/\\\/thehedgehogfactory.com\\\/#\\\/schema\\\/logo\\\/image\\\/\"},\"sameAs\":[\"https:\\\/\\\/www.facebook.com\\\/TheHedgehogFactory\",\"https:\\\/\\\/www.instagram.com\\\/thfcreations\\\/\",\"https:\\\/\\\/fr.pinterest.com\\\/TheHedgehogFactory\\\/\"]}]}<\/script>\n<!-- \/ Yoast SEO plugin. -->","yoast_head_json":{"title":"Vaas Fluxa - The Hedgehog Factory","description":"Fluxa on disainvaas keeruliste joontega, mis m\u00e4ngib valguse ja mahuga. Elegantne ja kaasaegne, lisab see sinu interj\u00f6\u00f6rile skulpturaalse puudutuse, \u00fcksi v\u00f5i koos lilledega.","robots":{"index":"index","follow":"follow","max-snippet":"max-snippet:-1","max-image-preview":"max-image-preview:large","max-video-preview":"max-video-preview:-1"},"canonical":"https:\/\/thehedgehogfactory.com\/et\/produit\/vaas-fluxa\/","og_locale":"et_EE","og_type":"article","og_title":"Vaas Fluxa - The Hedgehog Factory","og_description":"Fluxa on disainvaas keeruliste joontega, mis m\u00e4ngib valguse ja mahuga. Elegantne ja kaasaegne, lisab see sinu interj\u00f6\u00f6rile skulpturaalse puudutuse, \u00fcksi v\u00f5i koos lilledega.","og_url":"https:\/\/thehedgehogfactory.com\/et\/produit\/vaas-fluxa\/","og_site_name":"The Hedgehog Factory","article_publisher":"https:\/\/www.facebook.com\/TheHedgehogFactory","article_modified_time":"2026-04-20T12:30:08+00:00","og_image":[{"width":683,"height":1024,"url":"https:\/\/thehedgehogfactory.com\/wp-content\/uploads\/2026\/03\/Fluxa_Blanc-683x1024.png","type":"image\/png"}],"twitter_card":"summary_large_image","twitter_misc":{"Est. reading time":"1 minut"},"schema":{"@context":"https:\/\/schema.org","@graph":[{"@type":"WebPage","@id":"https:\/\/thehedgehogfactory.com\/et\/produit\/vaas-fluxa\/","url":"https:\/\/thehedgehogfactory.com\/et\/produit\/vaas-fluxa\/","name":"Vaas Fluxa - The Hedgehog Factory","isPartOf":{"@id":"https:\/\/thehedgehogfactory.com\/#website"},"primaryImageOfPage":{"@id":"https:\/\/thehedgehogfactory.com\/et\/produit\/vaas-fluxa\/#primaryimage"},"image":{"@id":"https:\/\/thehedgehogfactory.com\/et\/produit\/vaas-fluxa\/#primaryimage"},"thumbnailUrl":"https:\/\/thehedgehogfactory.com\/wp-content\/uploads\/2026\/03\/Fluxa_Blanc.png","datePublished":"2026-03-27T12:17:35+00:00","dateModified":"2026-04-20T12:30:08+00:00","description":"Fluxa on disainvaas keeruliste joontega, mis m\u00e4ngib valguse ja mahuga. Elegantne ja kaasaegne, lisab see sinu interj\u00f6\u00f6rile skulpturaalse puudutuse, \u00fcksi v\u00f5i koos lilledega.","breadcrumb":{"@id":"https:\/\/thehedgehogfactory.com\/et\/produit\/vaas-fluxa\/#breadcrumb"},"inLanguage":"et","potentialAction":[{"@type":"ReadAction","target":["https:\/\/thehedgehogfactory.com\/et\/produit\/vaas-fluxa\/"]}]},{"@type":"ImageObject","inLanguage":"et","@id":"https:\/\/thehedgehogfactory.com\/et\/produit\/vaas-fluxa\/#primaryimage","url":"https:\/\/thehedgehogfactory.com\/wp-content\/uploads\/2026\/03\/Fluxa_Blanc.png","contentUrl":"https:\/\/thehedgehogfactory.com\/wp-content\/uploads\/2026\/03\/Fluxa_Blanc.png","width":1024,"height":1536},{"@type":"BreadcrumbList","@id":"https:\/\/thehedgehogfactory.com\/et\/produit\/vaas-fluxa\/#breadcrumb","itemListElement":[{"@type":"ListItem","position":1,"name":"Accueil","item":"https:\/\/thehedgehogfactory.com\/"},{"@type":"ListItem","position":2,"name":"Pood*","item":"https:\/\/thehedgehogfactory.com\/et\/pood\/"},{"@type":"ListItem","position":3,"name":"Vaas Fluxa"}]},{"@type":"WebSite","@id":"https:\/\/thehedgehogfactory.com\/#website","url":"https:\/\/thehedgehogfactory.com\/","name":"The Hedgehog Factory","description":"Quand l\u2019impression 3D rencontre la d\u00e9co","publisher":{"@id":"https:\/\/thehedgehogfactory.com\/#organization"},"potentialAction":[{"@type":"SearchAction","target":{"@type":"EntryPoint","urlTemplate":"https:\/\/thehedgehogfactory.com\/?s={search_term_string}"},"query-input":{"@type":"PropertyValueSpecification","valueRequired":true,"valueName":"search_term_string"}}],"inLanguage":"et"},{"@type":"Organization","@id":"https:\/\/thehedgehogfactory.com\/#organization","name":"The Hedgehog Factory","url":"https:\/\/thehedgehogfactory.com\/","logo":{"@type":"ImageObject","inLanguage":"et","@id":"https:\/\/thehedgehogfactory.com\/#\/schema\/logo\/image\/","url":"https:\/\/thehedgehogfactory.com\/wp-content\/uploads\/2025\/04\/la-fabrique-3.webp","contentUrl":"https:\/\/thehedgehogfactory.com\/wp-content\/uploads\/2025\/04\/la-fabrique-3.webp","width":500,"height":500,"caption":"The Hedgehog Factory"},"image":{"@id":"https:\/\/thehedgehogfactory.com\/#\/schema\/logo\/image\/"},"sameAs":["https:\/\/www.facebook.com\/TheHedgehogFactory","https:\/\/www.instagram.com\/thfcreations\/","https:\/\/fr.pinterest.com\/TheHedgehogFactory\/"]}]}},"_links":{"self":[{"href":"https:\/\/thehedgehogfactory.com\/et\/wp-json\/wp\/v2\/product\/5419","targetHints":{"allow":["GET"]}}],"collection":[{"href":"https:\/\/thehedgehogfactory.com\/et\/wp-json\/wp\/v2\/product"}],"about":[{"href":"https:\/\/thehedgehogfactory.com\/et\/wp-json\/wp\/v2\/types\/product"}],"replies":[{"embeddable":true,"href":"https:\/\/thehedgehogfactory.com\/et\/wp-json\/wp\/v2\/comments?post=5419"}],"version-history":[{"count":1,"href":"https:\/\/thehedgehogfactory.com\/et\/wp-json\/wp\/v2\/product\/5419\/revisions"}],"predecessor-version":[{"id":5546,"href":"https:\/\/thehedgehogfactory.com\/et\/wp-json\/wp\/v2\/product\/5419\/revisions\/5546"}],"wp:featuredmedia":[{"embeddable":true,"href":"https:\/\/thehedgehogfactory.com\/et\/wp-json\/wp\/v2\/media\/5411"}],"wp:attachment":[{"href":"https:\/\/thehedgehogfactory.com\/et\/wp-json\/wp\/v2\/media?parent=5419"}],"wp:term":[{"taxonomy":"product_brand","embeddable":true,"href":"https:\/\/thehedgehogfactory.com\/et\/wp-json\/wp\/v2\/product_brand?post=5419"},{"taxonomy":"product_cat","embeddable":true,"href":"https:\/\/thehedgehogfactory.com\/et\/wp-json\/wp\/v2\/product_cat?post=5419"},{"taxonomy":"product_tag","embeddable":true,"href":"https:\/\/thehedgehogfactory.com\/et\/wp-json\/wp\/v2\/product_tag?post=5419"}],"curies":[{"name":"wp","href":"https:\/\/api.w.org\/{rel}","templated":true}]}}