{"id":5331,"date":"2026-03-05T10:41:15","date_gmt":"2026-03-05T09:41:15","guid":{"rendered":"https:\/\/thehedgehogfactory.com\/produit\/lamp-althea\/"},"modified":"2026-03-05T10:45:26","modified_gmt":"2026-03-05T09:45:26","slug":"lamp-althea","status":"publish","type":"product","link":"https:\/\/thehedgehogfactory.com\/et\/produit\/lamp-althea\/","title":{"rendered":"Lamp Alth\u00e9a"},"content":{"rendered":"<p data-start=\"597\" data-end=\"851\">Lamp <strong data-start=\"606\" data-end=\"616\">Alth\u00e9a<\/strong> on t\u00f5eline disainiese, milles kohtuvad elegants ja modernsus. Lille\u00f5ite looduslikest vormidest inspireeritud skulpturaalne jalg loob harmoonilise ja d\u00fcnaamilise reljeefi, mis p\u00fc\u00fcab pilku, j\u00e4\u00e4des samas t\u00e4iuslikult tasakaalustatuks. <\/p>\n<p data-start=\"853\" data-end=\"1143\">Selle sujuvad ja orgaanilised jooned loovad mulje liikuvast struktuurist, kus iga kumerus p\u00fc\u00fcab valgust, paljastades disaini kogu peenuse. Tagasihoidlik ja ajatu valge lambivari heidab pehmet ja \u00fcmbritsevat valgust, mis loob sooja ning rahustava atmosf\u00e4\u00e4ri. <\/p>\n<p data-start=\"1145\" data-end=\"1427\">Nii dekoratiiveseme kui valgustina loodud lamp <strong data-start=\"1210\" data-end=\"1220\">Alth\u00e9a<\/strong> sobib loomulikult elutuppa, magamistuppa v\u00f5i t\u00f6\u00f6ruumi. Selle kaasaegne ja peen stiil sulandub suurep\u00e4raselt nii moodsasse interj\u00f6\u00f6ri kui ka klassikalisemasse sisustusse. <\/p>\n<p data-start=\"1429\" data-end=\"1550\">Oma unikaalse disaini ja skulpturaalse iseloomuga ei piirdu <strong data-start=\"1481\" data-end=\"1491\">Alth\u00e9a<\/strong> vaid ruumi valgustamisega \u2013 see v\u00e4\u00e4ristab seda.<\/p>\n<p><em>Jala m\u00f5\u00f5dud: 16,60 x 16,60 x 22,62 cm \u2013 <\/em><em>Lambivarju m\u00f5\u00f5dud: 22 x 22 x 17 cm (Laualamp: M)<\/em><\/p>\n<p><em>Jala m\u00f5\u00f5dud: 24,92 x 24,92 x 33,92 cm \u2013 <\/em><em>Lambivarju m\u00f5\u00f5dud: 32,92 x 32,92 x 25,55 cm (Lamp: L)<\/em><\/p>\n<p><em>Iga looming valmib tellimuse peale ja on ainulaadne t\u00fckk; seega v\u00f5ivad v\u00e4rvid esemeti veidi erineda.<\/em><\/p>\n","protected":false},"excerpt":{"rendered":"<p>Lamp <strong data-start=\"221\" data-end=\"231\">Alth\u00e9a<\/strong> v\u00f5lub oma lille\u00f5itest inspireeritud skulpturaalse disainiga. Selle orgaaniliste kumerustega jalg loob peene valguse ja varju m\u00e4ngu, lisades su kodule kaasaegse ja rafineeritud ilme. Koos elegantse valge lambivarjuga heidab see pehmet ja sooja valgust, mis on ideaalne elutuppa, magamistuppa v\u00f5i kontorisse.  <\/p>\n","protected":false},"featured_media":5323,"comment_status":"open","ping_status":"closed","template":"","meta":[],"product_brand":[],"product_cat":[131],"product_tag":[],"class_list":{"0":"post-5331","1":"product","2":"type-product","3":"status-publish","4":"has-post-thumbnail","6":"product_cat-lamp","7":"product_shipping_class-hapras","9":"entry","10":"has-media","12":"first","13":"instock","14":"taxable","15":"shipping-taxable","16":"purchasable","17":"product-type-variable","18":"add-to-wishlist-after_add_to_cart","19":"has-product-nav","20":"col","21":"span_1_of_3","22":"owp-content-center","23":"owp-thumbs-layout-horizontal","24":"owp-btn-normal","25":"owp-tabs-layout-horizontal"},"yoast_head":"<!-- This site is optimized with the Yoast SEO plugin v27.4 - https:\/\/yoast.com\/product\/yoast-seo-wordpress\/ -->\n<title>Lamp Alth\u00e9a - The Hedgehog Factory<\/title>\n<meta name=\"description\" content=\"Lamp Alth\u00e9a v\u00f5lub oma lille\u00f5itest inspireeritud skulpturaalse disainiga. Selle orgaaniliste kumerustega jalg loob peene valguse ja varju m\u00e4ngu, lisades su kodule kaasaegse ja rafineeritud ilme.\" \/>\n<meta name=\"robots\" content=\"index, follow, max-snippet:-1, max-image-preview:large, max-video-preview:-1\" \/>\n<link rel=\"canonical\" href=\"https:\/\/thehedgehogfactory.com\/et\/produit\/lamp-althea\/\" \/>\n<meta property=\"og:locale\" content=\"et_EE\" \/>\n<meta property=\"og:type\" content=\"article\" \/>\n<meta property=\"og:title\" content=\"Lamp Alth\u00e9a - The Hedgehog Factory\" \/>\n<meta property=\"og:description\" content=\"Lamp Alth\u00e9a v\u00f5lub oma lille\u00f5itest inspireeritud skulpturaalse disainiga. Selle orgaaniliste kumerustega jalg loob peene valguse ja varju m\u00e4ngu, lisades su kodule kaasaegse ja rafineeritud ilme.\" \/>\n<meta property=\"og:url\" content=\"https:\/\/thehedgehogfactory.com\/et\/produit\/lamp-althea\/\" \/>\n<meta property=\"og:site_name\" content=\"The Hedgehog Factory\" \/>\n<meta property=\"article:publisher\" content=\"https:\/\/www.facebook.com\/TheHedgehogFactory\" \/>\n<meta property=\"article:modified_time\" content=\"2026-03-05T09:45:26+00:00\" \/>\n<meta property=\"og:image\" content=\"https:\/\/thehedgehogfactory.com\/wp-content\/uploads\/2026\/03\/Althea_noir.png\" \/>\n\t<meta property=\"og:image:width\" content=\"1024\" \/>\n\t<meta property=\"og:image:height\" content=\"1536\" \/>\n\t<meta property=\"og:image:type\" content=\"image\/png\" \/>\n<meta name=\"twitter:card\" content=\"summary_large_image\" \/>\n<meta name=\"twitter:label1\" content=\"Est. reading time\" \/>\n\t<meta name=\"twitter:data1\" content=\"1 minut\" \/>\n<script type=\"application\/ld+json\" class=\"yoast-schema-graph\">{\"@context\":\"https:\\\/\\\/schema.org\",\"@graph\":[{\"@type\":\"WebPage\",\"@id\":\"https:\\\/\\\/thehedgehogfactory.com\\\/et\\\/produit\\\/lamp-althea\\\/\",\"url\":\"https:\\\/\\\/thehedgehogfactory.com\\\/et\\\/produit\\\/lamp-althea\\\/\",\"name\":\"Lamp Alth\u00e9a - The Hedgehog Factory\",\"isPartOf\":{\"@id\":\"https:\\\/\\\/thehedgehogfactory.com\\\/#website\"},\"primaryImageOfPage\":{\"@id\":\"https:\\\/\\\/thehedgehogfactory.com\\\/et\\\/produit\\\/lamp-althea\\\/#primaryimage\"},\"image\":{\"@id\":\"https:\\\/\\\/thehedgehogfactory.com\\\/et\\\/produit\\\/lamp-althea\\\/#primaryimage\"},\"thumbnailUrl\":\"https:\\\/\\\/thehedgehogfactory.com\\\/wp-content\\\/uploads\\\/2026\\\/03\\\/Althea_noir.png\",\"datePublished\":\"2026-03-05T09:41:15+00:00\",\"dateModified\":\"2026-03-05T09:45:26+00:00\",\"description\":\"Lamp Alth\u00e9a v\u00f5lub oma lille\u00f5itest inspireeritud skulpturaalse disainiga. Selle orgaaniliste kumerustega jalg loob peene valguse ja varju m\u00e4ngu, lisades su kodule kaasaegse ja rafineeritud ilme.\",\"breadcrumb\":{\"@id\":\"https:\\\/\\\/thehedgehogfactory.com\\\/et\\\/produit\\\/lamp-althea\\\/#breadcrumb\"},\"inLanguage\":\"et\",\"potentialAction\":[{\"@type\":\"ReadAction\",\"target\":[\"https:\\\/\\\/thehedgehogfactory.com\\\/et\\\/produit\\\/lamp-althea\\\/\"]}]},{\"@type\":\"ImageObject\",\"inLanguage\":\"et\",\"@id\":\"https:\\\/\\\/thehedgehogfactory.com\\\/et\\\/produit\\\/lamp-althea\\\/#primaryimage\",\"url\":\"https:\\\/\\\/thehedgehogfactory.com\\\/wp-content\\\/uploads\\\/2026\\\/03\\\/Althea_noir.png\",\"contentUrl\":\"https:\\\/\\\/thehedgehogfactory.com\\\/wp-content\\\/uploads\\\/2026\\\/03\\\/Althea_noir.png\",\"width\":1024,\"height\":1536},{\"@type\":\"BreadcrumbList\",\"@id\":\"https:\\\/\\\/thehedgehogfactory.com\\\/et\\\/produit\\\/lamp-althea\\\/#breadcrumb\",\"itemListElement\":[{\"@type\":\"ListItem\",\"position\":1,\"name\":\"Accueil\",\"item\":\"https:\\\/\\\/thehedgehogfactory.com\\\/\"},{\"@type\":\"ListItem\",\"position\":2,\"name\":\"Pood*\",\"item\":\"https:\\\/\\\/thehedgehogfactory.com\\\/et\\\/pood\\\/\"},{\"@type\":\"ListItem\",\"position\":3,\"name\":\"Lamp Alth\u00e9a\"}]},{\"@type\":\"WebSite\",\"@id\":\"https:\\\/\\\/thehedgehogfactory.com\\\/#website\",\"url\":\"https:\\\/\\\/thehedgehogfactory.com\\\/\",\"name\":\"The Hedgehog Factory\",\"description\":\"Quand l\u2019impression 3D rencontre la d\u00e9co\",\"publisher\":{\"@id\":\"https:\\\/\\\/thehedgehogfactory.com\\\/#organization\"},\"potentialAction\":[{\"@type\":\"SearchAction\",\"target\":{\"@type\":\"EntryPoint\",\"urlTemplate\":\"https:\\\/\\\/thehedgehogfactory.com\\\/?s={search_term_string}\"},\"query-input\":{\"@type\":\"PropertyValueSpecification\",\"valueRequired\":true,\"valueName\":\"search_term_string\"}}],\"inLanguage\":\"et\"},{\"@type\":\"Organization\",\"@id\":\"https:\\\/\\\/thehedgehogfactory.com\\\/#organization\",\"name\":\"The Hedgehog Factory\",\"url\":\"https:\\\/\\\/thehedgehogfactory.com\\\/\",\"logo\":{\"@type\":\"ImageObject\",\"inLanguage\":\"et\",\"@id\":\"https:\\\/\\\/thehedgehogfactory.com\\\/#\\\/schema\\\/logo\\\/image\\\/\",\"url\":\"https:\\\/\\\/thehedgehogfactory.com\\\/wp-content\\\/uploads\\\/2025\\\/04\\\/la-fabrique-3.webp\",\"contentUrl\":\"https:\\\/\\\/thehedgehogfactory.com\\\/wp-content\\\/uploads\\\/2025\\\/04\\\/la-fabrique-3.webp\",\"width\":500,\"height\":500,\"caption\":\"The Hedgehog Factory\"},\"image\":{\"@id\":\"https:\\\/\\\/thehedgehogfactory.com\\\/#\\\/schema\\\/logo\\\/image\\\/\"},\"sameAs\":[\"https:\\\/\\\/www.facebook.com\\\/TheHedgehogFactory\",\"https:\\\/\\\/www.instagram.com\\\/thfcreations\\\/\",\"https:\\\/\\\/fr.pinterest.com\\\/TheHedgehogFactory\\\/\"]}]}<\/script>\n<!-- \/ Yoast SEO plugin. -->","yoast_head_json":{"title":"Lamp Alth\u00e9a - The Hedgehog Factory","description":"Lamp Alth\u00e9a v\u00f5lub oma lille\u00f5itest inspireeritud skulpturaalse disainiga. Selle orgaaniliste kumerustega jalg loob peene valguse ja varju m\u00e4ngu, lisades su kodule kaasaegse ja rafineeritud ilme.","robots":{"index":"index","follow":"follow","max-snippet":"max-snippet:-1","max-image-preview":"max-image-preview:large","max-video-preview":"max-video-preview:-1"},"canonical":"https:\/\/thehedgehogfactory.com\/et\/produit\/lamp-althea\/","og_locale":"et_EE","og_type":"article","og_title":"Lamp Alth\u00e9a - The Hedgehog Factory","og_description":"Lamp Alth\u00e9a v\u00f5lub oma lille\u00f5itest inspireeritud skulpturaalse disainiga. Selle orgaaniliste kumerustega jalg loob peene valguse ja varju m\u00e4ngu, lisades su kodule kaasaegse ja rafineeritud ilme.","og_url":"https:\/\/thehedgehogfactory.com\/et\/produit\/lamp-althea\/","og_site_name":"The Hedgehog Factory","article_publisher":"https:\/\/www.facebook.com\/TheHedgehogFactory","article_modified_time":"2026-03-05T09:45:26+00:00","og_image":[{"width":1024,"height":1536,"url":"https:\/\/thehedgehogfactory.com\/wp-content\/uploads\/2026\/03\/Althea_noir.png","type":"image\/png"}],"twitter_card":"summary_large_image","twitter_misc":{"Est. reading time":"1 minut"},"schema":{"@context":"https:\/\/schema.org","@graph":[{"@type":"WebPage","@id":"https:\/\/thehedgehogfactory.com\/et\/produit\/lamp-althea\/","url":"https:\/\/thehedgehogfactory.com\/et\/produit\/lamp-althea\/","name":"Lamp Alth\u00e9a - The Hedgehog Factory","isPartOf":{"@id":"https:\/\/thehedgehogfactory.com\/#website"},"primaryImageOfPage":{"@id":"https:\/\/thehedgehogfactory.com\/et\/produit\/lamp-althea\/#primaryimage"},"image":{"@id":"https:\/\/thehedgehogfactory.com\/et\/produit\/lamp-althea\/#primaryimage"},"thumbnailUrl":"https:\/\/thehedgehogfactory.com\/wp-content\/uploads\/2026\/03\/Althea_noir.png","datePublished":"2026-03-05T09:41:15+00:00","dateModified":"2026-03-05T09:45:26+00:00","description":"Lamp Alth\u00e9a v\u00f5lub oma lille\u00f5itest inspireeritud skulpturaalse disainiga. Selle orgaaniliste kumerustega jalg loob peene valguse ja varju m\u00e4ngu, lisades su kodule kaasaegse ja rafineeritud ilme.","breadcrumb":{"@id":"https:\/\/thehedgehogfactory.com\/et\/produit\/lamp-althea\/#breadcrumb"},"inLanguage":"et","potentialAction":[{"@type":"ReadAction","target":["https:\/\/thehedgehogfactory.com\/et\/produit\/lamp-althea\/"]}]},{"@type":"ImageObject","inLanguage":"et","@id":"https:\/\/thehedgehogfactory.com\/et\/produit\/lamp-althea\/#primaryimage","url":"https:\/\/thehedgehogfactory.com\/wp-content\/uploads\/2026\/03\/Althea_noir.png","contentUrl":"https:\/\/thehedgehogfactory.com\/wp-content\/uploads\/2026\/03\/Althea_noir.png","width":1024,"height":1536},{"@type":"BreadcrumbList","@id":"https:\/\/thehedgehogfactory.com\/et\/produit\/lamp-althea\/#breadcrumb","itemListElement":[{"@type":"ListItem","position":1,"name":"Accueil","item":"https:\/\/thehedgehogfactory.com\/"},{"@type":"ListItem","position":2,"name":"Pood*","item":"https:\/\/thehedgehogfactory.com\/et\/pood\/"},{"@type":"ListItem","position":3,"name":"Lamp Alth\u00e9a"}]},{"@type":"WebSite","@id":"https:\/\/thehedgehogfactory.com\/#website","url":"https:\/\/thehedgehogfactory.com\/","name":"The Hedgehog Factory","description":"Quand l\u2019impression 3D rencontre la d\u00e9co","publisher":{"@id":"https:\/\/thehedgehogfactory.com\/#organization"},"potentialAction":[{"@type":"SearchAction","target":{"@type":"EntryPoint","urlTemplate":"https:\/\/thehedgehogfactory.com\/?s={search_term_string}"},"query-input":{"@type":"PropertyValueSpecification","valueRequired":true,"valueName":"search_term_string"}}],"inLanguage":"et"},{"@type":"Organization","@id":"https:\/\/thehedgehogfactory.com\/#organization","name":"The Hedgehog Factory","url":"https:\/\/thehedgehogfactory.com\/","logo":{"@type":"ImageObject","inLanguage":"et","@id":"https:\/\/thehedgehogfactory.com\/#\/schema\/logo\/image\/","url":"https:\/\/thehedgehogfactory.com\/wp-content\/uploads\/2025\/04\/la-fabrique-3.webp","contentUrl":"https:\/\/thehedgehogfactory.com\/wp-content\/uploads\/2025\/04\/la-fabrique-3.webp","width":500,"height":500,"caption":"The Hedgehog Factory"},"image":{"@id":"https:\/\/thehedgehogfactory.com\/#\/schema\/logo\/image\/"},"sameAs":["https:\/\/www.facebook.com\/TheHedgehogFactory","https:\/\/www.instagram.com\/thfcreations\/","https:\/\/fr.pinterest.com\/TheHedgehogFactory\/"]}]}},"_links":{"self":[{"href":"https:\/\/thehedgehogfactory.com\/et\/wp-json\/wp\/v2\/product\/5331","targetHints":{"allow":["GET"]}}],"collection":[{"href":"https:\/\/thehedgehogfactory.com\/et\/wp-json\/wp\/v2\/product"}],"about":[{"href":"https:\/\/thehedgehogfactory.com\/et\/wp-json\/wp\/v2\/types\/product"}],"replies":[{"embeddable":true,"href":"https:\/\/thehedgehogfactory.com\/et\/wp-json\/wp\/v2\/comments?post=5331"}],"version-history":[{"count":1,"href":"https:\/\/thehedgehogfactory.com\/et\/wp-json\/wp\/v2\/product\/5331\/revisions"}],"predecessor-version":[{"id":5348,"href":"https:\/\/thehedgehogfactory.com\/et\/wp-json\/wp\/v2\/product\/5331\/revisions\/5348"}],"wp:featuredmedia":[{"embeddable":true,"href":"https:\/\/thehedgehogfactory.com\/et\/wp-json\/wp\/v2\/media\/5323"}],"wp:attachment":[{"href":"https:\/\/thehedgehogfactory.com\/et\/wp-json\/wp\/v2\/media?parent=5331"}],"wp:term":[{"taxonomy":"product_brand","embeddable":true,"href":"https:\/\/thehedgehogfactory.com\/et\/wp-json\/wp\/v2\/product_brand?post=5331"},{"taxonomy":"product_cat","embeddable":true,"href":"https:\/\/thehedgehogfactory.com\/et\/wp-json\/wp\/v2\/product_cat?post=5331"},{"taxonomy":"product_tag","embeddable":true,"href":"https:\/\/thehedgehogfactory.com\/et\/wp-json\/wp\/v2\/product_tag?post=5331"}],"curies":[{"name":"wp","href":"https:\/\/api.w.org\/{rel}","templated":true}]}}