{"id":5261,"date":"2026-02-23T10:19:57","date_gmt":"2026-02-23T09:19:57","guid":{"rendered":"https:\/\/thehedgehogfactory.com\/produit\/umbrispott-sculpta\/"},"modified":"2026-02-23T10:19:57","modified_gmt":"2026-02-23T09:19:57","slug":"umbrispott-sculpta","status":"publish","type":"product","link":"https:\/\/thehedgehogfactory.com\/et\/produit\/umbrispott-sculpta\/","title":{"rendered":"\u00dcmbrispott Sculpta"},"content":{"rendered":"<p data-start=\"410\" data-end=\"728\">\u00dcmbrispott <strong data-start=\"423\" data-end=\"434\">Sculpta<\/strong> on loodud iseseisvaks dekoratiivelemendiks. Selle geomeetriline siluett ja vormim\u00e4ng loovad tugeva, kuid tasakaalustatud ja elegantse kohalolu. Aluse detailne struktuur kontrasteerub puhaste joontega, luues graafilise ja kaasaegse terviku.  <\/p>\n<p data-start=\"730\" data-end=\"1000\">Rohelistele taimedele ja lilleseadetele loodud \u00fcmbrispott Sculpta t\u00f5stab taimed esile ilma neid varjutamata. See sobib loomulikult nii moodsasse, minimalistlikku kui ka hubasesse interj\u00f6\u00f6ri, kas \u00fcksi v\u00f5i koos teiste kollektsiooni esemetega. <\/p>\n<p data-start=\"1002\" data-end=\"1229\">Sculpta kollektsiooni kuuluv \u00fcmbrispott sobitub suurep\u00e4raselt sarja vaasi ja lambiga, luues \u00fchtse ja enesekindla dekoratiivse terviku. Isikup\u00e4rane ese, mis on loodud v\u00e4\u00e4ristama nii ruumi kui ka elusloodust. <\/p>\n<div class=\"elementor-element elementor-element-3eb4c38 elementor-widget elementor-widget-woocommerce-product-data-tabs\" data-id=\"3eb4c38\" data-element_type=\"widget\" data-e-type=\"widget\" data-widget_type=\"woocommerce-product-data-tabs.default\">\n<div class=\"elementor-widget-container\">\n<div class=\"woocommerce-tabs wc-tabs-wrapper\">\n<div id=\"tab-description\" class=\"woocommerce-Tabs-panel woocommerce-Tabs-panel--description panel entry-content wc-tab\" role=\"tabpanel\" aria-labelledby=\"tab-title-description\">\n<p><em>Iga looming valmib tellimuse peale ja on ainulaadne t\u00fckk; seega v\u00f5ivad v\u00e4rvid esemeti veidi erineda.<\/em><\/p>\n<\/div>\n<\/div>\n<\/div>\n<\/div>\n<div class=\"elementor-element elementor-element-938f23e elementor-widget-divider--view-line elementor-widget elementor-widget-divider\" data-id=\"938f23e\" data-element_type=\"widget\" data-e-type=\"widget\" data-widget_type=\"divider.default\">\n<div class=\"elementor-widget-container\">\n<div class=\"elementor-divider\"><\/div>\n<\/div>\n<\/div>\n","protected":false},"excerpt":{"rendered":"<p data-start=\"225\" data-end=\"358\">\u00dcmbrispott Sculpta \u00fchendab skulpturaalsed jooned ja kaasaegse disaini, et tuua sinu taimed elegantselt ja isikup\u00e4raselt esile.<\/p>\n","protected":false},"featured_media":5256,"comment_status":"open","ping_status":"closed","template":"","meta":[],"product_brand":[],"product_cat":[209,130],"product_tag":[],"class_list":{"0":"post-5261","1":"product","2":"type-product","3":"status-publish","4":"has-post-thumbnail","6":"product_cat-sculpta","7":"product_cat-vaas","8":"product_shipping_class-hapras","10":"entry","11":"has-media","13":"first","14":"instock","15":"taxable","16":"shipping-taxable","17":"purchasable","18":"product-type-variable","19":"add-to-wishlist-after_add_to_cart","20":"has-product-nav","21":"col","22":"span_1_of_3","23":"owp-content-center","24":"owp-thumbs-layout-horizontal","25":"owp-btn-normal","26":"owp-tabs-layout-horizontal"},"yoast_head":"<!-- This site is optimized with the Yoast SEO plugin v27.4 - https:\/\/yoast.com\/product\/yoast-seo-wordpress\/ -->\n<title>\u00dcmbrispott Sculpta - The Hedgehog Factory<\/title>\n<meta name=\"description\" content=\"\u00dcmbrispott Sculpta \u00fchendab skulpturaalsed jooned ja kaasaegse disaini, et tuua sinu taimed elegantselt ja isikup\u00e4raselt esile.\" \/>\n<meta name=\"robots\" content=\"index, follow, max-snippet:-1, max-image-preview:large, max-video-preview:-1\" \/>\n<link rel=\"canonical\" href=\"https:\/\/thehedgehogfactory.com\/et\/produit\/umbrispott-sculpta\/\" \/>\n<meta property=\"og:locale\" content=\"et_EE\" \/>\n<meta property=\"og:type\" content=\"article\" \/>\n<meta property=\"og:title\" content=\"\u00dcmbrispott Sculpta - The Hedgehog Factory\" \/>\n<meta property=\"og:description\" content=\"\u00dcmbrispott Sculpta \u00fchendab skulpturaalsed jooned ja kaasaegse disaini, et tuua sinu taimed elegantselt ja isikup\u00e4raselt esile.\" \/>\n<meta property=\"og:url\" content=\"https:\/\/thehedgehogfactory.com\/et\/produit\/umbrispott-sculpta\/\" \/>\n<meta property=\"og:site_name\" content=\"The Hedgehog Factory\" \/>\n<meta property=\"article:publisher\" content=\"https:\/\/www.facebook.com\/TheHedgehogFactory\" \/>\n<meta property=\"og:image\" content=\"https:\/\/thehedgehogfactory.com\/wp-content\/uploads\/2026\/02\/Cachepot_Sculpta_Noir-683x1024.png\" \/>\n\t<meta property=\"og:image:width\" content=\"683\" \/>\n\t<meta property=\"og:image:height\" content=\"1024\" \/>\n\t<meta property=\"og:image:type\" content=\"image\/png\" \/>\n<meta name=\"twitter:card\" content=\"summary_large_image\" \/>\n<meta name=\"twitter:label1\" content=\"Est. reading time\" \/>\n\t<meta name=\"twitter:data1\" content=\"1 minut\" \/>\n<script type=\"application\/ld+json\" class=\"yoast-schema-graph\">{\"@context\":\"https:\\\/\\\/schema.org\",\"@graph\":[{\"@type\":\"WebPage\",\"@id\":\"https:\\\/\\\/thehedgehogfactory.com\\\/et\\\/produit\\\/umbrispott-sculpta\\\/\",\"url\":\"https:\\\/\\\/thehedgehogfactory.com\\\/et\\\/produit\\\/umbrispott-sculpta\\\/\",\"name\":\"\u00dcmbrispott Sculpta - The Hedgehog Factory\",\"isPartOf\":{\"@id\":\"https:\\\/\\\/thehedgehogfactory.com\\\/#website\"},\"primaryImageOfPage\":{\"@id\":\"https:\\\/\\\/thehedgehogfactory.com\\\/et\\\/produit\\\/umbrispott-sculpta\\\/#primaryimage\"},\"image\":{\"@id\":\"https:\\\/\\\/thehedgehogfactory.com\\\/et\\\/produit\\\/umbrispott-sculpta\\\/#primaryimage\"},\"thumbnailUrl\":\"https:\\\/\\\/thehedgehogfactory.com\\\/wp-content\\\/uploads\\\/2026\\\/02\\\/Cachepot_Sculpta_Noir.png\",\"datePublished\":\"2026-02-23T09:19:57+00:00\",\"description\":\"\u00dcmbrispott Sculpta \u00fchendab skulpturaalsed jooned ja kaasaegse disaini, et tuua sinu taimed elegantselt ja isikup\u00e4raselt esile.\",\"breadcrumb\":{\"@id\":\"https:\\\/\\\/thehedgehogfactory.com\\\/et\\\/produit\\\/umbrispott-sculpta\\\/#breadcrumb\"},\"inLanguage\":\"et\",\"potentialAction\":[{\"@type\":\"ReadAction\",\"target\":[\"https:\\\/\\\/thehedgehogfactory.com\\\/et\\\/produit\\\/umbrispott-sculpta\\\/\"]}]},{\"@type\":\"ImageObject\",\"inLanguage\":\"et\",\"@id\":\"https:\\\/\\\/thehedgehogfactory.com\\\/et\\\/produit\\\/umbrispott-sculpta\\\/#primaryimage\",\"url\":\"https:\\\/\\\/thehedgehogfactory.com\\\/wp-content\\\/uploads\\\/2026\\\/02\\\/Cachepot_Sculpta_Noir.png\",\"contentUrl\":\"https:\\\/\\\/thehedgehogfactory.com\\\/wp-content\\\/uploads\\\/2026\\\/02\\\/Cachepot_Sculpta_Noir.png\",\"width\":1024,\"height\":1536},{\"@type\":\"BreadcrumbList\",\"@id\":\"https:\\\/\\\/thehedgehogfactory.com\\\/et\\\/produit\\\/umbrispott-sculpta\\\/#breadcrumb\",\"itemListElement\":[{\"@type\":\"ListItem\",\"position\":1,\"name\":\"Accueil\",\"item\":\"https:\\\/\\\/thehedgehogfactory.com\\\/\"},{\"@type\":\"ListItem\",\"position\":2,\"name\":\"Pood*\",\"item\":\"https:\\\/\\\/thehedgehogfactory.com\\\/et\\\/pood\\\/\"},{\"@type\":\"ListItem\",\"position\":3,\"name\":\"\u00dcmbrispott Sculpta\"}]},{\"@type\":\"WebSite\",\"@id\":\"https:\\\/\\\/thehedgehogfactory.com\\\/#website\",\"url\":\"https:\\\/\\\/thehedgehogfactory.com\\\/\",\"name\":\"The Hedgehog Factory\",\"description\":\"Quand l\u2019impression 3D rencontre la d\u00e9co\",\"publisher\":{\"@id\":\"https:\\\/\\\/thehedgehogfactory.com\\\/#organization\"},\"potentialAction\":[{\"@type\":\"SearchAction\",\"target\":{\"@type\":\"EntryPoint\",\"urlTemplate\":\"https:\\\/\\\/thehedgehogfactory.com\\\/?s={search_term_string}\"},\"query-input\":{\"@type\":\"PropertyValueSpecification\",\"valueRequired\":true,\"valueName\":\"search_term_string\"}}],\"inLanguage\":\"et\"},{\"@type\":\"Organization\",\"@id\":\"https:\\\/\\\/thehedgehogfactory.com\\\/#organization\",\"name\":\"The Hedgehog Factory\",\"url\":\"https:\\\/\\\/thehedgehogfactory.com\\\/\",\"logo\":{\"@type\":\"ImageObject\",\"inLanguage\":\"et\",\"@id\":\"https:\\\/\\\/thehedgehogfactory.com\\\/#\\\/schema\\\/logo\\\/image\\\/\",\"url\":\"https:\\\/\\\/thehedgehogfactory.com\\\/wp-content\\\/uploads\\\/2025\\\/04\\\/la-fabrique-3.webp\",\"contentUrl\":\"https:\\\/\\\/thehedgehogfactory.com\\\/wp-content\\\/uploads\\\/2025\\\/04\\\/la-fabrique-3.webp\",\"width\":500,\"height\":500,\"caption\":\"The Hedgehog Factory\"},\"image\":{\"@id\":\"https:\\\/\\\/thehedgehogfactory.com\\\/#\\\/schema\\\/logo\\\/image\\\/\"},\"sameAs\":[\"https:\\\/\\\/www.facebook.com\\\/TheHedgehogFactory\",\"https:\\\/\\\/www.instagram.com\\\/thfcreations\\\/\",\"https:\\\/\\\/fr.pinterest.com\\\/TheHedgehogFactory\\\/\"]}]}<\/script>\n<!-- \/ Yoast SEO plugin. -->","yoast_head_json":{"title":"\u00dcmbrispott Sculpta - The Hedgehog Factory","description":"\u00dcmbrispott Sculpta \u00fchendab skulpturaalsed jooned ja kaasaegse disaini, et tuua sinu taimed elegantselt ja isikup\u00e4raselt esile.","robots":{"index":"index","follow":"follow","max-snippet":"max-snippet:-1","max-image-preview":"max-image-preview:large","max-video-preview":"max-video-preview:-1"},"canonical":"https:\/\/thehedgehogfactory.com\/et\/produit\/umbrispott-sculpta\/","og_locale":"et_EE","og_type":"article","og_title":"\u00dcmbrispott Sculpta - The Hedgehog Factory","og_description":"\u00dcmbrispott Sculpta \u00fchendab skulpturaalsed jooned ja kaasaegse disaini, et tuua sinu taimed elegantselt ja isikup\u00e4raselt esile.","og_url":"https:\/\/thehedgehogfactory.com\/et\/produit\/umbrispott-sculpta\/","og_site_name":"The Hedgehog Factory","article_publisher":"https:\/\/www.facebook.com\/TheHedgehogFactory","og_image":[{"width":683,"height":1024,"url":"https:\/\/thehedgehogfactory.com\/wp-content\/uploads\/2026\/02\/Cachepot_Sculpta_Noir-683x1024.png","type":"image\/png"}],"twitter_card":"summary_large_image","twitter_misc":{"Est. reading time":"1 minut"},"schema":{"@context":"https:\/\/schema.org","@graph":[{"@type":"WebPage","@id":"https:\/\/thehedgehogfactory.com\/et\/produit\/umbrispott-sculpta\/","url":"https:\/\/thehedgehogfactory.com\/et\/produit\/umbrispott-sculpta\/","name":"\u00dcmbrispott Sculpta - The Hedgehog Factory","isPartOf":{"@id":"https:\/\/thehedgehogfactory.com\/#website"},"primaryImageOfPage":{"@id":"https:\/\/thehedgehogfactory.com\/et\/produit\/umbrispott-sculpta\/#primaryimage"},"image":{"@id":"https:\/\/thehedgehogfactory.com\/et\/produit\/umbrispott-sculpta\/#primaryimage"},"thumbnailUrl":"https:\/\/thehedgehogfactory.com\/wp-content\/uploads\/2026\/02\/Cachepot_Sculpta_Noir.png","datePublished":"2026-02-23T09:19:57+00:00","description":"\u00dcmbrispott Sculpta \u00fchendab skulpturaalsed jooned ja kaasaegse disaini, et tuua sinu taimed elegantselt ja isikup\u00e4raselt esile.","breadcrumb":{"@id":"https:\/\/thehedgehogfactory.com\/et\/produit\/umbrispott-sculpta\/#breadcrumb"},"inLanguage":"et","potentialAction":[{"@type":"ReadAction","target":["https:\/\/thehedgehogfactory.com\/et\/produit\/umbrispott-sculpta\/"]}]},{"@type":"ImageObject","inLanguage":"et","@id":"https:\/\/thehedgehogfactory.com\/et\/produit\/umbrispott-sculpta\/#primaryimage","url":"https:\/\/thehedgehogfactory.com\/wp-content\/uploads\/2026\/02\/Cachepot_Sculpta_Noir.png","contentUrl":"https:\/\/thehedgehogfactory.com\/wp-content\/uploads\/2026\/02\/Cachepot_Sculpta_Noir.png","width":1024,"height":1536},{"@type":"BreadcrumbList","@id":"https:\/\/thehedgehogfactory.com\/et\/produit\/umbrispott-sculpta\/#breadcrumb","itemListElement":[{"@type":"ListItem","position":1,"name":"Accueil","item":"https:\/\/thehedgehogfactory.com\/"},{"@type":"ListItem","position":2,"name":"Pood*","item":"https:\/\/thehedgehogfactory.com\/et\/pood\/"},{"@type":"ListItem","position":3,"name":"\u00dcmbrispott Sculpta"}]},{"@type":"WebSite","@id":"https:\/\/thehedgehogfactory.com\/#website","url":"https:\/\/thehedgehogfactory.com\/","name":"The Hedgehog Factory","description":"Quand l\u2019impression 3D rencontre la d\u00e9co","publisher":{"@id":"https:\/\/thehedgehogfactory.com\/#organization"},"potentialAction":[{"@type":"SearchAction","target":{"@type":"EntryPoint","urlTemplate":"https:\/\/thehedgehogfactory.com\/?s={search_term_string}"},"query-input":{"@type":"PropertyValueSpecification","valueRequired":true,"valueName":"search_term_string"}}],"inLanguage":"et"},{"@type":"Organization","@id":"https:\/\/thehedgehogfactory.com\/#organization","name":"The Hedgehog Factory","url":"https:\/\/thehedgehogfactory.com\/","logo":{"@type":"ImageObject","inLanguage":"et","@id":"https:\/\/thehedgehogfactory.com\/#\/schema\/logo\/image\/","url":"https:\/\/thehedgehogfactory.com\/wp-content\/uploads\/2025\/04\/la-fabrique-3.webp","contentUrl":"https:\/\/thehedgehogfactory.com\/wp-content\/uploads\/2025\/04\/la-fabrique-3.webp","width":500,"height":500,"caption":"The Hedgehog Factory"},"image":{"@id":"https:\/\/thehedgehogfactory.com\/#\/schema\/logo\/image\/"},"sameAs":["https:\/\/www.facebook.com\/TheHedgehogFactory","https:\/\/www.instagram.com\/thfcreations\/","https:\/\/fr.pinterest.com\/TheHedgehogFactory\/"]}]}},"_links":{"self":[{"href":"https:\/\/thehedgehogfactory.com\/et\/wp-json\/wp\/v2\/product\/5261","targetHints":{"allow":["GET"]}}],"collection":[{"href":"https:\/\/thehedgehogfactory.com\/et\/wp-json\/wp\/v2\/product"}],"about":[{"href":"https:\/\/thehedgehogfactory.com\/et\/wp-json\/wp\/v2\/types\/product"}],"replies":[{"embeddable":true,"href":"https:\/\/thehedgehogfactory.com\/et\/wp-json\/wp\/v2\/comments?post=5261"}],"version-history":[{"count":0,"href":"https:\/\/thehedgehogfactory.com\/et\/wp-json\/wp\/v2\/product\/5261\/revisions"}],"wp:featuredmedia":[{"embeddable":true,"href":"https:\/\/thehedgehogfactory.com\/et\/wp-json\/wp\/v2\/media\/5256"}],"wp:attachment":[{"href":"https:\/\/thehedgehogfactory.com\/et\/wp-json\/wp\/v2\/media?parent=5261"}],"wp:term":[{"taxonomy":"product_brand","embeddable":true,"href":"https:\/\/thehedgehogfactory.com\/et\/wp-json\/wp\/v2\/product_brand?post=5261"},{"taxonomy":"product_cat","embeddable":true,"href":"https:\/\/thehedgehogfactory.com\/et\/wp-json\/wp\/v2\/product_cat?post=5261"},{"taxonomy":"product_tag","embeddable":true,"href":"https:\/\/thehedgehogfactory.com\/et\/wp-json\/wp\/v2\/product_tag?post=5261"}],"curies":[{"name":"wp","href":"https:\/\/api.w.org\/{rel}","templated":true}]}}