{"id":5090,"date":"2026-02-20T11:54:58","date_gmt":"2026-02-20T10:54:58","guid":{"rendered":"https:\/\/thehedgehogfactory.com\/produit\/varvinaidis\/"},"modified":"2026-02-20T14:06:32","modified_gmt":"2026-02-20T13:06:32","slug":"varvinaidis","status":"publish","type":"product","link":"https:\/\/thehedgehogfactory.com\/et\/produit\/varvinaidis\/","title":{"rendered":"V\u00e4rvin\u00e4idis"},"content":{"rendered":"<p>Need siilid on v\u00e4rvin\u00e4idised, mis on loodud selleks, et tutvustada k\u00f5iki veebilehel pakutavate toodete v\u00e4rvitoone. Nende \u00e4ratuntav kuju ja puhas disain v\u00f5imaldavad selgelt ja meeldivalt visualiseerida erinevaid v\u00e4rve, olgu need siis mahedad, kirkad v\u00f5i metalliktoonid. <\/p>\n<p>Iga siil esindab konkreetset v\u00e4rvi, et h\u00f5lbustada valiku tegemist enne tellimist. Need n\u00e4idised annavad t\u00f5etruu \u00fclevaate tulemusest ja viimistlusest ning on praktiline ja esteetiline abivahend saadaolevate v\u00e4rvitoonide v\u00f5rdlemiseks. <\/p>\n<p>Lihtne ja t\u00f5hus t\u00f6\u00f6riist, et valida v\u00e4rv, mis sobib k\u00f5ige paremini sinu projekti v\u00f5i soovidega.<\/p>\n","protected":false},"excerpt":{"rendered":"<p>N\u00e4idised on saadaval hinnaga 1 \u20ac t\u00fckk.<br \/>\nN\u00e4idiste summa arvatakse maha sinu j\u00e4rgmisest tellimusest.<\/p>\n","protected":false},"featured_media":5088,"comment_status":"open","ping_status":"closed","template":"","meta":[],"product_brand":[],"product_cat":[158],"product_tag":[],"class_list":{"0":"post-5090","1":"product","2":"type-product","3":"status-publish","4":"has-post-thumbnail","6":"product_cat-aksessuaarid","7":"product_shipping_class-vaike-toode","9":"entry","10":"has-media","12":"first","13":"instock","14":"taxable","15":"shipping-taxable","16":"purchasable","17":"product-type-variable","18":"add-to-wishlist-after_add_to_cart","19":"has-product-nav","20":"col","21":"span_1_of_3","22":"owp-content-center","23":"owp-thumbs-layout-horizontal","24":"owp-btn-normal","25":"owp-tabs-layout-horizontal"},"yoast_head":"<!-- This site is optimized with the Yoast SEO plugin v27.4 - https:\/\/yoast.com\/product\/yoast-seo-wordpress\/ -->\n<title>V\u00e4rvin\u00e4idis - The Hedgehog Factory<\/title>\n<meta name=\"description\" content=\"N\u00e4idised saadaval 1 \u20ac t\u00fckk. N\u00e4idiste maksumus arvestatakse maha teie tulevasest tellimusest.\" \/>\n<meta name=\"robots\" content=\"index, follow, max-snippet:-1, max-image-preview:large, max-video-preview:-1\" \/>\n<link rel=\"canonical\" href=\"https:\/\/thehedgehogfactory.com\/et\/produit\/varvinaidis\/\" \/>\n<meta property=\"og:locale\" content=\"et_EE\" \/>\n<meta property=\"og:type\" content=\"article\" \/>\n<meta property=\"og:title\" content=\"V\u00e4rvin\u00e4idis - The Hedgehog Factory\" \/>\n<meta property=\"og:description\" content=\"N\u00e4idised saadaval 1 \u20ac t\u00fckk. N\u00e4idiste maksumus arvestatakse maha teie tulevasest tellimusest.\" \/>\n<meta property=\"og:url\" content=\"https:\/\/thehedgehogfactory.com\/et\/produit\/varvinaidis\/\" \/>\n<meta property=\"og:site_name\" content=\"The Hedgehog Factory\" \/>\n<meta property=\"article:publisher\" content=\"https:\/\/www.facebook.com\/TheHedgehogFactory\" \/>\n<meta property=\"article:modified_time\" content=\"2026-02-20T13:06:32+00:00\" \/>\n<meta property=\"og:image\" content=\"https:\/\/thehedgehogfactory.com\/wp-content\/uploads\/2026\/02\/ChatGPT-Image-20-fevr.-2026-11_45_08-1024x683.png\" \/>\n\t<meta property=\"og:image:width\" content=\"1024\" \/>\n\t<meta property=\"og:image:height\" content=\"683\" \/>\n\t<meta property=\"og:image:type\" content=\"image\/png\" \/>\n<meta name=\"twitter:card\" content=\"summary_large_image\" \/>\n<script type=\"application\/ld+json\" class=\"yoast-schema-graph\">{\"@context\":\"https:\\\/\\\/schema.org\",\"@graph\":[{\"@type\":\"WebPage\",\"@id\":\"https:\\\/\\\/thehedgehogfactory.com\\\/et\\\/produit\\\/varvinaidis\\\/\",\"url\":\"https:\\\/\\\/thehedgehogfactory.com\\\/et\\\/produit\\\/varvinaidis\\\/\",\"name\":\"V\u00e4rvin\u00e4idis - The Hedgehog Factory\",\"isPartOf\":{\"@id\":\"https:\\\/\\\/thehedgehogfactory.com\\\/#website\"},\"primaryImageOfPage\":{\"@id\":\"https:\\\/\\\/thehedgehogfactory.com\\\/et\\\/produit\\\/varvinaidis\\\/#primaryimage\"},\"image\":{\"@id\":\"https:\\\/\\\/thehedgehogfactory.com\\\/et\\\/produit\\\/varvinaidis\\\/#primaryimage\"},\"thumbnailUrl\":\"https:\\\/\\\/thehedgehogfactory.com\\\/wp-content\\\/uploads\\\/2026\\\/02\\\/ChatGPT-Image-20-fevr.-2026-11_45_08.webp\",\"datePublished\":\"2026-02-20T10:54:58+00:00\",\"dateModified\":\"2026-02-20T13:06:32+00:00\",\"description\":\"N\u00e4idised saadaval 1 \u20ac t\u00fckk. N\u00e4idiste maksumus arvestatakse maha teie tulevasest tellimusest.\",\"breadcrumb\":{\"@id\":\"https:\\\/\\\/thehedgehogfactory.com\\\/et\\\/produit\\\/varvinaidis\\\/#breadcrumb\"},\"inLanguage\":\"et\",\"potentialAction\":[{\"@type\":\"ReadAction\",\"target\":[\"https:\\\/\\\/thehedgehogfactory.com\\\/et\\\/produit\\\/varvinaidis\\\/\"]}]},{\"@type\":\"ImageObject\",\"inLanguage\":\"et\",\"@id\":\"https:\\\/\\\/thehedgehogfactory.com\\\/et\\\/produit\\\/varvinaidis\\\/#primaryimage\",\"url\":\"https:\\\/\\\/thehedgehogfactory.com\\\/wp-content\\\/uploads\\\/2026\\\/02\\\/ChatGPT-Image-20-fevr.-2026-11_45_08.webp\",\"contentUrl\":\"https:\\\/\\\/thehedgehogfactory.com\\\/wp-content\\\/uploads\\\/2026\\\/02\\\/ChatGPT-Image-20-fevr.-2026-11_45_08.webp\",\"width\":1536,\"height\":1024},{\"@type\":\"BreadcrumbList\",\"@id\":\"https:\\\/\\\/thehedgehogfactory.com\\\/et\\\/produit\\\/varvinaidis\\\/#breadcrumb\",\"itemListElement\":[{\"@type\":\"ListItem\",\"position\":1,\"name\":\"Accueil\",\"item\":\"https:\\\/\\\/thehedgehogfactory.com\\\/\"},{\"@type\":\"ListItem\",\"position\":2,\"name\":\"Pood*\",\"item\":\"https:\\\/\\\/thehedgehogfactory.com\\\/et\\\/pood\\\/\"},{\"@type\":\"ListItem\",\"position\":3,\"name\":\"V\u00e4rvin\u00e4idis\"}]},{\"@type\":\"WebSite\",\"@id\":\"https:\\\/\\\/thehedgehogfactory.com\\\/#website\",\"url\":\"https:\\\/\\\/thehedgehogfactory.com\\\/\",\"name\":\"The Hedgehog Factory\",\"description\":\"Quand l\u2019impression 3D rencontre la d\u00e9co\",\"publisher\":{\"@id\":\"https:\\\/\\\/thehedgehogfactory.com\\\/#organization\"},\"potentialAction\":[{\"@type\":\"SearchAction\",\"target\":{\"@type\":\"EntryPoint\",\"urlTemplate\":\"https:\\\/\\\/thehedgehogfactory.com\\\/?s={search_term_string}\"},\"query-input\":{\"@type\":\"PropertyValueSpecification\",\"valueRequired\":true,\"valueName\":\"search_term_string\"}}],\"inLanguage\":\"et\"},{\"@type\":\"Organization\",\"@id\":\"https:\\\/\\\/thehedgehogfactory.com\\\/#organization\",\"name\":\"The Hedgehog Factory\",\"url\":\"https:\\\/\\\/thehedgehogfactory.com\\\/\",\"logo\":{\"@type\":\"ImageObject\",\"inLanguage\":\"et\",\"@id\":\"https:\\\/\\\/thehedgehogfactory.com\\\/#\\\/schema\\\/logo\\\/image\\\/\",\"url\":\"https:\\\/\\\/thehedgehogfactory.com\\\/wp-content\\\/uploads\\\/2025\\\/04\\\/la-fabrique-3.webp\",\"contentUrl\":\"https:\\\/\\\/thehedgehogfactory.com\\\/wp-content\\\/uploads\\\/2025\\\/04\\\/la-fabrique-3.webp\",\"width\":500,\"height\":500,\"caption\":\"The Hedgehog Factory\"},\"image\":{\"@id\":\"https:\\\/\\\/thehedgehogfactory.com\\\/#\\\/schema\\\/logo\\\/image\\\/\"},\"sameAs\":[\"https:\\\/\\\/www.facebook.com\\\/TheHedgehogFactory\",\"https:\\\/\\\/www.instagram.com\\\/thfcreations\\\/\",\"https:\\\/\\\/fr.pinterest.com\\\/TheHedgehogFactory\\\/\"]}]}<\/script>\n<!-- \/ Yoast SEO plugin. -->","yoast_head_json":{"title":"V\u00e4rvin\u00e4idis - The Hedgehog Factory","description":"N\u00e4idised saadaval 1 \u20ac t\u00fckk. N\u00e4idiste maksumus arvestatakse maha teie tulevasest tellimusest.","robots":{"index":"index","follow":"follow","max-snippet":"max-snippet:-1","max-image-preview":"max-image-preview:large","max-video-preview":"max-video-preview:-1"},"canonical":"https:\/\/thehedgehogfactory.com\/et\/produit\/varvinaidis\/","og_locale":"et_EE","og_type":"article","og_title":"V\u00e4rvin\u00e4idis - The Hedgehog Factory","og_description":"N\u00e4idised saadaval 1 \u20ac t\u00fckk. N\u00e4idiste maksumus arvestatakse maha teie tulevasest tellimusest.","og_url":"https:\/\/thehedgehogfactory.com\/et\/produit\/varvinaidis\/","og_site_name":"The Hedgehog Factory","article_publisher":"https:\/\/www.facebook.com\/TheHedgehogFactory","article_modified_time":"2026-02-20T13:06:32+00:00","og_image":[{"width":1024,"height":683,"url":"https:\/\/thehedgehogfactory.com\/wp-content\/uploads\/2026\/02\/ChatGPT-Image-20-fevr.-2026-11_45_08-1024x683.png","type":"image\/png"}],"twitter_card":"summary_large_image","schema":{"@context":"https:\/\/schema.org","@graph":[{"@type":"WebPage","@id":"https:\/\/thehedgehogfactory.com\/et\/produit\/varvinaidis\/","url":"https:\/\/thehedgehogfactory.com\/et\/produit\/varvinaidis\/","name":"V\u00e4rvin\u00e4idis - The Hedgehog Factory","isPartOf":{"@id":"https:\/\/thehedgehogfactory.com\/#website"},"primaryImageOfPage":{"@id":"https:\/\/thehedgehogfactory.com\/et\/produit\/varvinaidis\/#primaryimage"},"image":{"@id":"https:\/\/thehedgehogfactory.com\/et\/produit\/varvinaidis\/#primaryimage"},"thumbnailUrl":"https:\/\/thehedgehogfactory.com\/wp-content\/uploads\/2026\/02\/ChatGPT-Image-20-fevr.-2026-11_45_08.webp","datePublished":"2026-02-20T10:54:58+00:00","dateModified":"2026-02-20T13:06:32+00:00","description":"N\u00e4idised saadaval 1 \u20ac t\u00fckk. N\u00e4idiste maksumus arvestatakse maha teie tulevasest tellimusest.","breadcrumb":{"@id":"https:\/\/thehedgehogfactory.com\/et\/produit\/varvinaidis\/#breadcrumb"},"inLanguage":"et","potentialAction":[{"@type":"ReadAction","target":["https:\/\/thehedgehogfactory.com\/et\/produit\/varvinaidis\/"]}]},{"@type":"ImageObject","inLanguage":"et","@id":"https:\/\/thehedgehogfactory.com\/et\/produit\/varvinaidis\/#primaryimage","url":"https:\/\/thehedgehogfactory.com\/wp-content\/uploads\/2026\/02\/ChatGPT-Image-20-fevr.-2026-11_45_08.webp","contentUrl":"https:\/\/thehedgehogfactory.com\/wp-content\/uploads\/2026\/02\/ChatGPT-Image-20-fevr.-2026-11_45_08.webp","width":1536,"height":1024},{"@type":"BreadcrumbList","@id":"https:\/\/thehedgehogfactory.com\/et\/produit\/varvinaidis\/#breadcrumb","itemListElement":[{"@type":"ListItem","position":1,"name":"Accueil","item":"https:\/\/thehedgehogfactory.com\/"},{"@type":"ListItem","position":2,"name":"Pood*","item":"https:\/\/thehedgehogfactory.com\/et\/pood\/"},{"@type":"ListItem","position":3,"name":"V\u00e4rvin\u00e4idis"}]},{"@type":"WebSite","@id":"https:\/\/thehedgehogfactory.com\/#website","url":"https:\/\/thehedgehogfactory.com\/","name":"The Hedgehog Factory","description":"Quand l\u2019impression 3D rencontre la d\u00e9co","publisher":{"@id":"https:\/\/thehedgehogfactory.com\/#organization"},"potentialAction":[{"@type":"SearchAction","target":{"@type":"EntryPoint","urlTemplate":"https:\/\/thehedgehogfactory.com\/?s={search_term_string}"},"query-input":{"@type":"PropertyValueSpecification","valueRequired":true,"valueName":"search_term_string"}}],"inLanguage":"et"},{"@type":"Organization","@id":"https:\/\/thehedgehogfactory.com\/#organization","name":"The Hedgehog Factory","url":"https:\/\/thehedgehogfactory.com\/","logo":{"@type":"ImageObject","inLanguage":"et","@id":"https:\/\/thehedgehogfactory.com\/#\/schema\/logo\/image\/","url":"https:\/\/thehedgehogfactory.com\/wp-content\/uploads\/2025\/04\/la-fabrique-3.webp","contentUrl":"https:\/\/thehedgehogfactory.com\/wp-content\/uploads\/2025\/04\/la-fabrique-3.webp","width":500,"height":500,"caption":"The Hedgehog Factory"},"image":{"@id":"https:\/\/thehedgehogfactory.com\/#\/schema\/logo\/image\/"},"sameAs":["https:\/\/www.facebook.com\/TheHedgehogFactory","https:\/\/www.instagram.com\/thfcreations\/","https:\/\/fr.pinterest.com\/TheHedgehogFactory\/"]}]}},"_links":{"self":[{"href":"https:\/\/thehedgehogfactory.com\/et\/wp-json\/wp\/v2\/product\/5090","targetHints":{"allow":["GET"]}}],"collection":[{"href":"https:\/\/thehedgehogfactory.com\/et\/wp-json\/wp\/v2\/product"}],"about":[{"href":"https:\/\/thehedgehogfactory.com\/et\/wp-json\/wp\/v2\/types\/product"}],"replies":[{"embeddable":true,"href":"https:\/\/thehedgehogfactory.com\/et\/wp-json\/wp\/v2\/comments?post=5090"}],"version-history":[{"count":1,"href":"https:\/\/thehedgehogfactory.com\/et\/wp-json\/wp\/v2\/product\/5090\/revisions"}],"predecessor-version":[{"id":5200,"href":"https:\/\/thehedgehogfactory.com\/et\/wp-json\/wp\/v2\/product\/5090\/revisions\/5200"}],"wp:featuredmedia":[{"embeddable":true,"href":"https:\/\/thehedgehogfactory.com\/et\/wp-json\/wp\/v2\/media\/5088"}],"wp:attachment":[{"href":"https:\/\/thehedgehogfactory.com\/et\/wp-json\/wp\/v2\/media?parent=5090"}],"wp:term":[{"taxonomy":"product_brand","embeddable":true,"href":"https:\/\/thehedgehogfactory.com\/et\/wp-json\/wp\/v2\/product_brand?post=5090"},{"taxonomy":"product_cat","embeddable":true,"href":"https:\/\/thehedgehogfactory.com\/et\/wp-json\/wp\/v2\/product_cat?post=5090"},{"taxonomy":"product_tag","embeddable":true,"href":"https:\/\/thehedgehogfactory.com\/et\/wp-json\/wp\/v2\/product_tag?post=5090"}],"curies":[{"name":"wp","href":"https:\/\/api.w.org\/{rel}","templated":true}]}}