{"id":4969,"date":"2026-02-19T17:16:47","date_gmt":"2026-02-19T16:16:47","guid":{"rendered":"https:\/\/thehedgehogfactory.com\/produit\/lillepott-aurelis\/"},"modified":"2026-02-19T17:16:47","modified_gmt":"2026-02-19T16:16:47","slug":"lillepott-aurelis","status":"publish","type":"product","link":"https:\/\/thehedgehogfactory.com\/et\/produit\/lillepott-aurelis\/","title":{"rendered":"Lillepott Aurelis"},"content":{"rendered":"<p>AURELIS on palju enamat kui lihtsalt lillepott: see on disainieseme, mis on m\u00f5eldud skulptuurina. Lootose orgaanilisest geomeetriast inspireerituna loob selle r\u00fctmiline reljeef peene varju- ja valgusem\u00e4ngu, mis muutub vastavalt valgustusele. <\/p>\n<p>Selle struktureeritud siluett toob kaasa arhitektuurse kohalolu, s\u00e4ilitades samal ajal loomulikku pehmust t\u00e4nu voolavatele k\u00f5veratele. S\u00fcgavate ja satiinsete toonidega viimistlus annab sellele elegantse ja kaasaegse m\u00f5\u00f5tme, mis sobib ideaalselt moodsatesse, minimalistlikesse v\u00f5i k\u00f5rgetasemelistesse interj\u00f6\u00f6ridesse. <\/p>\n<p>Ideaalne graafilise taime nagu sansevieria, filodendron v\u00f5i s\u00f5najalg jaoks, muudab AURELIS ruumi koheselt, tuues sinna iseloomu, tekstuuri ja peenust.<\/p>\n<p>T\u00e4isv\u00e4\u00e4rtuslik dekoratiivne ese, mida saab esitleda ka eraldi skulptuurina.<\/p>\n<p><em>Iga looming valmib tellimuse peale ja on ainulaadne t\u00fckk; seega v\u00f5ivad v\u00e4rvid esemeti veidi erineda.<\/em><\/p>\n","protected":false},"excerpt":{"rendered":"<p>AURELIS on skulptuurne lillepott orgaanilise disainiga, mis on inspireeritud lootosest.<br \/>\nSelle voolavad jooned ja s\u00fcgav metalse l\u00e4ikega viimistlus muudavad selle tugevaks dekoratiivseks esemeks, mis sobib ideaalselt kaasaegse taime esilet\u00f5stmiseks moodsa interj\u00f6\u00f6ri jaoks.<\/p>\n","protected":false},"featured_media":4967,"comment_status":"open","ping_status":"closed","template":"","meta":[],"product_brand":[],"product_cat":[130],"product_tag":[],"class_list":{"0":"post-4969","1":"product","2":"type-product","3":"status-publish","4":"has-post-thumbnail","6":"product_cat-vaas","7":"product_shipping_class-hapras","9":"entry","10":"has-media","12":"first","13":"instock","14":"taxable","15":"shipping-taxable","16":"purchasable","17":"product-type-simple","18":"add-to-wishlist-after_add_to_cart","19":"has-product-nav","20":"col","21":"span_1_of_3","22":"owp-content-center","23":"owp-thumbs-layout-horizontal","24":"owp-btn-normal","25":"owp-tabs-layout-horizontal"},"yoast_head":"<!-- This site is optimized with the Yoast SEO plugin v27.4 - https:\/\/yoast.com\/product\/yoast-seo-wordpress\/ -->\n<title>Lillepott Aurelis - The Hedgehog Factory<\/title>\n<meta name=\"description\" content=\"AURELIS on skulptuurne lillepott orgaanilise disainiga, mis on inspireeritud lootosest. Selle voolavad jooned ja s\u00fcgav metalse l\u00e4ikega viimistlus muudavad selle tugevaks dekoratiivseks esemeks, mis sobib ideaalselt kaasaegse taime esilet\u00f5stmiseks moodsa interj\u00f6\u00f6ri jaoks.\" \/>\n<meta name=\"robots\" content=\"index, follow, max-snippet:-1, max-image-preview:large, max-video-preview:-1\" \/>\n<link rel=\"canonical\" href=\"https:\/\/thehedgehogfactory.com\/et\/produit\/lillepott-aurelis\/\" \/>\n<meta property=\"og:locale\" content=\"et_EE\" \/>\n<meta property=\"og:type\" content=\"article\" \/>\n<meta property=\"og:title\" content=\"Lillepott Aurelis - The Hedgehog Factory\" \/>\n<meta property=\"og:description\" content=\"AURELIS on skulptuurne lillepott orgaanilise disainiga, mis on inspireeritud lootosest. Selle voolavad jooned ja s\u00fcgav metalse l\u00e4ikega viimistlus muudavad selle tugevaks dekoratiivseks esemeks, mis sobib ideaalselt kaasaegse taime esilet\u00f5stmiseks moodsa interj\u00f6\u00f6ri jaoks.\" \/>\n<meta property=\"og:url\" content=\"https:\/\/thehedgehogfactory.com\/et\/produit\/lillepott-aurelis\/\" \/>\n<meta property=\"og:site_name\" content=\"The Hedgehog Factory\" \/>\n<meta property=\"article:publisher\" content=\"https:\/\/www.facebook.com\/TheHedgehogFactory\" \/>\n<meta property=\"og:image\" content=\"https:\/\/thehedgehogfactory.com\/wp-content\/uploads\/2026\/02\/Cache-pot-Aurelis-THF.webp\" \/>\n\t<meta property=\"og:image:width\" content=\"1024\" \/>\n\t<meta property=\"og:image:height\" content=\"1536\" \/>\n\t<meta property=\"og:image:type\" content=\"image\/webp\" \/>\n<meta name=\"twitter:card\" content=\"summary_large_image\" \/>\n<meta name=\"twitter:label1\" content=\"Est. reading time\" \/>\n\t<meta name=\"twitter:data1\" content=\"1 minut\" \/>\n<script type=\"application\/ld+json\" class=\"yoast-schema-graph\">{\"@context\":\"https:\\\/\\\/schema.org\",\"@graph\":[{\"@type\":\"WebPage\",\"@id\":\"https:\\\/\\\/thehedgehogfactory.com\\\/et\\\/produit\\\/lillepott-aurelis\\\/\",\"url\":\"https:\\\/\\\/thehedgehogfactory.com\\\/et\\\/produit\\\/lillepott-aurelis\\\/\",\"name\":\"Lillepott Aurelis - The Hedgehog Factory\",\"isPartOf\":{\"@id\":\"https:\\\/\\\/thehedgehogfactory.com\\\/#website\"},\"primaryImageOfPage\":{\"@id\":\"https:\\\/\\\/thehedgehogfactory.com\\\/et\\\/produit\\\/lillepott-aurelis\\\/#primaryimage\"},\"image\":{\"@id\":\"https:\\\/\\\/thehedgehogfactory.com\\\/et\\\/produit\\\/lillepott-aurelis\\\/#primaryimage\"},\"thumbnailUrl\":\"https:\\\/\\\/thehedgehogfactory.com\\\/wp-content\\\/uploads\\\/2026\\\/02\\\/Cache-pot-Aurelis-THF.webp\",\"datePublished\":\"2026-02-19T16:16:47+00:00\",\"description\":\"AURELIS on skulptuurne lillepott orgaanilise disainiga, mis on inspireeritud lootosest. Selle voolavad jooned ja s\u00fcgav metalse l\u00e4ikega viimistlus muudavad selle tugevaks dekoratiivseks esemeks, mis sobib ideaalselt kaasaegse taime esilet\u00f5stmiseks moodsa interj\u00f6\u00f6ri jaoks.\",\"breadcrumb\":{\"@id\":\"https:\\\/\\\/thehedgehogfactory.com\\\/et\\\/produit\\\/lillepott-aurelis\\\/#breadcrumb\"},\"inLanguage\":\"et\",\"potentialAction\":[{\"@type\":\"ReadAction\",\"target\":[\"https:\\\/\\\/thehedgehogfactory.com\\\/et\\\/produit\\\/lillepott-aurelis\\\/\"]}]},{\"@type\":\"ImageObject\",\"inLanguage\":\"et\",\"@id\":\"https:\\\/\\\/thehedgehogfactory.com\\\/et\\\/produit\\\/lillepott-aurelis\\\/#primaryimage\",\"url\":\"https:\\\/\\\/thehedgehogfactory.com\\\/wp-content\\\/uploads\\\/2026\\\/02\\\/Cache-pot-Aurelis-THF.webp\",\"contentUrl\":\"https:\\\/\\\/thehedgehogfactory.com\\\/wp-content\\\/uploads\\\/2026\\\/02\\\/Cache-pot-Aurelis-THF.webp\",\"width\":1024,\"height\":1536},{\"@type\":\"BreadcrumbList\",\"@id\":\"https:\\\/\\\/thehedgehogfactory.com\\\/et\\\/produit\\\/lillepott-aurelis\\\/#breadcrumb\",\"itemListElement\":[{\"@type\":\"ListItem\",\"position\":1,\"name\":\"Accueil\",\"item\":\"https:\\\/\\\/thehedgehogfactory.com\\\/\"},{\"@type\":\"ListItem\",\"position\":2,\"name\":\"Pood*\",\"item\":\"https:\\\/\\\/thehedgehogfactory.com\\\/et\\\/pood\\\/\"},{\"@type\":\"ListItem\",\"position\":3,\"name\":\"Lillepott Aurelis\"}]},{\"@type\":\"WebSite\",\"@id\":\"https:\\\/\\\/thehedgehogfactory.com\\\/#website\",\"url\":\"https:\\\/\\\/thehedgehogfactory.com\\\/\",\"name\":\"The Hedgehog Factory\",\"description\":\"Quand l\u2019impression 3D rencontre la d\u00e9co\",\"publisher\":{\"@id\":\"https:\\\/\\\/thehedgehogfactory.com\\\/#organization\"},\"potentialAction\":[{\"@type\":\"SearchAction\",\"target\":{\"@type\":\"EntryPoint\",\"urlTemplate\":\"https:\\\/\\\/thehedgehogfactory.com\\\/?s={search_term_string}\"},\"query-input\":{\"@type\":\"PropertyValueSpecification\",\"valueRequired\":true,\"valueName\":\"search_term_string\"}}],\"inLanguage\":\"et\"},{\"@type\":\"Organization\",\"@id\":\"https:\\\/\\\/thehedgehogfactory.com\\\/#organization\",\"name\":\"The Hedgehog Factory\",\"url\":\"https:\\\/\\\/thehedgehogfactory.com\\\/\",\"logo\":{\"@type\":\"ImageObject\",\"inLanguage\":\"et\",\"@id\":\"https:\\\/\\\/thehedgehogfactory.com\\\/#\\\/schema\\\/logo\\\/image\\\/\",\"url\":\"https:\\\/\\\/thehedgehogfactory.com\\\/wp-content\\\/uploads\\\/2025\\\/04\\\/la-fabrique-3.webp\",\"contentUrl\":\"https:\\\/\\\/thehedgehogfactory.com\\\/wp-content\\\/uploads\\\/2025\\\/04\\\/la-fabrique-3.webp\",\"width\":500,\"height\":500,\"caption\":\"The Hedgehog Factory\"},\"image\":{\"@id\":\"https:\\\/\\\/thehedgehogfactory.com\\\/#\\\/schema\\\/logo\\\/image\\\/\"},\"sameAs\":[\"https:\\\/\\\/www.facebook.com\\\/TheHedgehogFactory\",\"https:\\\/\\\/www.instagram.com\\\/thfcreations\\\/\",\"https:\\\/\\\/fr.pinterest.com\\\/TheHedgehogFactory\\\/\"]}]}<\/script>\n<!-- \/ Yoast SEO plugin. -->","yoast_head_json":{"title":"Lillepott Aurelis - The Hedgehog Factory","description":"AURELIS on skulptuurne lillepott orgaanilise disainiga, mis on inspireeritud lootosest. Selle voolavad jooned ja s\u00fcgav metalse l\u00e4ikega viimistlus muudavad selle tugevaks dekoratiivseks esemeks, mis sobib ideaalselt kaasaegse taime esilet\u00f5stmiseks moodsa interj\u00f6\u00f6ri jaoks.","robots":{"index":"index","follow":"follow","max-snippet":"max-snippet:-1","max-image-preview":"max-image-preview:large","max-video-preview":"max-video-preview:-1"},"canonical":"https:\/\/thehedgehogfactory.com\/et\/produit\/lillepott-aurelis\/","og_locale":"et_EE","og_type":"article","og_title":"Lillepott Aurelis - The Hedgehog Factory","og_description":"AURELIS on skulptuurne lillepott orgaanilise disainiga, mis on inspireeritud lootosest. Selle voolavad jooned ja s\u00fcgav metalse l\u00e4ikega viimistlus muudavad selle tugevaks dekoratiivseks esemeks, mis sobib ideaalselt kaasaegse taime esilet\u00f5stmiseks moodsa interj\u00f6\u00f6ri jaoks.","og_url":"https:\/\/thehedgehogfactory.com\/et\/produit\/lillepott-aurelis\/","og_site_name":"The Hedgehog Factory","article_publisher":"https:\/\/www.facebook.com\/TheHedgehogFactory","og_image":[{"width":1024,"height":1536,"url":"https:\/\/thehedgehogfactory.com\/wp-content\/uploads\/2026\/02\/Cache-pot-Aurelis-THF.webp","type":"image\/webp"}],"twitter_card":"summary_large_image","twitter_misc":{"Est. reading time":"1 minut"},"schema":{"@context":"https:\/\/schema.org","@graph":[{"@type":"WebPage","@id":"https:\/\/thehedgehogfactory.com\/et\/produit\/lillepott-aurelis\/","url":"https:\/\/thehedgehogfactory.com\/et\/produit\/lillepott-aurelis\/","name":"Lillepott Aurelis - The Hedgehog Factory","isPartOf":{"@id":"https:\/\/thehedgehogfactory.com\/#website"},"primaryImageOfPage":{"@id":"https:\/\/thehedgehogfactory.com\/et\/produit\/lillepott-aurelis\/#primaryimage"},"image":{"@id":"https:\/\/thehedgehogfactory.com\/et\/produit\/lillepott-aurelis\/#primaryimage"},"thumbnailUrl":"https:\/\/thehedgehogfactory.com\/wp-content\/uploads\/2026\/02\/Cache-pot-Aurelis-THF.webp","datePublished":"2026-02-19T16:16:47+00:00","description":"AURELIS on skulptuurne lillepott orgaanilise disainiga, mis on inspireeritud lootosest. Selle voolavad jooned ja s\u00fcgav metalse l\u00e4ikega viimistlus muudavad selle tugevaks dekoratiivseks esemeks, mis sobib ideaalselt kaasaegse taime esilet\u00f5stmiseks moodsa interj\u00f6\u00f6ri jaoks.","breadcrumb":{"@id":"https:\/\/thehedgehogfactory.com\/et\/produit\/lillepott-aurelis\/#breadcrumb"},"inLanguage":"et","potentialAction":[{"@type":"ReadAction","target":["https:\/\/thehedgehogfactory.com\/et\/produit\/lillepott-aurelis\/"]}]},{"@type":"ImageObject","inLanguage":"et","@id":"https:\/\/thehedgehogfactory.com\/et\/produit\/lillepott-aurelis\/#primaryimage","url":"https:\/\/thehedgehogfactory.com\/wp-content\/uploads\/2026\/02\/Cache-pot-Aurelis-THF.webp","contentUrl":"https:\/\/thehedgehogfactory.com\/wp-content\/uploads\/2026\/02\/Cache-pot-Aurelis-THF.webp","width":1024,"height":1536},{"@type":"BreadcrumbList","@id":"https:\/\/thehedgehogfactory.com\/et\/produit\/lillepott-aurelis\/#breadcrumb","itemListElement":[{"@type":"ListItem","position":1,"name":"Accueil","item":"https:\/\/thehedgehogfactory.com\/"},{"@type":"ListItem","position":2,"name":"Pood*","item":"https:\/\/thehedgehogfactory.com\/et\/pood\/"},{"@type":"ListItem","position":3,"name":"Lillepott Aurelis"}]},{"@type":"WebSite","@id":"https:\/\/thehedgehogfactory.com\/#website","url":"https:\/\/thehedgehogfactory.com\/","name":"The Hedgehog Factory","description":"Quand l\u2019impression 3D rencontre la d\u00e9co","publisher":{"@id":"https:\/\/thehedgehogfactory.com\/#organization"},"potentialAction":[{"@type":"SearchAction","target":{"@type":"EntryPoint","urlTemplate":"https:\/\/thehedgehogfactory.com\/?s={search_term_string}"},"query-input":{"@type":"PropertyValueSpecification","valueRequired":true,"valueName":"search_term_string"}}],"inLanguage":"et"},{"@type":"Organization","@id":"https:\/\/thehedgehogfactory.com\/#organization","name":"The Hedgehog Factory","url":"https:\/\/thehedgehogfactory.com\/","logo":{"@type":"ImageObject","inLanguage":"et","@id":"https:\/\/thehedgehogfactory.com\/#\/schema\/logo\/image\/","url":"https:\/\/thehedgehogfactory.com\/wp-content\/uploads\/2025\/04\/la-fabrique-3.webp","contentUrl":"https:\/\/thehedgehogfactory.com\/wp-content\/uploads\/2025\/04\/la-fabrique-3.webp","width":500,"height":500,"caption":"The Hedgehog Factory"},"image":{"@id":"https:\/\/thehedgehogfactory.com\/#\/schema\/logo\/image\/"},"sameAs":["https:\/\/www.facebook.com\/TheHedgehogFactory","https:\/\/www.instagram.com\/thfcreations\/","https:\/\/fr.pinterest.com\/TheHedgehogFactory\/"]}]}},"_links":{"self":[{"href":"https:\/\/thehedgehogfactory.com\/et\/wp-json\/wp\/v2\/product\/4969","targetHints":{"allow":["GET"]}}],"collection":[{"href":"https:\/\/thehedgehogfactory.com\/et\/wp-json\/wp\/v2\/product"}],"about":[{"href":"https:\/\/thehedgehogfactory.com\/et\/wp-json\/wp\/v2\/types\/product"}],"replies":[{"embeddable":true,"href":"https:\/\/thehedgehogfactory.com\/et\/wp-json\/wp\/v2\/comments?post=4969"}],"version-history":[{"count":0,"href":"https:\/\/thehedgehogfactory.com\/et\/wp-json\/wp\/v2\/product\/4969\/revisions"}],"wp:featuredmedia":[{"embeddable":true,"href":"https:\/\/thehedgehogfactory.com\/et\/wp-json\/wp\/v2\/media\/4967"}],"wp:attachment":[{"href":"https:\/\/thehedgehogfactory.com\/et\/wp-json\/wp\/v2\/media?parent=4969"}],"wp:term":[{"taxonomy":"product_brand","embeddable":true,"href":"https:\/\/thehedgehogfactory.com\/et\/wp-json\/wp\/v2\/product_brand?post=4969"},{"taxonomy":"product_cat","embeddable":true,"href":"https:\/\/thehedgehogfactory.com\/et\/wp-json\/wp\/v2\/product_cat?post=4969"},{"taxonomy":"product_tag","embeddable":true,"href":"https:\/\/thehedgehogfactory.com\/et\/wp-json\/wp\/v2\/product_tag?post=4969"}],"curies":[{"name":"wp","href":"https:\/\/api.w.org\/{rel}","templated":true}]}}