{"id":4809,"date":"2026-02-06T13:59:10","date_gmt":"2026-02-06T12:59:10","guid":{"rendered":"https:\/\/thehedgehogfactory.com\/produit\/liana\/"},"modified":"2026-02-06T14:19:55","modified_gmt":"2026-02-06T13:19:55","slug":"liana","status":"publish","type":"product","link":"https:\/\/thehedgehogfactory.com\/et\/produit\/liana\/","title":{"rendered":"Liana"},"content":{"rendered":"<p>Liana on palju enamat kui lihtsalt taimehoidja: see on t\u00e4isv\u00e4\u00e4rtuslik dekoratiivne ese. Taimevormidest ja looduslikest p\u00f5imingutest inspireeritud l\u00e4bimurdeline disain loob valguse ja s\u00fcgavuse m\u00e4ngu, mis t\u00f5stab esile nii taime kui ka objekti ennast. <\/p>\n<p>Loodud harmooniliselt sobima moodsatesse, kaasaegsetesse v\u00f5i disainerinterj\u00f6\u00f6ridesse, v\u00f5tab Liana sinu taimed elegantse vastu, kinnitades samal ajal tugevat identiteeti. Selle v\u00e4rvikontrast ja skulptuurne siluett muudavad selle keskseks dekoratiivseks elemendiks, mis sobib ideaalselt riiulile, m\u00f6\u00f6blile v\u00f5i konsoollaudale. <\/p>\n<p>Nii funktsionaalne kui ka esteetiline Liana muudab sinu taimed t\u00f5elisteks dekoratsiooniesemeteks ja toob sinu elamisruumi iseloomulikku puudutust.<\/p>\n<p><em>Iga looming valmib tellimuse peale ja on ainulaadne t\u00fckk; seega v\u00f5ivad v\u00e4rvid esemeti veidi erineda.<\/em><\/p>\n","protected":false},"excerpt":{"rendered":"<p>Liana on orgaanilise ja skulptuurse disainiga taimehoidja, mis on loodud sinu taimi esile t\u00f5stma ja saama t\u00f5eliseks dekoratsiooniesemeks. Selle voolavad jooned ja v\u00e4rvidem\u00e4ng toovad k\u00f5ikidesse interj\u00f6\u00f6ridesse kaasaegse ja elegantse puudutuse. <\/p>\n","protected":false},"featured_media":4797,"comment_status":"open","ping_status":"closed","template":"","meta":[],"product_brand":[],"product_cat":[130],"product_tag":[],"class_list":{"0":"post-4809","1":"product","2":"type-product","3":"status-publish","4":"has-post-thumbnail","6":"product_cat-vaas","7":"product_shipping_class-hapras","9":"entry","10":"has-media","12":"first","13":"instock","14":"taxable","15":"shipping-taxable","16":"product-type-variable","17":"add-to-wishlist-after_add_to_cart","18":"has-product-nav","19":"col","20":"span_1_of_3","21":"owp-content-center","22":"owp-thumbs-layout-horizontal","23":"owp-btn-normal","24":"owp-tabs-layout-horizontal"},"yoast_head":"<!-- This site is optimized with the Yoast SEO plugin v27.4 - https:\/\/yoast.com\/product\/yoast-seo-wordpress\/ -->\n<title>Liana - The Hedgehog Factory<\/title>\n<meta name=\"description\" content=\"Liana on orgaanilise ja skulptuurse disainiga taimehoidja, mis on loodud sinu taimi esile t\u00f5stma ja saama t\u00f5eliseks dekoratsiooniesemeks. Selle voolavad jooned ja v\u00e4rvidem\u00e4ng toovad k\u00f5ikidesse interj\u00f6\u00f6ridesse kaasaegse ja elegantse puudutuse.\" \/>\n<meta name=\"robots\" content=\"index, follow, max-snippet:-1, max-image-preview:large, max-video-preview:-1\" \/>\n<link rel=\"canonical\" href=\"https:\/\/thehedgehogfactory.com\/et\/produit\/liana\/\" \/>\n<meta property=\"og:locale\" content=\"et_EE\" \/>\n<meta property=\"og:type\" content=\"article\" \/>\n<meta property=\"og:title\" content=\"Liana - The Hedgehog Factory\" \/>\n<meta property=\"og:description\" content=\"Liana on orgaanilise ja skulptuurse disainiga taimehoidja, mis on loodud sinu taimi esile t\u00f5stma ja saama t\u00f5eliseks dekoratsiooniesemeks. Selle voolavad jooned ja v\u00e4rvidem\u00e4ng toovad k\u00f5ikidesse interj\u00f6\u00f6ridesse kaasaegse ja elegantse puudutuse.\" \/>\n<meta property=\"og:url\" content=\"https:\/\/thehedgehogfactory.com\/et\/produit\/liana\/\" \/>\n<meta property=\"og:site_name\" content=\"The Hedgehog Factory\" \/>\n<meta property=\"article:publisher\" content=\"https:\/\/www.facebook.com\/TheHedgehogFactory\" \/>\n<meta property=\"article:modified_time\" content=\"2026-02-06T13:19:55+00:00\" \/>\n<meta property=\"og:image\" content=\"https:\/\/thehedgehogfactory.com\/wp-content\/uploads\/2026\/02\/ChatGPT-Image-6-fevr.-2026-08_14_33.webp\" \/>\n\t<meta property=\"og:image:width\" content=\"1024\" \/>\n\t<meta property=\"og:image:height\" content=\"1536\" \/>\n\t<meta property=\"og:image:type\" content=\"image\/png\" \/>\n<meta name=\"twitter:card\" content=\"summary_large_image\" \/>\n<meta name=\"twitter:label1\" content=\"Est. reading time\" \/>\n\t<meta name=\"twitter:data1\" content=\"1 minut\" \/>\n<script type=\"application\/ld+json\" class=\"yoast-schema-graph\">{\"@context\":\"https:\\\/\\\/schema.org\",\"@graph\":[{\"@type\":\"WebPage\",\"@id\":\"https:\\\/\\\/thehedgehogfactory.com\\\/et\\\/produit\\\/liana\\\/\",\"url\":\"https:\\\/\\\/thehedgehogfactory.com\\\/et\\\/produit\\\/liana\\\/\",\"name\":\"Liana - The Hedgehog Factory\",\"isPartOf\":{\"@id\":\"https:\\\/\\\/thehedgehogfactory.com\\\/#website\"},\"primaryImageOfPage\":{\"@id\":\"https:\\\/\\\/thehedgehogfactory.com\\\/et\\\/produit\\\/liana\\\/#primaryimage\"},\"image\":{\"@id\":\"https:\\\/\\\/thehedgehogfactory.com\\\/et\\\/produit\\\/liana\\\/#primaryimage\"},\"thumbnailUrl\":\"https:\\\/\\\/thehedgehogfactory.com\\\/wp-content\\\/uploads\\\/2026\\\/02\\\/ChatGPT-Image-6-fevr.-2026-08_14_33.webp\",\"datePublished\":\"2026-02-06T12:59:10+00:00\",\"dateModified\":\"2026-02-06T13:19:55+00:00\",\"description\":\"Liana on orgaanilise ja skulptuurse disainiga taimehoidja, mis on loodud sinu taimi esile t\u00f5stma ja saama t\u00f5eliseks dekoratsiooniesemeks. Selle voolavad jooned ja v\u00e4rvidem\u00e4ng toovad k\u00f5ikidesse interj\u00f6\u00f6ridesse kaasaegse ja elegantse puudutuse.\",\"breadcrumb\":{\"@id\":\"https:\\\/\\\/thehedgehogfactory.com\\\/et\\\/produit\\\/liana\\\/#breadcrumb\"},\"inLanguage\":\"et\",\"potentialAction\":[{\"@type\":\"ReadAction\",\"target\":[\"https:\\\/\\\/thehedgehogfactory.com\\\/et\\\/produit\\\/liana\\\/\"]}]},{\"@type\":\"ImageObject\",\"inLanguage\":\"et\",\"@id\":\"https:\\\/\\\/thehedgehogfactory.com\\\/et\\\/produit\\\/liana\\\/#primaryimage\",\"url\":\"https:\\\/\\\/thehedgehogfactory.com\\\/wp-content\\\/uploads\\\/2026\\\/02\\\/ChatGPT-Image-6-fevr.-2026-08_14_33.webp\",\"contentUrl\":\"https:\\\/\\\/thehedgehogfactory.com\\\/wp-content\\\/uploads\\\/2026\\\/02\\\/ChatGPT-Image-6-fevr.-2026-08_14_33.webp\",\"width\":1024,\"height\":1536},{\"@type\":\"BreadcrumbList\",\"@id\":\"https:\\\/\\\/thehedgehogfactory.com\\\/et\\\/produit\\\/liana\\\/#breadcrumb\",\"itemListElement\":[{\"@type\":\"ListItem\",\"position\":1,\"name\":\"Accueil\",\"item\":\"https:\\\/\\\/thehedgehogfactory.com\\\/\"},{\"@type\":\"ListItem\",\"position\":2,\"name\":\"Pood*\",\"item\":\"https:\\\/\\\/thehedgehogfactory.com\\\/et\\\/pood\\\/\"},{\"@type\":\"ListItem\",\"position\":3,\"name\":\"Liana\"}]},{\"@type\":\"WebSite\",\"@id\":\"https:\\\/\\\/thehedgehogfactory.com\\\/#website\",\"url\":\"https:\\\/\\\/thehedgehogfactory.com\\\/\",\"name\":\"The Hedgehog Factory\",\"description\":\"Quand l\u2019impression 3D rencontre la d\u00e9co\",\"publisher\":{\"@id\":\"https:\\\/\\\/thehedgehogfactory.com\\\/#organization\"},\"potentialAction\":[{\"@type\":\"SearchAction\",\"target\":{\"@type\":\"EntryPoint\",\"urlTemplate\":\"https:\\\/\\\/thehedgehogfactory.com\\\/?s={search_term_string}\"},\"query-input\":{\"@type\":\"PropertyValueSpecification\",\"valueRequired\":true,\"valueName\":\"search_term_string\"}}],\"inLanguage\":\"et\"},{\"@type\":\"Organization\",\"@id\":\"https:\\\/\\\/thehedgehogfactory.com\\\/#organization\",\"name\":\"The Hedgehog Factory\",\"url\":\"https:\\\/\\\/thehedgehogfactory.com\\\/\",\"logo\":{\"@type\":\"ImageObject\",\"inLanguage\":\"et\",\"@id\":\"https:\\\/\\\/thehedgehogfactory.com\\\/#\\\/schema\\\/logo\\\/image\\\/\",\"url\":\"https:\\\/\\\/thehedgehogfactory.com\\\/wp-content\\\/uploads\\\/2025\\\/04\\\/la-fabrique-3.webp\",\"contentUrl\":\"https:\\\/\\\/thehedgehogfactory.com\\\/wp-content\\\/uploads\\\/2025\\\/04\\\/la-fabrique-3.webp\",\"width\":500,\"height\":500,\"caption\":\"The Hedgehog Factory\"},\"image\":{\"@id\":\"https:\\\/\\\/thehedgehogfactory.com\\\/#\\\/schema\\\/logo\\\/image\\\/\"},\"sameAs\":[\"https:\\\/\\\/www.facebook.com\\\/TheHedgehogFactory\",\"https:\\\/\\\/www.instagram.com\\\/thfcreations\\\/\",\"https:\\\/\\\/fr.pinterest.com\\\/TheHedgehogFactory\\\/\"]}]}<\/script>\n<!-- \/ Yoast SEO plugin. -->","yoast_head_json":{"title":"Liana - The Hedgehog Factory","description":"Liana on orgaanilise ja skulptuurse disainiga taimehoidja, mis on loodud sinu taimi esile t\u00f5stma ja saama t\u00f5eliseks dekoratsiooniesemeks. Selle voolavad jooned ja v\u00e4rvidem\u00e4ng toovad k\u00f5ikidesse interj\u00f6\u00f6ridesse kaasaegse ja elegantse puudutuse.","robots":{"index":"index","follow":"follow","max-snippet":"max-snippet:-1","max-image-preview":"max-image-preview:large","max-video-preview":"max-video-preview:-1"},"canonical":"https:\/\/thehedgehogfactory.com\/et\/produit\/liana\/","og_locale":"et_EE","og_type":"article","og_title":"Liana - The Hedgehog Factory","og_description":"Liana on orgaanilise ja skulptuurse disainiga taimehoidja, mis on loodud sinu taimi esile t\u00f5stma ja saama t\u00f5eliseks dekoratsiooniesemeks. Selle voolavad jooned ja v\u00e4rvidem\u00e4ng toovad k\u00f5ikidesse interj\u00f6\u00f6ridesse kaasaegse ja elegantse puudutuse.","og_url":"https:\/\/thehedgehogfactory.com\/et\/produit\/liana\/","og_site_name":"The Hedgehog Factory","article_publisher":"https:\/\/www.facebook.com\/TheHedgehogFactory","article_modified_time":"2026-02-06T13:19:55+00:00","og_image":[{"width":1024,"height":1536,"url":"https:\/\/thehedgehogfactory.com\/wp-content\/uploads\/2026\/02\/ChatGPT-Image-6-fevr.-2026-08_14_33.webp","type":"image\/png"}],"twitter_card":"summary_large_image","twitter_misc":{"Est. reading time":"1 minut"},"schema":{"@context":"https:\/\/schema.org","@graph":[{"@type":"WebPage","@id":"https:\/\/thehedgehogfactory.com\/et\/produit\/liana\/","url":"https:\/\/thehedgehogfactory.com\/et\/produit\/liana\/","name":"Liana - The Hedgehog Factory","isPartOf":{"@id":"https:\/\/thehedgehogfactory.com\/#website"},"primaryImageOfPage":{"@id":"https:\/\/thehedgehogfactory.com\/et\/produit\/liana\/#primaryimage"},"image":{"@id":"https:\/\/thehedgehogfactory.com\/et\/produit\/liana\/#primaryimage"},"thumbnailUrl":"https:\/\/thehedgehogfactory.com\/wp-content\/uploads\/2026\/02\/ChatGPT-Image-6-fevr.-2026-08_14_33.webp","datePublished":"2026-02-06T12:59:10+00:00","dateModified":"2026-02-06T13:19:55+00:00","description":"Liana on orgaanilise ja skulptuurse disainiga taimehoidja, mis on loodud sinu taimi esile t\u00f5stma ja saama t\u00f5eliseks dekoratsiooniesemeks. Selle voolavad jooned ja v\u00e4rvidem\u00e4ng toovad k\u00f5ikidesse interj\u00f6\u00f6ridesse kaasaegse ja elegantse puudutuse.","breadcrumb":{"@id":"https:\/\/thehedgehogfactory.com\/et\/produit\/liana\/#breadcrumb"},"inLanguage":"et","potentialAction":[{"@type":"ReadAction","target":["https:\/\/thehedgehogfactory.com\/et\/produit\/liana\/"]}]},{"@type":"ImageObject","inLanguage":"et","@id":"https:\/\/thehedgehogfactory.com\/et\/produit\/liana\/#primaryimage","url":"https:\/\/thehedgehogfactory.com\/wp-content\/uploads\/2026\/02\/ChatGPT-Image-6-fevr.-2026-08_14_33.webp","contentUrl":"https:\/\/thehedgehogfactory.com\/wp-content\/uploads\/2026\/02\/ChatGPT-Image-6-fevr.-2026-08_14_33.webp","width":1024,"height":1536},{"@type":"BreadcrumbList","@id":"https:\/\/thehedgehogfactory.com\/et\/produit\/liana\/#breadcrumb","itemListElement":[{"@type":"ListItem","position":1,"name":"Accueil","item":"https:\/\/thehedgehogfactory.com\/"},{"@type":"ListItem","position":2,"name":"Pood*","item":"https:\/\/thehedgehogfactory.com\/et\/pood\/"},{"@type":"ListItem","position":3,"name":"Liana"}]},{"@type":"WebSite","@id":"https:\/\/thehedgehogfactory.com\/#website","url":"https:\/\/thehedgehogfactory.com\/","name":"The Hedgehog Factory","description":"Quand l\u2019impression 3D rencontre la d\u00e9co","publisher":{"@id":"https:\/\/thehedgehogfactory.com\/#organization"},"potentialAction":[{"@type":"SearchAction","target":{"@type":"EntryPoint","urlTemplate":"https:\/\/thehedgehogfactory.com\/?s={search_term_string}"},"query-input":{"@type":"PropertyValueSpecification","valueRequired":true,"valueName":"search_term_string"}}],"inLanguage":"et"},{"@type":"Organization","@id":"https:\/\/thehedgehogfactory.com\/#organization","name":"The Hedgehog Factory","url":"https:\/\/thehedgehogfactory.com\/","logo":{"@type":"ImageObject","inLanguage":"et","@id":"https:\/\/thehedgehogfactory.com\/#\/schema\/logo\/image\/","url":"https:\/\/thehedgehogfactory.com\/wp-content\/uploads\/2025\/04\/la-fabrique-3.webp","contentUrl":"https:\/\/thehedgehogfactory.com\/wp-content\/uploads\/2025\/04\/la-fabrique-3.webp","width":500,"height":500,"caption":"The Hedgehog Factory"},"image":{"@id":"https:\/\/thehedgehogfactory.com\/#\/schema\/logo\/image\/"},"sameAs":["https:\/\/www.facebook.com\/TheHedgehogFactory","https:\/\/www.instagram.com\/thfcreations\/","https:\/\/fr.pinterest.com\/TheHedgehogFactory\/"]}]}},"_links":{"self":[{"href":"https:\/\/thehedgehogfactory.com\/et\/wp-json\/wp\/v2\/product\/4809","targetHints":{"allow":["GET"]}}],"collection":[{"href":"https:\/\/thehedgehogfactory.com\/et\/wp-json\/wp\/v2\/product"}],"about":[{"href":"https:\/\/thehedgehogfactory.com\/et\/wp-json\/wp\/v2\/types\/product"}],"replies":[{"embeddable":true,"href":"https:\/\/thehedgehogfactory.com\/et\/wp-json\/wp\/v2\/comments?post=4809"}],"version-history":[{"count":1,"href":"https:\/\/thehedgehogfactory.com\/et\/wp-json\/wp\/v2\/product\/4809\/revisions"}],"predecessor-version":[{"id":4825,"href":"https:\/\/thehedgehogfactory.com\/et\/wp-json\/wp\/v2\/product\/4809\/revisions\/4825"}],"wp:featuredmedia":[{"embeddable":true,"href":"https:\/\/thehedgehogfactory.com\/et\/wp-json\/wp\/v2\/media\/4797"}],"wp:attachment":[{"href":"https:\/\/thehedgehogfactory.com\/et\/wp-json\/wp\/v2\/media?parent=4809"}],"wp:term":[{"taxonomy":"product_brand","embeddable":true,"href":"https:\/\/thehedgehogfactory.com\/et\/wp-json\/wp\/v2\/product_brand?post=4809"},{"taxonomy":"product_cat","embeddable":true,"href":"https:\/\/thehedgehogfactory.com\/et\/wp-json\/wp\/v2\/product_cat?post=4809"},{"taxonomy":"product_tag","embeddable":true,"href":"https:\/\/thehedgehogfactory.com\/et\/wp-json\/wp\/v2\/product_tag?post=4809"}],"curies":[{"name":"wp","href":"https:\/\/api.w.org\/{rel}","templated":true}]}}