{"id":4317,"date":"2026-01-17T09:19:31","date_gmt":"2026-01-17T08:19:31","guid":{"rendered":"https:\/\/thehedgehogfactory.com\/produit\/helin\/"},"modified":"2026-04-20T16:29:06","modified_gmt":"2026-04-20T14:29:06","slug":"helin","status":"publish","type":"product","link":"https:\/\/thehedgehogfactory.com\/et\/produit\/helin\/","title":{"rendered":"Helin"},"content":{"rendered":"<p>Need a\u017euurse ja kaasaegse disainiga k\u00f5rvar\u00f5ngad avaldavad austust Eesti lipu v\u00e4rvidele: sinisele, mustale ja valgele.<br \/>\nIga toon on m\u00f5eldud s\u00fcmbolina:<\/p>\n<p>sinine t\u00e4histab taevast, merd ja vabadust,<\/p>\n<p>must t\u00e4histab j\u00f5udu, m\u00e4lu ja identiteeti,<\/p>\n<p>valge t\u00e4histab valgust, lootust ja puhtust.<\/p>\n<p>Nende piklik ja kerge kuju toob esile n\u00e4o, andes samal ajal graafilise ja moodsa n\u00fcansi. A\u017euurmuster loob peene l\u00e4bipaistvuse m\u00e4ngu, mis p\u00fc\u00fcab valgust ja r\u00f5hutab ehte peenust. <\/p>\n<p>Lihtne kanda nii igap\u00e4evaselt kui ka erilistel puhkudel, need k\u00f5rvar\u00f5ngad \u00fchendavad originaalsuse, elegantsi ja s\u00fcmboolika neile, kes soovivad kanda ehet, mis on \u00fchtaegu esteetiline ja t\u00e4hendusrikas.<\/p>\n<p><em>Iga looming valmib tellimuse peale ja on ainulaadne t\u00fckk; seega v\u00f5ivad v\u00e4rvid esemeti veidi erineda.<\/em><\/p>\n","protected":false},"excerpt":{"rendered":"<p>Graafilised ja kerged k\u00f5rvar\u00f5ngad, inspireeritud Eesti lipu v\u00e4rvidest.<br \/>\nMoodne a\u017euurne disain, p\u00f5hjamaise elegantsi ja kindla iseloomuga.<\/p>\n","protected":false},"featured_media":4318,"comment_status":"open","ping_status":"closed","template":"","meta":[],"product_brand":[],"product_cat":[140,141],"product_tag":[],"class_list":{"0":"post-4317","1":"product","2":"type-product","3":"status-publish","4":"has-post-thumbnail","6":"product_cat-ehted","7":"product_cat-korvarongad","8":"product_shipping_class-vaike-toode","10":"entry","11":"has-media","13":"first","14":"instock","15":"taxable","16":"shipping-taxable","17":"purchasable","18":"product-type-simple","19":"add-to-wishlist-after_add_to_cart","20":"has-product-nav","21":"col","22":"span_1_of_3","23":"owp-content-center","24":"owp-thumbs-layout-horizontal","25":"owp-btn-normal","26":"owp-tabs-layout-horizontal"},"yoast_head":"<!-- This site is optimized with the Yoast SEO plugin v27.4 - https:\/\/yoast.com\/product\/yoast-seo-wordpress\/ -->\n<title>Helin - The Hedgehog Factory<\/title>\n<meta name=\"robots\" content=\"index, follow, max-snippet:-1, max-image-preview:large, max-video-preview:-1\" \/>\n<link rel=\"canonical\" href=\"https:\/\/thehedgehogfactory.com\/et\/produit\/helin\/\" \/>\n<meta property=\"og:locale\" content=\"et_EE\" \/>\n<meta property=\"og:type\" content=\"article\" \/>\n<meta property=\"og:title\" content=\"Helin - The Hedgehog Factory\" \/>\n<meta property=\"og:description\" content=\"Graafilised ja kerged k\u00f5rvar\u00f5ngad, inspireeritud Eesti lipu v\u00e4rvidest. Moodne a\u017euurne disain, p\u00f5hjamaise elegantsi ja kindla iseloomuga.\" \/>\n<meta property=\"og:url\" content=\"https:\/\/thehedgehogfactory.com\/et\/produit\/helin\/\" \/>\n<meta property=\"og:site_name\" content=\"The Hedgehog Factory\" \/>\n<meta property=\"article:publisher\" content=\"https:\/\/www.facebook.com\/TheHedgehogFactory\" \/>\n<meta property=\"article:modified_time\" content=\"2026-04-20T14:29:06+00:00\" \/>\n<meta property=\"og:image\" content=\"https:\/\/thehedgehogfactory.com\/wp-content\/uploads\/2026\/01\/ChatGPT-Image-17-janv.-2026-10_15_49.webp\" \/>\n\t<meta property=\"og:image:width\" content=\"1024\" \/>\n\t<meta property=\"og:image:height\" content=\"1536\" \/>\n\t<meta property=\"og:image:type\" content=\"image\/webp\" \/>\n<meta name=\"twitter:card\" content=\"summary_large_image\" \/>\n<meta name=\"twitter:label1\" content=\"Est. reading time\" \/>\n\t<meta name=\"twitter:data1\" content=\"1 minut\" \/>\n<script type=\"application\/ld+json\" class=\"yoast-schema-graph\">{\"@context\":\"https:\\\/\\\/schema.org\",\"@graph\":[{\"@type\":\"WebPage\",\"@id\":\"https:\\\/\\\/thehedgehogfactory.com\\\/et\\\/produit\\\/helin\\\/\",\"url\":\"https:\\\/\\\/thehedgehogfactory.com\\\/et\\\/produit\\\/helin\\\/\",\"name\":\"Helin - The Hedgehog Factory\",\"isPartOf\":{\"@id\":\"https:\\\/\\\/thehedgehogfactory.com\\\/#website\"},\"primaryImageOfPage\":{\"@id\":\"https:\\\/\\\/thehedgehogfactory.com\\\/et\\\/produit\\\/helin\\\/#primaryimage\"},\"image\":{\"@id\":\"https:\\\/\\\/thehedgehogfactory.com\\\/et\\\/produit\\\/helin\\\/#primaryimage\"},\"thumbnailUrl\":\"https:\\\/\\\/thehedgehogfactory.com\\\/wp-content\\\/uploads\\\/2026\\\/01\\\/ChatGPT-Image-17-janv.-2026-10_15_49.webp\",\"datePublished\":\"2026-01-17T08:19:31+00:00\",\"dateModified\":\"2026-04-20T14:29:06+00:00\",\"breadcrumb\":{\"@id\":\"https:\\\/\\\/thehedgehogfactory.com\\\/et\\\/produit\\\/helin\\\/#breadcrumb\"},\"inLanguage\":\"et\",\"potentialAction\":[{\"@type\":\"ReadAction\",\"target\":[\"https:\\\/\\\/thehedgehogfactory.com\\\/et\\\/produit\\\/helin\\\/\"]}]},{\"@type\":\"ImageObject\",\"inLanguage\":\"et\",\"@id\":\"https:\\\/\\\/thehedgehogfactory.com\\\/et\\\/produit\\\/helin\\\/#primaryimage\",\"url\":\"https:\\\/\\\/thehedgehogfactory.com\\\/wp-content\\\/uploads\\\/2026\\\/01\\\/ChatGPT-Image-17-janv.-2026-10_15_49.webp\",\"contentUrl\":\"https:\\\/\\\/thehedgehogfactory.com\\\/wp-content\\\/uploads\\\/2026\\\/01\\\/ChatGPT-Image-17-janv.-2026-10_15_49.webp\",\"width\":1024,\"height\":1536},{\"@type\":\"BreadcrumbList\",\"@id\":\"https:\\\/\\\/thehedgehogfactory.com\\\/et\\\/produit\\\/helin\\\/#breadcrumb\",\"itemListElement\":[{\"@type\":\"ListItem\",\"position\":1,\"name\":\"Accueil\",\"item\":\"https:\\\/\\\/thehedgehogfactory.com\\\/\"},{\"@type\":\"ListItem\",\"position\":2,\"name\":\"Pood*\",\"item\":\"https:\\\/\\\/thehedgehogfactory.com\\\/et\\\/pood\\\/\"},{\"@type\":\"ListItem\",\"position\":3,\"name\":\"Helin\"}]},{\"@type\":\"WebSite\",\"@id\":\"https:\\\/\\\/thehedgehogfactory.com\\\/#website\",\"url\":\"https:\\\/\\\/thehedgehogfactory.com\\\/\",\"name\":\"The Hedgehog Factory\",\"description\":\"Quand l\u2019impression 3D rencontre la d\u00e9co\",\"publisher\":{\"@id\":\"https:\\\/\\\/thehedgehogfactory.com\\\/#organization\"},\"potentialAction\":[{\"@type\":\"SearchAction\",\"target\":{\"@type\":\"EntryPoint\",\"urlTemplate\":\"https:\\\/\\\/thehedgehogfactory.com\\\/?s={search_term_string}\"},\"query-input\":{\"@type\":\"PropertyValueSpecification\",\"valueRequired\":true,\"valueName\":\"search_term_string\"}}],\"inLanguage\":\"et\"},{\"@type\":\"Organization\",\"@id\":\"https:\\\/\\\/thehedgehogfactory.com\\\/#organization\",\"name\":\"The Hedgehog Factory\",\"url\":\"https:\\\/\\\/thehedgehogfactory.com\\\/\",\"logo\":{\"@type\":\"ImageObject\",\"inLanguage\":\"et\",\"@id\":\"https:\\\/\\\/thehedgehogfactory.com\\\/#\\\/schema\\\/logo\\\/image\\\/\",\"url\":\"https:\\\/\\\/thehedgehogfactory.com\\\/wp-content\\\/uploads\\\/2025\\\/04\\\/la-fabrique-3.webp\",\"contentUrl\":\"https:\\\/\\\/thehedgehogfactory.com\\\/wp-content\\\/uploads\\\/2025\\\/04\\\/la-fabrique-3.webp\",\"width\":500,\"height\":500,\"caption\":\"The Hedgehog Factory\"},\"image\":{\"@id\":\"https:\\\/\\\/thehedgehogfactory.com\\\/#\\\/schema\\\/logo\\\/image\\\/\"},\"sameAs\":[\"https:\\\/\\\/www.facebook.com\\\/TheHedgehogFactory\",\"https:\\\/\\\/www.instagram.com\\\/thfcreations\\\/\",\"https:\\\/\\\/fr.pinterest.com\\\/TheHedgehogFactory\\\/\"]}]}<\/script>\n<!-- \/ Yoast SEO plugin. -->","yoast_head_json":{"title":"Helin - The Hedgehog Factory","robots":{"index":"index","follow":"follow","max-snippet":"max-snippet:-1","max-image-preview":"max-image-preview:large","max-video-preview":"max-video-preview:-1"},"canonical":"https:\/\/thehedgehogfactory.com\/et\/produit\/helin\/","og_locale":"et_EE","og_type":"article","og_title":"Helin - The Hedgehog Factory","og_description":"Graafilised ja kerged k\u00f5rvar\u00f5ngad, inspireeritud Eesti lipu v\u00e4rvidest. Moodne a\u017euurne disain, p\u00f5hjamaise elegantsi ja kindla iseloomuga.","og_url":"https:\/\/thehedgehogfactory.com\/et\/produit\/helin\/","og_site_name":"The Hedgehog Factory","article_publisher":"https:\/\/www.facebook.com\/TheHedgehogFactory","article_modified_time":"2026-04-20T14:29:06+00:00","og_image":[{"width":1024,"height":1536,"url":"https:\/\/thehedgehogfactory.com\/wp-content\/uploads\/2026\/01\/ChatGPT-Image-17-janv.-2026-10_15_49.webp","type":"image\/webp"}],"twitter_card":"summary_large_image","twitter_misc":{"Est. reading time":"1 minut"},"schema":{"@context":"https:\/\/schema.org","@graph":[{"@type":"WebPage","@id":"https:\/\/thehedgehogfactory.com\/et\/produit\/helin\/","url":"https:\/\/thehedgehogfactory.com\/et\/produit\/helin\/","name":"Helin - The Hedgehog Factory","isPartOf":{"@id":"https:\/\/thehedgehogfactory.com\/#website"},"primaryImageOfPage":{"@id":"https:\/\/thehedgehogfactory.com\/et\/produit\/helin\/#primaryimage"},"image":{"@id":"https:\/\/thehedgehogfactory.com\/et\/produit\/helin\/#primaryimage"},"thumbnailUrl":"https:\/\/thehedgehogfactory.com\/wp-content\/uploads\/2026\/01\/ChatGPT-Image-17-janv.-2026-10_15_49.webp","datePublished":"2026-01-17T08:19:31+00:00","dateModified":"2026-04-20T14:29:06+00:00","breadcrumb":{"@id":"https:\/\/thehedgehogfactory.com\/et\/produit\/helin\/#breadcrumb"},"inLanguage":"et","potentialAction":[{"@type":"ReadAction","target":["https:\/\/thehedgehogfactory.com\/et\/produit\/helin\/"]}]},{"@type":"ImageObject","inLanguage":"et","@id":"https:\/\/thehedgehogfactory.com\/et\/produit\/helin\/#primaryimage","url":"https:\/\/thehedgehogfactory.com\/wp-content\/uploads\/2026\/01\/ChatGPT-Image-17-janv.-2026-10_15_49.webp","contentUrl":"https:\/\/thehedgehogfactory.com\/wp-content\/uploads\/2026\/01\/ChatGPT-Image-17-janv.-2026-10_15_49.webp","width":1024,"height":1536},{"@type":"BreadcrumbList","@id":"https:\/\/thehedgehogfactory.com\/et\/produit\/helin\/#breadcrumb","itemListElement":[{"@type":"ListItem","position":1,"name":"Accueil","item":"https:\/\/thehedgehogfactory.com\/"},{"@type":"ListItem","position":2,"name":"Pood*","item":"https:\/\/thehedgehogfactory.com\/et\/pood\/"},{"@type":"ListItem","position":3,"name":"Helin"}]},{"@type":"WebSite","@id":"https:\/\/thehedgehogfactory.com\/#website","url":"https:\/\/thehedgehogfactory.com\/","name":"The Hedgehog Factory","description":"Quand l\u2019impression 3D rencontre la d\u00e9co","publisher":{"@id":"https:\/\/thehedgehogfactory.com\/#organization"},"potentialAction":[{"@type":"SearchAction","target":{"@type":"EntryPoint","urlTemplate":"https:\/\/thehedgehogfactory.com\/?s={search_term_string}"},"query-input":{"@type":"PropertyValueSpecification","valueRequired":true,"valueName":"search_term_string"}}],"inLanguage":"et"},{"@type":"Organization","@id":"https:\/\/thehedgehogfactory.com\/#organization","name":"The Hedgehog Factory","url":"https:\/\/thehedgehogfactory.com\/","logo":{"@type":"ImageObject","inLanguage":"et","@id":"https:\/\/thehedgehogfactory.com\/#\/schema\/logo\/image\/","url":"https:\/\/thehedgehogfactory.com\/wp-content\/uploads\/2025\/04\/la-fabrique-3.webp","contentUrl":"https:\/\/thehedgehogfactory.com\/wp-content\/uploads\/2025\/04\/la-fabrique-3.webp","width":500,"height":500,"caption":"The Hedgehog Factory"},"image":{"@id":"https:\/\/thehedgehogfactory.com\/#\/schema\/logo\/image\/"},"sameAs":["https:\/\/www.facebook.com\/TheHedgehogFactory","https:\/\/www.instagram.com\/thfcreations\/","https:\/\/fr.pinterest.com\/TheHedgehogFactory\/"]}]}},"_links":{"self":[{"href":"https:\/\/thehedgehogfactory.com\/et\/wp-json\/wp\/v2\/product\/4317","targetHints":{"allow":["GET"]}}],"collection":[{"href":"https:\/\/thehedgehogfactory.com\/et\/wp-json\/wp\/v2\/product"}],"about":[{"href":"https:\/\/thehedgehogfactory.com\/et\/wp-json\/wp\/v2\/types\/product"}],"replies":[{"embeddable":true,"href":"https:\/\/thehedgehogfactory.com\/et\/wp-json\/wp\/v2\/comments?post=4317"}],"version-history":[{"count":1,"href":"https:\/\/thehedgehogfactory.com\/et\/wp-json\/wp\/v2\/product\/4317\/revisions"}],"predecessor-version":[{"id":5548,"href":"https:\/\/thehedgehogfactory.com\/et\/wp-json\/wp\/v2\/product\/4317\/revisions\/5548"}],"wp:featuredmedia":[{"embeddable":true,"href":"https:\/\/thehedgehogfactory.com\/et\/wp-json\/wp\/v2\/media\/4318"}],"wp:attachment":[{"href":"https:\/\/thehedgehogfactory.com\/et\/wp-json\/wp\/v2\/media?parent=4317"}],"wp:term":[{"taxonomy":"product_brand","embeddable":true,"href":"https:\/\/thehedgehogfactory.com\/et\/wp-json\/wp\/v2\/product_brand?post=4317"},{"taxonomy":"product_cat","embeddable":true,"href":"https:\/\/thehedgehogfactory.com\/et\/wp-json\/wp\/v2\/product_cat?post=4317"},{"taxonomy":"product_tag","embeddable":true,"href":"https:\/\/thehedgehogfactory.com\/et\/wp-json\/wp\/v2\/product_tag?post=4317"}],"curies":[{"name":"wp","href":"https:\/\/api.w.org\/{rel}","templated":true}]}}