{"id":4262,"date":"2025-12-10T07:59:15","date_gmt":"2025-12-10T06:59:15","guid":{"rendered":"https:\/\/thehedgehogfactory.com\/produit\/cybera\/"},"modified":"2025-12-10T07:59:15","modified_gmt":"2025-12-10T06:59:15","slug":"cybera","status":"publish","type":"product","link":"https:\/\/thehedgehogfactory.com\/et\/produit\/cybera\/","title":{"rendered":"Cybera"},"content":{"rendered":"<p>CYBERA lillepott kehastab looduse ja tehnoloogia kohtumist. Nurgeliste joonte ja tr\u00fckkplaatidest inspireeritud mustritega pakub see julget, selgelt futuristlikku disaini. Mattmust viimistlus annab sellele kaine ja kaasaegse elegantsi, ideaalne moodsatesse, t\u00f6\u00f6stuslikesse v\u00f5i minimalistlikesse keskkondadesse.  <\/p>\n<p>3D-prinditud CYBERA \u00fchendab t\u00e4psuse, vastupidavuse ja originaalsuse. See toob esile nii rohelised taimed, sukulendid kui ka graafilisemad kompositsioonid. M\u00f5eldud t\u00f5elise dekoratiivesemena, ei piirdu see vaid taime majutamisega: sellest saab sinu interj\u00f6\u00f6ri tugev element.  <\/p>\n<p>Iga looming valmib tellimuse peale ja on ainulaadne t\u00fckk; seega v\u00f5ivad v\u00e4rvid esemeti veidi erineda.<\/p>\n","protected":false},"excerpt":{"rendered":"<p>CYBERA on futuristliku ja graafilise disainiga lillepott, inspireeritud elektroonilistest vooluringidest. Selle mattmust stiil ja geomeetrilised jooned t\u00e4iustavad nii taimi kui ka moodsaid interj\u00f6\u00f6re. <\/p>\n","protected":false},"featured_media":4263,"comment_status":"open","ping_status":"closed","template":"","meta":[],"product_brand":[],"product_cat":[130],"product_tag":[],"class_list":{"0":"post-4262","1":"product","2":"type-product","3":"status-publish","4":"has-post-thumbnail","6":"product_cat-vaas","7":"product_shipping_class-hapras","9":"entry","10":"has-media","12":"first","13":"instock","14":"taxable","15":"shipping-taxable","16":"purchasable","17":"product-type-simple","18":"add-to-wishlist-after_add_to_cart","19":"has-product-nav","20":"col","21":"span_1_of_3","22":"owp-content-center","23":"owp-thumbs-layout-horizontal","24":"owp-btn-normal","25":"owp-tabs-layout-horizontal","26":"has-no-thumbnails"},"yoast_head":"<!-- This site is optimized with the Yoast SEO plugin v27.4 - https:\/\/yoast.com\/product\/yoast-seo-wordpress\/ -->\n<title>Cybera - The Hedgehog Factory<\/title>\n<meta name=\"description\" content=\"CYBERA on futuristliku ja graafilise disainiga lillepott, inspireeritud elektroonilistest vooluringidest. Selle mattmust stiil ja geomeetrilised jooned t\u00e4iustavad nii taimi kui ka moodsaid interj\u00f6\u00f6re.\" \/>\n<meta name=\"robots\" content=\"index, follow, max-snippet:-1, max-image-preview:large, max-video-preview:-1\" \/>\n<link rel=\"canonical\" href=\"https:\/\/thehedgehogfactory.com\/et\/produit\/cybera\/\" \/>\n<meta property=\"og:locale\" content=\"et_EE\" \/>\n<meta property=\"og:type\" content=\"article\" \/>\n<meta property=\"og:title\" content=\"Cybera - The Hedgehog Factory\" \/>\n<meta property=\"og:description\" content=\"CYBERA on futuristliku ja graafilise disainiga lillepott, inspireeritud elektroonilistest vooluringidest. Selle mattmust stiil ja geomeetrilised jooned t\u00e4iustavad nii taimi kui ka moodsaid interj\u00f6\u00f6re.\" \/>\n<meta property=\"og:url\" content=\"https:\/\/thehedgehogfactory.com\/et\/produit\/cybera\/\" \/>\n<meta property=\"og:site_name\" content=\"The Hedgehog Factory\" \/>\n<meta property=\"article:publisher\" content=\"https:\/\/www.facebook.com\/TheHedgehogFactory\" \/>\n<meta property=\"og:image\" content=\"https:\/\/thehedgehogfactory.com\/wp-content\/uploads\/2025\/12\/ChatGPT-Image-10-dec.-2025-07_43_28.webp\" \/>\n\t<meta property=\"og:image:width\" content=\"1024\" \/>\n\t<meta property=\"og:image:height\" content=\"1024\" \/>\n\t<meta property=\"og:image:type\" content=\"image\/webp\" \/>\n<meta name=\"twitter:card\" content=\"summary_large_image\" \/>\n<script type=\"application\/ld+json\" class=\"yoast-schema-graph\">{\"@context\":\"https:\\\/\\\/schema.org\",\"@graph\":[{\"@type\":\"WebPage\",\"@id\":\"https:\\\/\\\/thehedgehogfactory.com\\\/et\\\/produit\\\/cybera\\\/\",\"url\":\"https:\\\/\\\/thehedgehogfactory.com\\\/et\\\/produit\\\/cybera\\\/\",\"name\":\"Cybera - The Hedgehog Factory\",\"isPartOf\":{\"@id\":\"https:\\\/\\\/thehedgehogfactory.com\\\/#website\"},\"primaryImageOfPage\":{\"@id\":\"https:\\\/\\\/thehedgehogfactory.com\\\/et\\\/produit\\\/cybera\\\/#primaryimage\"},\"image\":{\"@id\":\"https:\\\/\\\/thehedgehogfactory.com\\\/et\\\/produit\\\/cybera\\\/#primaryimage\"},\"thumbnailUrl\":\"https:\\\/\\\/thehedgehogfactory.com\\\/wp-content\\\/uploads\\\/2025\\\/12\\\/ChatGPT-Image-10-dec.-2025-07_43_28.webp\",\"datePublished\":\"2025-12-10T06:59:15+00:00\",\"description\":\"CYBERA on futuristliku ja graafilise disainiga lillepott, inspireeritud elektroonilistest vooluringidest. Selle mattmust stiil ja geomeetrilised jooned t\u00e4iustavad nii taimi kui ka moodsaid interj\u00f6\u00f6re.\",\"breadcrumb\":{\"@id\":\"https:\\\/\\\/thehedgehogfactory.com\\\/et\\\/produit\\\/cybera\\\/#breadcrumb\"},\"inLanguage\":\"et\",\"potentialAction\":[{\"@type\":\"ReadAction\",\"target\":[\"https:\\\/\\\/thehedgehogfactory.com\\\/et\\\/produit\\\/cybera\\\/\"]}]},{\"@type\":\"ImageObject\",\"inLanguage\":\"et\",\"@id\":\"https:\\\/\\\/thehedgehogfactory.com\\\/et\\\/produit\\\/cybera\\\/#primaryimage\",\"url\":\"https:\\\/\\\/thehedgehogfactory.com\\\/wp-content\\\/uploads\\\/2025\\\/12\\\/ChatGPT-Image-10-dec.-2025-07_43_28.webp\",\"contentUrl\":\"https:\\\/\\\/thehedgehogfactory.com\\\/wp-content\\\/uploads\\\/2025\\\/12\\\/ChatGPT-Image-10-dec.-2025-07_43_28.webp\",\"width\":1024,\"height\":1024},{\"@type\":\"BreadcrumbList\",\"@id\":\"https:\\\/\\\/thehedgehogfactory.com\\\/et\\\/produit\\\/cybera\\\/#breadcrumb\",\"itemListElement\":[{\"@type\":\"ListItem\",\"position\":1,\"name\":\"Accueil\",\"item\":\"https:\\\/\\\/thehedgehogfactory.com\\\/\"},{\"@type\":\"ListItem\",\"position\":2,\"name\":\"Pood*\",\"item\":\"https:\\\/\\\/thehedgehogfactory.com\\\/et\\\/pood\\\/\"},{\"@type\":\"ListItem\",\"position\":3,\"name\":\"Cybera\"}]},{\"@type\":\"WebSite\",\"@id\":\"https:\\\/\\\/thehedgehogfactory.com\\\/#website\",\"url\":\"https:\\\/\\\/thehedgehogfactory.com\\\/\",\"name\":\"The Hedgehog Factory\",\"description\":\"Quand l\u2019impression 3D rencontre la d\u00e9co\",\"publisher\":{\"@id\":\"https:\\\/\\\/thehedgehogfactory.com\\\/#organization\"},\"potentialAction\":[{\"@type\":\"SearchAction\",\"target\":{\"@type\":\"EntryPoint\",\"urlTemplate\":\"https:\\\/\\\/thehedgehogfactory.com\\\/?s={search_term_string}\"},\"query-input\":{\"@type\":\"PropertyValueSpecification\",\"valueRequired\":true,\"valueName\":\"search_term_string\"}}],\"inLanguage\":\"et\"},{\"@type\":\"Organization\",\"@id\":\"https:\\\/\\\/thehedgehogfactory.com\\\/#organization\",\"name\":\"The Hedgehog Factory\",\"url\":\"https:\\\/\\\/thehedgehogfactory.com\\\/\",\"logo\":{\"@type\":\"ImageObject\",\"inLanguage\":\"et\",\"@id\":\"https:\\\/\\\/thehedgehogfactory.com\\\/#\\\/schema\\\/logo\\\/image\\\/\",\"url\":\"https:\\\/\\\/thehedgehogfactory.com\\\/wp-content\\\/uploads\\\/2025\\\/04\\\/la-fabrique-3.webp\",\"contentUrl\":\"https:\\\/\\\/thehedgehogfactory.com\\\/wp-content\\\/uploads\\\/2025\\\/04\\\/la-fabrique-3.webp\",\"width\":500,\"height\":500,\"caption\":\"The Hedgehog Factory\"},\"image\":{\"@id\":\"https:\\\/\\\/thehedgehogfactory.com\\\/#\\\/schema\\\/logo\\\/image\\\/\"},\"sameAs\":[\"https:\\\/\\\/www.facebook.com\\\/TheHedgehogFactory\",\"https:\\\/\\\/www.instagram.com\\\/thfcreations\\\/\",\"https:\\\/\\\/fr.pinterest.com\\\/TheHedgehogFactory\\\/\"]}]}<\/script>\n<!-- \/ Yoast SEO plugin. -->","yoast_head_json":{"title":"Cybera - The Hedgehog Factory","description":"CYBERA on futuristliku ja graafilise disainiga lillepott, inspireeritud elektroonilistest vooluringidest. Selle mattmust stiil ja geomeetrilised jooned t\u00e4iustavad nii taimi kui ka moodsaid interj\u00f6\u00f6re.","robots":{"index":"index","follow":"follow","max-snippet":"max-snippet:-1","max-image-preview":"max-image-preview:large","max-video-preview":"max-video-preview:-1"},"canonical":"https:\/\/thehedgehogfactory.com\/et\/produit\/cybera\/","og_locale":"et_EE","og_type":"article","og_title":"Cybera - The Hedgehog Factory","og_description":"CYBERA on futuristliku ja graafilise disainiga lillepott, inspireeritud elektroonilistest vooluringidest. Selle mattmust stiil ja geomeetrilised jooned t\u00e4iustavad nii taimi kui ka moodsaid interj\u00f6\u00f6re.","og_url":"https:\/\/thehedgehogfactory.com\/et\/produit\/cybera\/","og_site_name":"The Hedgehog Factory","article_publisher":"https:\/\/www.facebook.com\/TheHedgehogFactory","og_image":[{"width":1024,"height":1024,"url":"https:\/\/thehedgehogfactory.com\/wp-content\/uploads\/2025\/12\/ChatGPT-Image-10-dec.-2025-07_43_28.webp","type":"image\/webp"}],"twitter_card":"summary_large_image","schema":{"@context":"https:\/\/schema.org","@graph":[{"@type":"WebPage","@id":"https:\/\/thehedgehogfactory.com\/et\/produit\/cybera\/","url":"https:\/\/thehedgehogfactory.com\/et\/produit\/cybera\/","name":"Cybera - The Hedgehog Factory","isPartOf":{"@id":"https:\/\/thehedgehogfactory.com\/#website"},"primaryImageOfPage":{"@id":"https:\/\/thehedgehogfactory.com\/et\/produit\/cybera\/#primaryimage"},"image":{"@id":"https:\/\/thehedgehogfactory.com\/et\/produit\/cybera\/#primaryimage"},"thumbnailUrl":"https:\/\/thehedgehogfactory.com\/wp-content\/uploads\/2025\/12\/ChatGPT-Image-10-dec.-2025-07_43_28.webp","datePublished":"2025-12-10T06:59:15+00:00","description":"CYBERA on futuristliku ja graafilise disainiga lillepott, inspireeritud elektroonilistest vooluringidest. Selle mattmust stiil ja geomeetrilised jooned t\u00e4iustavad nii taimi kui ka moodsaid interj\u00f6\u00f6re.","breadcrumb":{"@id":"https:\/\/thehedgehogfactory.com\/et\/produit\/cybera\/#breadcrumb"},"inLanguage":"et","potentialAction":[{"@type":"ReadAction","target":["https:\/\/thehedgehogfactory.com\/et\/produit\/cybera\/"]}]},{"@type":"ImageObject","inLanguage":"et","@id":"https:\/\/thehedgehogfactory.com\/et\/produit\/cybera\/#primaryimage","url":"https:\/\/thehedgehogfactory.com\/wp-content\/uploads\/2025\/12\/ChatGPT-Image-10-dec.-2025-07_43_28.webp","contentUrl":"https:\/\/thehedgehogfactory.com\/wp-content\/uploads\/2025\/12\/ChatGPT-Image-10-dec.-2025-07_43_28.webp","width":1024,"height":1024},{"@type":"BreadcrumbList","@id":"https:\/\/thehedgehogfactory.com\/et\/produit\/cybera\/#breadcrumb","itemListElement":[{"@type":"ListItem","position":1,"name":"Accueil","item":"https:\/\/thehedgehogfactory.com\/"},{"@type":"ListItem","position":2,"name":"Pood*","item":"https:\/\/thehedgehogfactory.com\/et\/pood\/"},{"@type":"ListItem","position":3,"name":"Cybera"}]},{"@type":"WebSite","@id":"https:\/\/thehedgehogfactory.com\/#website","url":"https:\/\/thehedgehogfactory.com\/","name":"The Hedgehog Factory","description":"Quand l\u2019impression 3D rencontre la d\u00e9co","publisher":{"@id":"https:\/\/thehedgehogfactory.com\/#organization"},"potentialAction":[{"@type":"SearchAction","target":{"@type":"EntryPoint","urlTemplate":"https:\/\/thehedgehogfactory.com\/?s={search_term_string}"},"query-input":{"@type":"PropertyValueSpecification","valueRequired":true,"valueName":"search_term_string"}}],"inLanguage":"et"},{"@type":"Organization","@id":"https:\/\/thehedgehogfactory.com\/#organization","name":"The Hedgehog Factory","url":"https:\/\/thehedgehogfactory.com\/","logo":{"@type":"ImageObject","inLanguage":"et","@id":"https:\/\/thehedgehogfactory.com\/#\/schema\/logo\/image\/","url":"https:\/\/thehedgehogfactory.com\/wp-content\/uploads\/2025\/04\/la-fabrique-3.webp","contentUrl":"https:\/\/thehedgehogfactory.com\/wp-content\/uploads\/2025\/04\/la-fabrique-3.webp","width":500,"height":500,"caption":"The Hedgehog Factory"},"image":{"@id":"https:\/\/thehedgehogfactory.com\/#\/schema\/logo\/image\/"},"sameAs":["https:\/\/www.facebook.com\/TheHedgehogFactory","https:\/\/www.instagram.com\/thfcreations\/","https:\/\/fr.pinterest.com\/TheHedgehogFactory\/"]}]}},"_links":{"self":[{"href":"https:\/\/thehedgehogfactory.com\/et\/wp-json\/wp\/v2\/product\/4262","targetHints":{"allow":["GET"]}}],"collection":[{"href":"https:\/\/thehedgehogfactory.com\/et\/wp-json\/wp\/v2\/product"}],"about":[{"href":"https:\/\/thehedgehogfactory.com\/et\/wp-json\/wp\/v2\/types\/product"}],"replies":[{"embeddable":true,"href":"https:\/\/thehedgehogfactory.com\/et\/wp-json\/wp\/v2\/comments?post=4262"}],"version-history":[{"count":0,"href":"https:\/\/thehedgehogfactory.com\/et\/wp-json\/wp\/v2\/product\/4262\/revisions"}],"wp:featuredmedia":[{"embeddable":true,"href":"https:\/\/thehedgehogfactory.com\/et\/wp-json\/wp\/v2\/media\/4263"}],"wp:attachment":[{"href":"https:\/\/thehedgehogfactory.com\/et\/wp-json\/wp\/v2\/media?parent=4262"}],"wp:term":[{"taxonomy":"product_brand","embeddable":true,"href":"https:\/\/thehedgehogfactory.com\/et\/wp-json\/wp\/v2\/product_brand?post=4262"},{"taxonomy":"product_cat","embeddable":true,"href":"https:\/\/thehedgehogfactory.com\/et\/wp-json\/wp\/v2\/product_cat?post=4262"},{"taxonomy":"product_tag","embeddable":true,"href":"https:\/\/thehedgehogfactory.com\/et\/wp-json\/wp\/v2\/product_tag?post=4262"}],"curies":[{"name":"wp","href":"https:\/\/api.w.org\/{rel}","templated":true}]}}