{"id":4251,"date":"2025-12-05T10:57:00","date_gmt":"2025-12-05T09:57:00","guid":{"rendered":"https:\/\/thehedgehogfactory.com\/produit\/pulsar\/"},"modified":"2025-12-05T10:57:00","modified_gmt":"2025-12-05T09:57:00","slug":"pulsar","status":"publish","type":"product","link":"https:\/\/thehedgehogfactory.com\/et\/produit\/pulsar\/","title":{"rendered":"Pulsar"},"content":{"rendered":"<p>Energiast ja liikumisest inspireeritud Pulsar on tugeva iseloomuga disainlamp. Selle skulpturaalne, orgaaniliste ja d\u00fcnaamiliste joontega alus meenutab laienevat, peaaegu elavat vormi, mis p\u00fc\u00fcab koheselt pilku. See on kontrastiks selle silindrilise lambivarju t\u00e4iuslikule lihtsusele, luues peene tasakaalu visuaalse j\u00f5u ja minimalistliku elegantsi vahel.  <\/p>\n<p>T\u00f5elise dekoratiivesemena loodud Pulsar sobib nii kaasaegsesse interj\u00f6\u00f6ri kui ka eklektilisemasse keskkonda. See levitab pehmet ja \u00fcmbritsevat valgust, mis on ideaalne hubase atmosf\u00e4\u00e4ri loomiseks elutoas, magamistoas v\u00f5i t\u00f6\u00f6ruumis. <\/p>\n<p>Saadaval mitmes viimistluses (metall, valge, must, punane), Pulsar kohandub iga isiksusega ja saab t\u00e4ie\u00f5iguslikuks valgussignatuuriks.<\/p>\n<p><em>Aluse m\u00f5\u00f5tmed: 19 x 19 x 19 cm<br \/>\nLambivarju m\u00f5\u00f5tmed: 22 x 22 x 16 cm<\/em><\/p>\n<p><em>Iga looming valmib tellimuse peale ja on ainulaadne t\u00fckk; seega v\u00f5ivad v\u00e4rvid esemeti veidi erineda.<\/em><\/p>\n","protected":false},"excerpt":{"rendered":"<p>Pulsar on skulpturaalse ja kaasaegse disainiga lamp, mis \u00fchendab voolava ja arhitektuurse aluse puhta silindrilise lambivarjuga. Tugev disainielement, mis levitab pehmet ja elegantset valgust igasse kaasaegsesse interj\u00f6\u00f6ri. <\/p>\n","protected":false},"featured_media":4252,"comment_status":"open","ping_status":"closed","template":"","meta":[],"product_brand":[],"product_cat":[131],"product_tag":[],"class_list":{"0":"post-4251","1":"product","2":"type-product","3":"status-publish","4":"has-post-thumbnail","6":"product_cat-lamp","7":"product_shipping_class-hapras","9":"entry","10":"has-media","12":"first","13":"instock","14":"taxable","15":"shipping-taxable","16":"purchasable","17":"product-type-variable","18":"add-to-wishlist-after_add_to_cart","19":"has-product-nav","20":"col","21":"span_1_of_3","22":"owp-content-center","23":"owp-thumbs-layout-horizontal","24":"owp-btn-normal","25":"owp-tabs-layout-horizontal"},"yoast_head":"<!-- This site is optimized with the Yoast SEO plugin v27.4 - https:\/\/yoast.com\/product\/yoast-seo-wordpress\/ -->\n<title>Pulsar - The Hedgehog Factory<\/title>\n<meta name=\"description\" content=\"Pulsar on skulpturaalse ja kaasaegse disainiga lamp, mis \u00fchendab voolava ja arhitektuurse aluse puhta silindrilise lambivarjuga. Tugev disainielement, mis levitab pehmet ja elegantset valgust igasse kaasaegsesse interj\u00f6\u00f6ri.\" \/>\n<meta name=\"robots\" content=\"index, follow, max-snippet:-1, max-image-preview:large, max-video-preview:-1\" \/>\n<link rel=\"canonical\" href=\"https:\/\/thehedgehogfactory.com\/et\/produit\/pulsar\/\" \/>\n<meta property=\"og:locale\" content=\"et_EE\" \/>\n<meta property=\"og:type\" content=\"article\" \/>\n<meta property=\"og:title\" content=\"Pulsar - The Hedgehog Factory\" \/>\n<meta property=\"og:description\" content=\"Pulsar on skulpturaalse ja kaasaegse disainiga lamp, mis \u00fchendab voolava ja arhitektuurse aluse puhta silindrilise lambivarjuga. Tugev disainielement, mis levitab pehmet ja elegantset valgust igasse kaasaegsesse interj\u00f6\u00f6ri.\" \/>\n<meta property=\"og:url\" content=\"https:\/\/thehedgehogfactory.com\/et\/produit\/pulsar\/\" \/>\n<meta property=\"og:site_name\" content=\"The Hedgehog Factory\" \/>\n<meta property=\"article:publisher\" content=\"https:\/\/www.facebook.com\/TheHedgehogFactory\" \/>\n<meta property=\"og:image\" content=\"https:\/\/thehedgehogfactory.com\/wp-content\/uploads\/2025\/12\/ChatGPT-Image-5-dec.-2025-09_43_41.webp\" \/>\n\t<meta property=\"og:image:width\" content=\"1024\" \/>\n\t<meta property=\"og:image:height\" content=\"1536\" \/>\n\t<meta property=\"og:image:type\" content=\"image\/webp\" \/>\n<meta name=\"twitter:card\" content=\"summary_large_image\" \/>\n<meta name=\"twitter:label1\" content=\"Est. reading time\" \/>\n\t<meta name=\"twitter:data1\" content=\"1 minut\" \/>\n<script type=\"application\/ld+json\" class=\"yoast-schema-graph\">{\"@context\":\"https:\\\/\\\/schema.org\",\"@graph\":[{\"@type\":\"WebPage\",\"@id\":\"https:\\\/\\\/thehedgehogfactory.com\\\/et\\\/produit\\\/pulsar\\\/\",\"url\":\"https:\\\/\\\/thehedgehogfactory.com\\\/et\\\/produit\\\/pulsar\\\/\",\"name\":\"Pulsar - The Hedgehog Factory\",\"isPartOf\":{\"@id\":\"https:\\\/\\\/thehedgehogfactory.com\\\/#website\"},\"primaryImageOfPage\":{\"@id\":\"https:\\\/\\\/thehedgehogfactory.com\\\/et\\\/produit\\\/pulsar\\\/#primaryimage\"},\"image\":{\"@id\":\"https:\\\/\\\/thehedgehogfactory.com\\\/et\\\/produit\\\/pulsar\\\/#primaryimage\"},\"thumbnailUrl\":\"https:\\\/\\\/thehedgehogfactory.com\\\/wp-content\\\/uploads\\\/2025\\\/12\\\/ChatGPT-Image-5-dec.-2025-09_43_41.webp\",\"datePublished\":\"2025-12-05T09:57:00+00:00\",\"description\":\"Pulsar on skulpturaalse ja kaasaegse disainiga lamp, mis \u00fchendab voolava ja arhitektuurse aluse puhta silindrilise lambivarjuga. Tugev disainielement, mis levitab pehmet ja elegantset valgust igasse kaasaegsesse interj\u00f6\u00f6ri.\",\"breadcrumb\":{\"@id\":\"https:\\\/\\\/thehedgehogfactory.com\\\/et\\\/produit\\\/pulsar\\\/#breadcrumb\"},\"inLanguage\":\"et\",\"potentialAction\":[{\"@type\":\"ReadAction\",\"target\":[\"https:\\\/\\\/thehedgehogfactory.com\\\/et\\\/produit\\\/pulsar\\\/\"]}]},{\"@type\":\"ImageObject\",\"inLanguage\":\"et\",\"@id\":\"https:\\\/\\\/thehedgehogfactory.com\\\/et\\\/produit\\\/pulsar\\\/#primaryimage\",\"url\":\"https:\\\/\\\/thehedgehogfactory.com\\\/wp-content\\\/uploads\\\/2025\\\/12\\\/ChatGPT-Image-5-dec.-2025-09_43_41.webp\",\"contentUrl\":\"https:\\\/\\\/thehedgehogfactory.com\\\/wp-content\\\/uploads\\\/2025\\\/12\\\/ChatGPT-Image-5-dec.-2025-09_43_41.webp\",\"width\":1024,\"height\":1536},{\"@type\":\"BreadcrumbList\",\"@id\":\"https:\\\/\\\/thehedgehogfactory.com\\\/et\\\/produit\\\/pulsar\\\/#breadcrumb\",\"itemListElement\":[{\"@type\":\"ListItem\",\"position\":1,\"name\":\"Accueil\",\"item\":\"https:\\\/\\\/thehedgehogfactory.com\\\/\"},{\"@type\":\"ListItem\",\"position\":2,\"name\":\"Pood*\",\"item\":\"https:\\\/\\\/thehedgehogfactory.com\\\/et\\\/pood\\\/\"},{\"@type\":\"ListItem\",\"position\":3,\"name\":\"Pulsar\"}]},{\"@type\":\"WebSite\",\"@id\":\"https:\\\/\\\/thehedgehogfactory.com\\\/#website\",\"url\":\"https:\\\/\\\/thehedgehogfactory.com\\\/\",\"name\":\"The Hedgehog Factory\",\"description\":\"Quand l\u2019impression 3D rencontre la d\u00e9co\",\"publisher\":{\"@id\":\"https:\\\/\\\/thehedgehogfactory.com\\\/#organization\"},\"potentialAction\":[{\"@type\":\"SearchAction\",\"target\":{\"@type\":\"EntryPoint\",\"urlTemplate\":\"https:\\\/\\\/thehedgehogfactory.com\\\/?s={search_term_string}\"},\"query-input\":{\"@type\":\"PropertyValueSpecification\",\"valueRequired\":true,\"valueName\":\"search_term_string\"}}],\"inLanguage\":\"et\"},{\"@type\":\"Organization\",\"@id\":\"https:\\\/\\\/thehedgehogfactory.com\\\/#organization\",\"name\":\"The Hedgehog Factory\",\"url\":\"https:\\\/\\\/thehedgehogfactory.com\\\/\",\"logo\":{\"@type\":\"ImageObject\",\"inLanguage\":\"et\",\"@id\":\"https:\\\/\\\/thehedgehogfactory.com\\\/#\\\/schema\\\/logo\\\/image\\\/\",\"url\":\"https:\\\/\\\/thehedgehogfactory.com\\\/wp-content\\\/uploads\\\/2025\\\/04\\\/la-fabrique-3.webp\",\"contentUrl\":\"https:\\\/\\\/thehedgehogfactory.com\\\/wp-content\\\/uploads\\\/2025\\\/04\\\/la-fabrique-3.webp\",\"width\":500,\"height\":500,\"caption\":\"The Hedgehog Factory\"},\"image\":{\"@id\":\"https:\\\/\\\/thehedgehogfactory.com\\\/#\\\/schema\\\/logo\\\/image\\\/\"},\"sameAs\":[\"https:\\\/\\\/www.facebook.com\\\/TheHedgehogFactory\",\"https:\\\/\\\/www.instagram.com\\\/thfcreations\\\/\",\"https:\\\/\\\/fr.pinterest.com\\\/TheHedgehogFactory\\\/\"]}]}<\/script>\n<!-- \/ Yoast SEO plugin. -->","yoast_head_json":{"title":"Pulsar - The Hedgehog Factory","description":"Pulsar on skulpturaalse ja kaasaegse disainiga lamp, mis \u00fchendab voolava ja arhitektuurse aluse puhta silindrilise lambivarjuga. Tugev disainielement, mis levitab pehmet ja elegantset valgust igasse kaasaegsesse interj\u00f6\u00f6ri.","robots":{"index":"index","follow":"follow","max-snippet":"max-snippet:-1","max-image-preview":"max-image-preview:large","max-video-preview":"max-video-preview:-1"},"canonical":"https:\/\/thehedgehogfactory.com\/et\/produit\/pulsar\/","og_locale":"et_EE","og_type":"article","og_title":"Pulsar - The Hedgehog Factory","og_description":"Pulsar on skulpturaalse ja kaasaegse disainiga lamp, mis \u00fchendab voolava ja arhitektuurse aluse puhta silindrilise lambivarjuga. Tugev disainielement, mis levitab pehmet ja elegantset valgust igasse kaasaegsesse interj\u00f6\u00f6ri.","og_url":"https:\/\/thehedgehogfactory.com\/et\/produit\/pulsar\/","og_site_name":"The Hedgehog Factory","article_publisher":"https:\/\/www.facebook.com\/TheHedgehogFactory","og_image":[{"width":1024,"height":1536,"url":"https:\/\/thehedgehogfactory.com\/wp-content\/uploads\/2025\/12\/ChatGPT-Image-5-dec.-2025-09_43_41.webp","type":"image\/webp"}],"twitter_card":"summary_large_image","twitter_misc":{"Est. reading time":"1 minut"},"schema":{"@context":"https:\/\/schema.org","@graph":[{"@type":"WebPage","@id":"https:\/\/thehedgehogfactory.com\/et\/produit\/pulsar\/","url":"https:\/\/thehedgehogfactory.com\/et\/produit\/pulsar\/","name":"Pulsar - The Hedgehog Factory","isPartOf":{"@id":"https:\/\/thehedgehogfactory.com\/#website"},"primaryImageOfPage":{"@id":"https:\/\/thehedgehogfactory.com\/et\/produit\/pulsar\/#primaryimage"},"image":{"@id":"https:\/\/thehedgehogfactory.com\/et\/produit\/pulsar\/#primaryimage"},"thumbnailUrl":"https:\/\/thehedgehogfactory.com\/wp-content\/uploads\/2025\/12\/ChatGPT-Image-5-dec.-2025-09_43_41.webp","datePublished":"2025-12-05T09:57:00+00:00","description":"Pulsar on skulpturaalse ja kaasaegse disainiga lamp, mis \u00fchendab voolava ja arhitektuurse aluse puhta silindrilise lambivarjuga. Tugev disainielement, mis levitab pehmet ja elegantset valgust igasse kaasaegsesse interj\u00f6\u00f6ri.","breadcrumb":{"@id":"https:\/\/thehedgehogfactory.com\/et\/produit\/pulsar\/#breadcrumb"},"inLanguage":"et","potentialAction":[{"@type":"ReadAction","target":["https:\/\/thehedgehogfactory.com\/et\/produit\/pulsar\/"]}]},{"@type":"ImageObject","inLanguage":"et","@id":"https:\/\/thehedgehogfactory.com\/et\/produit\/pulsar\/#primaryimage","url":"https:\/\/thehedgehogfactory.com\/wp-content\/uploads\/2025\/12\/ChatGPT-Image-5-dec.-2025-09_43_41.webp","contentUrl":"https:\/\/thehedgehogfactory.com\/wp-content\/uploads\/2025\/12\/ChatGPT-Image-5-dec.-2025-09_43_41.webp","width":1024,"height":1536},{"@type":"BreadcrumbList","@id":"https:\/\/thehedgehogfactory.com\/et\/produit\/pulsar\/#breadcrumb","itemListElement":[{"@type":"ListItem","position":1,"name":"Accueil","item":"https:\/\/thehedgehogfactory.com\/"},{"@type":"ListItem","position":2,"name":"Pood*","item":"https:\/\/thehedgehogfactory.com\/et\/pood\/"},{"@type":"ListItem","position":3,"name":"Pulsar"}]},{"@type":"WebSite","@id":"https:\/\/thehedgehogfactory.com\/#website","url":"https:\/\/thehedgehogfactory.com\/","name":"The Hedgehog Factory","description":"Quand l\u2019impression 3D rencontre la d\u00e9co","publisher":{"@id":"https:\/\/thehedgehogfactory.com\/#organization"},"potentialAction":[{"@type":"SearchAction","target":{"@type":"EntryPoint","urlTemplate":"https:\/\/thehedgehogfactory.com\/?s={search_term_string}"},"query-input":{"@type":"PropertyValueSpecification","valueRequired":true,"valueName":"search_term_string"}}],"inLanguage":"et"},{"@type":"Organization","@id":"https:\/\/thehedgehogfactory.com\/#organization","name":"The Hedgehog Factory","url":"https:\/\/thehedgehogfactory.com\/","logo":{"@type":"ImageObject","inLanguage":"et","@id":"https:\/\/thehedgehogfactory.com\/#\/schema\/logo\/image\/","url":"https:\/\/thehedgehogfactory.com\/wp-content\/uploads\/2025\/04\/la-fabrique-3.webp","contentUrl":"https:\/\/thehedgehogfactory.com\/wp-content\/uploads\/2025\/04\/la-fabrique-3.webp","width":500,"height":500,"caption":"The Hedgehog Factory"},"image":{"@id":"https:\/\/thehedgehogfactory.com\/#\/schema\/logo\/image\/"},"sameAs":["https:\/\/www.facebook.com\/TheHedgehogFactory","https:\/\/www.instagram.com\/thfcreations\/","https:\/\/fr.pinterest.com\/TheHedgehogFactory\/"]}]}},"_links":{"self":[{"href":"https:\/\/thehedgehogfactory.com\/et\/wp-json\/wp\/v2\/product\/4251","targetHints":{"allow":["GET"]}}],"collection":[{"href":"https:\/\/thehedgehogfactory.com\/et\/wp-json\/wp\/v2\/product"}],"about":[{"href":"https:\/\/thehedgehogfactory.com\/et\/wp-json\/wp\/v2\/types\/product"}],"replies":[{"embeddable":true,"href":"https:\/\/thehedgehogfactory.com\/et\/wp-json\/wp\/v2\/comments?post=4251"}],"version-history":[{"count":0,"href":"https:\/\/thehedgehogfactory.com\/et\/wp-json\/wp\/v2\/product\/4251\/revisions"}],"wp:featuredmedia":[{"embeddable":true,"href":"https:\/\/thehedgehogfactory.com\/et\/wp-json\/wp\/v2\/media\/4252"}],"wp:attachment":[{"href":"https:\/\/thehedgehogfactory.com\/et\/wp-json\/wp\/v2\/media?parent=4251"}],"wp:term":[{"taxonomy":"product_brand","embeddable":true,"href":"https:\/\/thehedgehogfactory.com\/et\/wp-json\/wp\/v2\/product_brand?post=4251"},{"taxonomy":"product_cat","embeddable":true,"href":"https:\/\/thehedgehogfactory.com\/et\/wp-json\/wp\/v2\/product_cat?post=4251"},{"taxonomy":"product_tag","embeddable":true,"href":"https:\/\/thehedgehogfactory.com\/et\/wp-json\/wp\/v2\/product_tag?post=4251"}],"curies":[{"name":"wp","href":"https:\/\/api.w.org\/{rel}","templated":true}]}}