{"id":4079,"date":"2025-08-22T11:28:01","date_gmt":"2025-08-22T09:28:01","guid":{"rendered":"https:\/\/thehedgehogfactory.com\/produit\/virel-mini\/"},"modified":"2025-08-22T11:28:01","modified_gmt":"2025-08-22T09:28:01","slug":"virel-mini","status":"publish","type":"product","link":"https:\/\/thehedgehogfactory.com\/et\/produit\/virel-mini\/","title":{"rendered":"Virel Mini"},"content":{"rendered":"<p data-start=\"276\" data-end=\"638\">Avasta <strong data-start=\"286\" data-end=\"300\">Virel Mini<\/strong>, rafineeritud hoiukarp, mis \u00fchendab moodsa disaini ja praktilisuse. Oma \u00fcmara kuju ja skulptuursete soontega lisab see sinu interj\u00f6\u00f6ri kaasaegse ja elegantse puudutuse. Selle eemaldatav kaas v\u00f5imaldab lihtsat ligip\u00e4\u00e4su sinu aksessuaaridele, olgu need ehted, v\u00f5tmed, m\u00fcndid v\u00f5i v\u00e4ikesed igap\u00e4evased aarded.  <\/p>\n<p data-start=\"640\" data-end=\"969\">Kompaktne, kuid peen, <strong data-start=\"668\" data-end=\"682\">Virel Mini<\/strong> leiab oma koha nii vannitoas, tualettlaual, kirjutuslaual kui ka \u00f6\u00f6kapil. Saadaval mitmes viimistluses (valge, must, h\u00f5be, kuld, punane\u2026), kohandub see iga sisustusstiiliga ja on lisaks funktsionaalsusele ka t\u00f5eline disainobjekt. <\/p>\n<p><em>Iga looming valmib tellimuse peale ja on ainulaadne t\u00fckk; seega v\u00f5ivad v\u00e4rvid esemeti veidi erineda.<\/em><\/p>\n<p data-start=\"640\" data-end=\"969\">\n","protected":false},"excerpt":{"rendered":"<p>Disainitud karp elegantsete ja sooneliste joontega, ideaalne sinu v\u00e4ikeste igap\u00e4evaste esemete stiilseks hoiustamiseks.<\/p>\n","protected":false},"featured_media":4080,"comment_status":"open","ping_status":"closed","template":"","meta":[],"product_brand":[],"product_cat":[128],"product_tag":[],"class_list":{"0":"post-4079","1":"product","2":"type-product","3":"status-publish","4":"has-post-thumbnail","6":"product_cat-karp","7":"product_shipping_class-hapras","9":"entry","10":"has-media","12":"first","13":"onbackorder","14":"taxable","15":"shipping-taxable","16":"purchasable","17":"product-type-variable","18":"add-to-wishlist-after_add_to_cart","19":"has-product-nav","20":"col","21":"span_1_of_3","22":"owp-content-center","23":"owp-thumbs-layout-horizontal","24":"owp-btn-normal","25":"owp-tabs-layout-horizontal"},"yoast_head":"<!-- This site is optimized with the Yoast SEO plugin v27.4 - https:\/\/yoast.com\/product\/yoast-seo-wordpress\/ -->\n<title>Virel Mini - The Hedgehog Factory<\/title>\n<meta name=\"robots\" content=\"index, follow, max-snippet:-1, max-image-preview:large, max-video-preview:-1\" \/>\n<link rel=\"canonical\" href=\"https:\/\/thehedgehogfactory.com\/et\/produit\/virel-mini\/\" \/>\n<meta property=\"og:locale\" content=\"et_EE\" \/>\n<meta property=\"og:type\" content=\"article\" \/>\n<meta property=\"og:title\" content=\"Virel Mini - The Hedgehog Factory\" \/>\n<meta property=\"og:description\" content=\"Disainitud karp elegantsete ja sooneliste joontega, ideaalne sinu v\u00e4ikeste igap\u00e4evaste esemete stiilseks hoiustamiseks.\" \/>\n<meta property=\"og:url\" content=\"https:\/\/thehedgehogfactory.com\/et\/produit\/virel-mini\/\" \/>\n<meta property=\"og:site_name\" content=\"The Hedgehog Factory\" \/>\n<meta property=\"article:publisher\" content=\"https:\/\/www.facebook.com\/TheHedgehogFactory\" \/>\n<meta property=\"og:image\" content=\"https:\/\/thehedgehogfactory.com\/wp-content\/uploads\/2025\/08\/ChatGPT-Image-22-aout-2025-12_14_36.webp\" \/>\n\t<meta property=\"og:image:width\" content=\"1024\" \/>\n\t<meta property=\"og:image:height\" content=\"1024\" \/>\n\t<meta property=\"og:image:type\" content=\"image\/webp\" \/>\n<meta name=\"twitter:card\" content=\"summary_large_image\" \/>\n<meta name=\"twitter:label1\" content=\"Est. reading time\" \/>\n\t<meta name=\"twitter:data1\" content=\"1 minut\" \/>\n<script type=\"application\/ld+json\" class=\"yoast-schema-graph\">{\"@context\":\"https:\\\/\\\/schema.org\",\"@graph\":[{\"@type\":\"WebPage\",\"@id\":\"https:\\\/\\\/thehedgehogfactory.com\\\/et\\\/produit\\\/virel-mini\\\/\",\"url\":\"https:\\\/\\\/thehedgehogfactory.com\\\/et\\\/produit\\\/virel-mini\\\/\",\"name\":\"Virel Mini - The Hedgehog Factory\",\"isPartOf\":{\"@id\":\"https:\\\/\\\/thehedgehogfactory.com\\\/#website\"},\"primaryImageOfPage\":{\"@id\":\"https:\\\/\\\/thehedgehogfactory.com\\\/et\\\/produit\\\/virel-mini\\\/#primaryimage\"},\"image\":{\"@id\":\"https:\\\/\\\/thehedgehogfactory.com\\\/et\\\/produit\\\/virel-mini\\\/#primaryimage\"},\"thumbnailUrl\":\"https:\\\/\\\/thehedgehogfactory.com\\\/wp-content\\\/uploads\\\/2025\\\/08\\\/ChatGPT-Image-22-aout-2025-12_14_36.webp\",\"datePublished\":\"2025-08-22T09:28:01+00:00\",\"breadcrumb\":{\"@id\":\"https:\\\/\\\/thehedgehogfactory.com\\\/et\\\/produit\\\/virel-mini\\\/#breadcrumb\"},\"inLanguage\":\"et\",\"potentialAction\":[{\"@type\":\"ReadAction\",\"target\":[\"https:\\\/\\\/thehedgehogfactory.com\\\/et\\\/produit\\\/virel-mini\\\/\"]}]},{\"@type\":\"ImageObject\",\"inLanguage\":\"et\",\"@id\":\"https:\\\/\\\/thehedgehogfactory.com\\\/et\\\/produit\\\/virel-mini\\\/#primaryimage\",\"url\":\"https:\\\/\\\/thehedgehogfactory.com\\\/wp-content\\\/uploads\\\/2025\\\/08\\\/ChatGPT-Image-22-aout-2025-12_14_36.webp\",\"contentUrl\":\"https:\\\/\\\/thehedgehogfactory.com\\\/wp-content\\\/uploads\\\/2025\\\/08\\\/ChatGPT-Image-22-aout-2025-12_14_36.webp\",\"width\":1024,\"height\":1024},{\"@type\":\"BreadcrumbList\",\"@id\":\"https:\\\/\\\/thehedgehogfactory.com\\\/et\\\/produit\\\/virel-mini\\\/#breadcrumb\",\"itemListElement\":[{\"@type\":\"ListItem\",\"position\":1,\"name\":\"Accueil\",\"item\":\"https:\\\/\\\/thehedgehogfactory.com\\\/\"},{\"@type\":\"ListItem\",\"position\":2,\"name\":\"Pood*\",\"item\":\"https:\\\/\\\/thehedgehogfactory.com\\\/et\\\/pood\\\/\"},{\"@type\":\"ListItem\",\"position\":3,\"name\":\"Virel Mini\"}]},{\"@type\":\"WebSite\",\"@id\":\"https:\\\/\\\/thehedgehogfactory.com\\\/#website\",\"url\":\"https:\\\/\\\/thehedgehogfactory.com\\\/\",\"name\":\"The Hedgehog Factory\",\"description\":\"Quand l\u2019impression 3D rencontre la d\u00e9co\",\"publisher\":{\"@id\":\"https:\\\/\\\/thehedgehogfactory.com\\\/#organization\"},\"potentialAction\":[{\"@type\":\"SearchAction\",\"target\":{\"@type\":\"EntryPoint\",\"urlTemplate\":\"https:\\\/\\\/thehedgehogfactory.com\\\/?s={search_term_string}\"},\"query-input\":{\"@type\":\"PropertyValueSpecification\",\"valueRequired\":true,\"valueName\":\"search_term_string\"}}],\"inLanguage\":\"et\"},{\"@type\":\"Organization\",\"@id\":\"https:\\\/\\\/thehedgehogfactory.com\\\/#organization\",\"name\":\"The Hedgehog Factory\",\"url\":\"https:\\\/\\\/thehedgehogfactory.com\\\/\",\"logo\":{\"@type\":\"ImageObject\",\"inLanguage\":\"et\",\"@id\":\"https:\\\/\\\/thehedgehogfactory.com\\\/#\\\/schema\\\/logo\\\/image\\\/\",\"url\":\"https:\\\/\\\/thehedgehogfactory.com\\\/wp-content\\\/uploads\\\/2025\\\/04\\\/la-fabrique-3.webp\",\"contentUrl\":\"https:\\\/\\\/thehedgehogfactory.com\\\/wp-content\\\/uploads\\\/2025\\\/04\\\/la-fabrique-3.webp\",\"width\":500,\"height\":500,\"caption\":\"The Hedgehog Factory\"},\"image\":{\"@id\":\"https:\\\/\\\/thehedgehogfactory.com\\\/#\\\/schema\\\/logo\\\/image\\\/\"},\"sameAs\":[\"https:\\\/\\\/www.facebook.com\\\/TheHedgehogFactory\",\"https:\\\/\\\/www.instagram.com\\\/thfcreations\\\/\",\"https:\\\/\\\/fr.pinterest.com\\\/TheHedgehogFactory\\\/\"]}]}<\/script>\n<!-- \/ Yoast SEO plugin. -->","yoast_head_json":{"title":"Virel Mini - The Hedgehog Factory","robots":{"index":"index","follow":"follow","max-snippet":"max-snippet:-1","max-image-preview":"max-image-preview:large","max-video-preview":"max-video-preview:-1"},"canonical":"https:\/\/thehedgehogfactory.com\/et\/produit\/virel-mini\/","og_locale":"et_EE","og_type":"article","og_title":"Virel Mini - The Hedgehog Factory","og_description":"Disainitud karp elegantsete ja sooneliste joontega, ideaalne sinu v\u00e4ikeste igap\u00e4evaste esemete stiilseks hoiustamiseks.","og_url":"https:\/\/thehedgehogfactory.com\/et\/produit\/virel-mini\/","og_site_name":"The Hedgehog Factory","article_publisher":"https:\/\/www.facebook.com\/TheHedgehogFactory","og_image":[{"width":1024,"height":1024,"url":"https:\/\/thehedgehogfactory.com\/wp-content\/uploads\/2025\/08\/ChatGPT-Image-22-aout-2025-12_14_36.webp","type":"image\/webp"}],"twitter_card":"summary_large_image","twitter_misc":{"Est. reading time":"1 minut"},"schema":{"@context":"https:\/\/schema.org","@graph":[{"@type":"WebPage","@id":"https:\/\/thehedgehogfactory.com\/et\/produit\/virel-mini\/","url":"https:\/\/thehedgehogfactory.com\/et\/produit\/virel-mini\/","name":"Virel Mini - The Hedgehog Factory","isPartOf":{"@id":"https:\/\/thehedgehogfactory.com\/#website"},"primaryImageOfPage":{"@id":"https:\/\/thehedgehogfactory.com\/et\/produit\/virel-mini\/#primaryimage"},"image":{"@id":"https:\/\/thehedgehogfactory.com\/et\/produit\/virel-mini\/#primaryimage"},"thumbnailUrl":"https:\/\/thehedgehogfactory.com\/wp-content\/uploads\/2025\/08\/ChatGPT-Image-22-aout-2025-12_14_36.webp","datePublished":"2025-08-22T09:28:01+00:00","breadcrumb":{"@id":"https:\/\/thehedgehogfactory.com\/et\/produit\/virel-mini\/#breadcrumb"},"inLanguage":"et","potentialAction":[{"@type":"ReadAction","target":["https:\/\/thehedgehogfactory.com\/et\/produit\/virel-mini\/"]}]},{"@type":"ImageObject","inLanguage":"et","@id":"https:\/\/thehedgehogfactory.com\/et\/produit\/virel-mini\/#primaryimage","url":"https:\/\/thehedgehogfactory.com\/wp-content\/uploads\/2025\/08\/ChatGPT-Image-22-aout-2025-12_14_36.webp","contentUrl":"https:\/\/thehedgehogfactory.com\/wp-content\/uploads\/2025\/08\/ChatGPT-Image-22-aout-2025-12_14_36.webp","width":1024,"height":1024},{"@type":"BreadcrumbList","@id":"https:\/\/thehedgehogfactory.com\/et\/produit\/virel-mini\/#breadcrumb","itemListElement":[{"@type":"ListItem","position":1,"name":"Accueil","item":"https:\/\/thehedgehogfactory.com\/"},{"@type":"ListItem","position":2,"name":"Pood*","item":"https:\/\/thehedgehogfactory.com\/et\/pood\/"},{"@type":"ListItem","position":3,"name":"Virel Mini"}]},{"@type":"WebSite","@id":"https:\/\/thehedgehogfactory.com\/#website","url":"https:\/\/thehedgehogfactory.com\/","name":"The Hedgehog Factory","description":"Quand l\u2019impression 3D rencontre la d\u00e9co","publisher":{"@id":"https:\/\/thehedgehogfactory.com\/#organization"},"potentialAction":[{"@type":"SearchAction","target":{"@type":"EntryPoint","urlTemplate":"https:\/\/thehedgehogfactory.com\/?s={search_term_string}"},"query-input":{"@type":"PropertyValueSpecification","valueRequired":true,"valueName":"search_term_string"}}],"inLanguage":"et"},{"@type":"Organization","@id":"https:\/\/thehedgehogfactory.com\/#organization","name":"The Hedgehog Factory","url":"https:\/\/thehedgehogfactory.com\/","logo":{"@type":"ImageObject","inLanguage":"et","@id":"https:\/\/thehedgehogfactory.com\/#\/schema\/logo\/image\/","url":"https:\/\/thehedgehogfactory.com\/wp-content\/uploads\/2025\/04\/la-fabrique-3.webp","contentUrl":"https:\/\/thehedgehogfactory.com\/wp-content\/uploads\/2025\/04\/la-fabrique-3.webp","width":500,"height":500,"caption":"The Hedgehog Factory"},"image":{"@id":"https:\/\/thehedgehogfactory.com\/#\/schema\/logo\/image\/"},"sameAs":["https:\/\/www.facebook.com\/TheHedgehogFactory","https:\/\/www.instagram.com\/thfcreations\/","https:\/\/fr.pinterest.com\/TheHedgehogFactory\/"]}]}},"_links":{"self":[{"href":"https:\/\/thehedgehogfactory.com\/et\/wp-json\/wp\/v2\/product\/4079","targetHints":{"allow":["GET"]}}],"collection":[{"href":"https:\/\/thehedgehogfactory.com\/et\/wp-json\/wp\/v2\/product"}],"about":[{"href":"https:\/\/thehedgehogfactory.com\/et\/wp-json\/wp\/v2\/types\/product"}],"replies":[{"embeddable":true,"href":"https:\/\/thehedgehogfactory.com\/et\/wp-json\/wp\/v2\/comments?post=4079"}],"version-history":[{"count":0,"href":"https:\/\/thehedgehogfactory.com\/et\/wp-json\/wp\/v2\/product\/4079\/revisions"}],"wp:featuredmedia":[{"embeddable":true,"href":"https:\/\/thehedgehogfactory.com\/et\/wp-json\/wp\/v2\/media\/4080"}],"wp:attachment":[{"href":"https:\/\/thehedgehogfactory.com\/et\/wp-json\/wp\/v2\/media?parent=4079"}],"wp:term":[{"taxonomy":"product_brand","embeddable":true,"href":"https:\/\/thehedgehogfactory.com\/et\/wp-json\/wp\/v2\/product_brand?post=4079"},{"taxonomy":"product_cat","embeddable":true,"href":"https:\/\/thehedgehogfactory.com\/et\/wp-json\/wp\/v2\/product_cat?post=4079"},{"taxonomy":"product_tag","embeddable":true,"href":"https:\/\/thehedgehogfactory.com\/et\/wp-json\/wp\/v2\/product_tag?post=4079"}],"curies":[{"name":"wp","href":"https:\/\/api.w.org\/{rel}","templated":true}]}}