{"id":3917,"date":"2025-08-12T10:17:52","date_gmt":"2025-08-12T08:17:52","guid":{"rendered":"https:\/\/thehedgehogfactory.com\/produit\/aurora-loop\/"},"modified":"2025-08-12T10:17:52","modified_gmt":"2025-08-12T08:17:52","slug":"aurora-loop","status":"publish","type":"product","link":"https:\/\/thehedgehogfactory.com\/et\/produit\/aurora-loop\/","title":{"rendered":"Aurora Loop"},"content":{"rendered":"<p>Sukeldu <strong data-start=\"142\" data-end=\"157\">Aurora Loop<\/strong> k\u00f5rvar\u00f5ngaste lummavasse s\u00e4rasse.<\/p>\n<p>Nende spiraalne disain, mis on inspireeritud virmaliste maagilistest lainetest, \u00fchendab harmooniliselt s\u00fcgava smaragdrohelise intensiivse koobaltsinisega, k\u00f5ike seda t\u00e4iendavad \u00f5rnad kuldsed n\u00fcansid. Kerged ja elegantsed, sobivad need nii igap\u00e4evase riietuse elavdamiseks kui ka \u00f5htuse v\u00e4limuse t\u00e4iustamiseks. <\/p>\n<p>Rohkem kui ehe, on <strong data-start=\"506\" data-end=\"521\">Aurora Loop<\/strong> kutse kanda p\u00f5hjamaise taeva ilu oma k\u00f5rvades.<\/p>\n<p><em>Iga looming valmib tellimuse peale ja on ainulaadne t\u00fckk; seega v\u00f5ivad v\u00e4rvid esemeti veidi erineda.<\/em><\/p>\n","protected":false},"excerpt":{"rendered":"<p>Spiraalsed smaragd- ja koobaltsinised k\u00f5rvar\u00f5ngad, kuldsate n\u00fcanssidega, inspireeritud virmaliste maagiast.<\/p>\n","protected":false},"featured_media":3918,"comment_status":"open","ping_status":"closed","template":"","meta":[],"product_brand":[],"product_cat":[140,141],"product_tag":[],"class_list":{"0":"post-3917","1":"product","2":"type-product","3":"status-publish","4":"has-post-thumbnail","6":"product_cat-ehted","7":"product_cat-korvarongad","8":"product_shipping_class-vaike-toode","10":"entry","11":"has-media","13":"first","14":"instock","15":"taxable","16":"shipping-taxable","17":"purchasable","18":"product-type-variable","19":"add-to-wishlist-after_add_to_cart","20":"has-product-nav","21":"col","22":"span_1_of_3","23":"owp-content-center","24":"owp-thumbs-layout-horizontal","25":"owp-btn-normal","26":"owp-tabs-layout-horizontal"},"yoast_head":"<!-- This site is optimized with the Yoast SEO plugin v27.4 - https:\/\/yoast.com\/product\/yoast-seo-wordpress\/ -->\n<title>Aurora Loop - The Hedgehog Factory<\/title>\n<meta name=\"robots\" content=\"index, follow, max-snippet:-1, max-image-preview:large, max-video-preview:-1\" \/>\n<link rel=\"canonical\" href=\"https:\/\/thehedgehogfactory.com\/et\/produit\/aurora-loop\/\" \/>\n<meta property=\"og:locale\" content=\"et_EE\" \/>\n<meta property=\"og:type\" content=\"article\" \/>\n<meta property=\"og:title\" content=\"Aurora Loop - The Hedgehog Factory\" \/>\n<meta property=\"og:description\" content=\"Spiraalsed smaragd- ja koobaltsinised k\u00f5rvar\u00f5ngad, kuldsate n\u00fcanssidega, inspireeritud virmaliste maagiast.\" \/>\n<meta property=\"og:url\" content=\"https:\/\/thehedgehogfactory.com\/et\/produit\/aurora-loop\/\" \/>\n<meta property=\"og:site_name\" content=\"The Hedgehog Factory\" \/>\n<meta property=\"article:publisher\" content=\"https:\/\/www.facebook.com\/TheHedgehogFactory\" \/>\n<meta property=\"og:image\" content=\"https:\/\/thehedgehogfactory.com\/wp-content\/uploads\/2025\/08\/ChatGPT-Image-12-aout-2025-11_06_39.webp\" \/>\n\t<meta property=\"og:image:width\" content=\"1024\" \/>\n\t<meta property=\"og:image:height\" content=\"1536\" \/>\n\t<meta property=\"og:image:type\" content=\"image\/webp\" \/>\n<meta name=\"twitter:card\" content=\"summary_large_image\" \/>\n<script type=\"application\/ld+json\" class=\"yoast-schema-graph\">{\"@context\":\"https:\\\/\\\/schema.org\",\"@graph\":[{\"@type\":\"WebPage\",\"@id\":\"https:\\\/\\\/thehedgehogfactory.com\\\/et\\\/produit\\\/aurora-loop\\\/\",\"url\":\"https:\\\/\\\/thehedgehogfactory.com\\\/et\\\/produit\\\/aurora-loop\\\/\",\"name\":\"Aurora Loop - The Hedgehog Factory\",\"isPartOf\":{\"@id\":\"https:\\\/\\\/thehedgehogfactory.com\\\/#website\"},\"primaryImageOfPage\":{\"@id\":\"https:\\\/\\\/thehedgehogfactory.com\\\/et\\\/produit\\\/aurora-loop\\\/#primaryimage\"},\"image\":{\"@id\":\"https:\\\/\\\/thehedgehogfactory.com\\\/et\\\/produit\\\/aurora-loop\\\/#primaryimage\"},\"thumbnailUrl\":\"https:\\\/\\\/thehedgehogfactory.com\\\/wp-content\\\/uploads\\\/2025\\\/08\\\/ChatGPT-Image-12-aout-2025-11_06_39.webp\",\"datePublished\":\"2025-08-12T08:17:52+00:00\",\"breadcrumb\":{\"@id\":\"https:\\\/\\\/thehedgehogfactory.com\\\/et\\\/produit\\\/aurora-loop\\\/#breadcrumb\"},\"inLanguage\":\"et\",\"potentialAction\":[{\"@type\":\"ReadAction\",\"target\":[\"https:\\\/\\\/thehedgehogfactory.com\\\/et\\\/produit\\\/aurora-loop\\\/\"]}]},{\"@type\":\"ImageObject\",\"inLanguage\":\"et\",\"@id\":\"https:\\\/\\\/thehedgehogfactory.com\\\/et\\\/produit\\\/aurora-loop\\\/#primaryimage\",\"url\":\"https:\\\/\\\/thehedgehogfactory.com\\\/wp-content\\\/uploads\\\/2025\\\/08\\\/ChatGPT-Image-12-aout-2025-11_06_39.webp\",\"contentUrl\":\"https:\\\/\\\/thehedgehogfactory.com\\\/wp-content\\\/uploads\\\/2025\\\/08\\\/ChatGPT-Image-12-aout-2025-11_06_39.webp\",\"width\":1024,\"height\":1536},{\"@type\":\"BreadcrumbList\",\"@id\":\"https:\\\/\\\/thehedgehogfactory.com\\\/et\\\/produit\\\/aurora-loop\\\/#breadcrumb\",\"itemListElement\":[{\"@type\":\"ListItem\",\"position\":1,\"name\":\"Accueil\",\"item\":\"https:\\\/\\\/thehedgehogfactory.com\\\/\"},{\"@type\":\"ListItem\",\"position\":2,\"name\":\"Pood*\",\"item\":\"https:\\\/\\\/thehedgehogfactory.com\\\/et\\\/pood\\\/\"},{\"@type\":\"ListItem\",\"position\":3,\"name\":\"Aurora Loop\"}]},{\"@type\":\"WebSite\",\"@id\":\"https:\\\/\\\/thehedgehogfactory.com\\\/#website\",\"url\":\"https:\\\/\\\/thehedgehogfactory.com\\\/\",\"name\":\"The Hedgehog Factory\",\"description\":\"Quand l\u2019impression 3D rencontre la d\u00e9co\",\"publisher\":{\"@id\":\"https:\\\/\\\/thehedgehogfactory.com\\\/#organization\"},\"potentialAction\":[{\"@type\":\"SearchAction\",\"target\":{\"@type\":\"EntryPoint\",\"urlTemplate\":\"https:\\\/\\\/thehedgehogfactory.com\\\/?s={search_term_string}\"},\"query-input\":{\"@type\":\"PropertyValueSpecification\",\"valueRequired\":true,\"valueName\":\"search_term_string\"}}],\"inLanguage\":\"et\"},{\"@type\":\"Organization\",\"@id\":\"https:\\\/\\\/thehedgehogfactory.com\\\/#organization\",\"name\":\"The Hedgehog Factory\",\"url\":\"https:\\\/\\\/thehedgehogfactory.com\\\/\",\"logo\":{\"@type\":\"ImageObject\",\"inLanguage\":\"et\",\"@id\":\"https:\\\/\\\/thehedgehogfactory.com\\\/#\\\/schema\\\/logo\\\/image\\\/\",\"url\":\"https:\\\/\\\/thehedgehogfactory.com\\\/wp-content\\\/uploads\\\/2025\\\/04\\\/la-fabrique-3.webp\",\"contentUrl\":\"https:\\\/\\\/thehedgehogfactory.com\\\/wp-content\\\/uploads\\\/2025\\\/04\\\/la-fabrique-3.webp\",\"width\":500,\"height\":500,\"caption\":\"The Hedgehog Factory\"},\"image\":{\"@id\":\"https:\\\/\\\/thehedgehogfactory.com\\\/#\\\/schema\\\/logo\\\/image\\\/\"},\"sameAs\":[\"https:\\\/\\\/www.facebook.com\\\/TheHedgehogFactory\",\"https:\\\/\\\/www.instagram.com\\\/thfcreations\\\/\",\"https:\\\/\\\/fr.pinterest.com\\\/TheHedgehogFactory\\\/\"]}]}<\/script>\n<!-- \/ Yoast SEO plugin. -->","yoast_head_json":{"title":"Aurora Loop - The Hedgehog Factory","robots":{"index":"index","follow":"follow","max-snippet":"max-snippet:-1","max-image-preview":"max-image-preview:large","max-video-preview":"max-video-preview:-1"},"canonical":"https:\/\/thehedgehogfactory.com\/et\/produit\/aurora-loop\/","og_locale":"et_EE","og_type":"article","og_title":"Aurora Loop - The Hedgehog Factory","og_description":"Spiraalsed smaragd- ja koobaltsinised k\u00f5rvar\u00f5ngad, kuldsate n\u00fcanssidega, inspireeritud virmaliste maagiast.","og_url":"https:\/\/thehedgehogfactory.com\/et\/produit\/aurora-loop\/","og_site_name":"The Hedgehog Factory","article_publisher":"https:\/\/www.facebook.com\/TheHedgehogFactory","og_image":[{"width":1024,"height":1536,"url":"https:\/\/thehedgehogfactory.com\/wp-content\/uploads\/2025\/08\/ChatGPT-Image-12-aout-2025-11_06_39.webp","type":"image\/webp"}],"twitter_card":"summary_large_image","schema":{"@context":"https:\/\/schema.org","@graph":[{"@type":"WebPage","@id":"https:\/\/thehedgehogfactory.com\/et\/produit\/aurora-loop\/","url":"https:\/\/thehedgehogfactory.com\/et\/produit\/aurora-loop\/","name":"Aurora Loop - The Hedgehog Factory","isPartOf":{"@id":"https:\/\/thehedgehogfactory.com\/#website"},"primaryImageOfPage":{"@id":"https:\/\/thehedgehogfactory.com\/et\/produit\/aurora-loop\/#primaryimage"},"image":{"@id":"https:\/\/thehedgehogfactory.com\/et\/produit\/aurora-loop\/#primaryimage"},"thumbnailUrl":"https:\/\/thehedgehogfactory.com\/wp-content\/uploads\/2025\/08\/ChatGPT-Image-12-aout-2025-11_06_39.webp","datePublished":"2025-08-12T08:17:52+00:00","breadcrumb":{"@id":"https:\/\/thehedgehogfactory.com\/et\/produit\/aurora-loop\/#breadcrumb"},"inLanguage":"et","potentialAction":[{"@type":"ReadAction","target":["https:\/\/thehedgehogfactory.com\/et\/produit\/aurora-loop\/"]}]},{"@type":"ImageObject","inLanguage":"et","@id":"https:\/\/thehedgehogfactory.com\/et\/produit\/aurora-loop\/#primaryimage","url":"https:\/\/thehedgehogfactory.com\/wp-content\/uploads\/2025\/08\/ChatGPT-Image-12-aout-2025-11_06_39.webp","contentUrl":"https:\/\/thehedgehogfactory.com\/wp-content\/uploads\/2025\/08\/ChatGPT-Image-12-aout-2025-11_06_39.webp","width":1024,"height":1536},{"@type":"BreadcrumbList","@id":"https:\/\/thehedgehogfactory.com\/et\/produit\/aurora-loop\/#breadcrumb","itemListElement":[{"@type":"ListItem","position":1,"name":"Accueil","item":"https:\/\/thehedgehogfactory.com\/"},{"@type":"ListItem","position":2,"name":"Pood*","item":"https:\/\/thehedgehogfactory.com\/et\/pood\/"},{"@type":"ListItem","position":3,"name":"Aurora Loop"}]},{"@type":"WebSite","@id":"https:\/\/thehedgehogfactory.com\/#website","url":"https:\/\/thehedgehogfactory.com\/","name":"The Hedgehog Factory","description":"Quand l\u2019impression 3D rencontre la d\u00e9co","publisher":{"@id":"https:\/\/thehedgehogfactory.com\/#organization"},"potentialAction":[{"@type":"SearchAction","target":{"@type":"EntryPoint","urlTemplate":"https:\/\/thehedgehogfactory.com\/?s={search_term_string}"},"query-input":{"@type":"PropertyValueSpecification","valueRequired":true,"valueName":"search_term_string"}}],"inLanguage":"et"},{"@type":"Organization","@id":"https:\/\/thehedgehogfactory.com\/#organization","name":"The Hedgehog Factory","url":"https:\/\/thehedgehogfactory.com\/","logo":{"@type":"ImageObject","inLanguage":"et","@id":"https:\/\/thehedgehogfactory.com\/#\/schema\/logo\/image\/","url":"https:\/\/thehedgehogfactory.com\/wp-content\/uploads\/2025\/04\/la-fabrique-3.webp","contentUrl":"https:\/\/thehedgehogfactory.com\/wp-content\/uploads\/2025\/04\/la-fabrique-3.webp","width":500,"height":500,"caption":"The Hedgehog Factory"},"image":{"@id":"https:\/\/thehedgehogfactory.com\/#\/schema\/logo\/image\/"},"sameAs":["https:\/\/www.facebook.com\/TheHedgehogFactory","https:\/\/www.instagram.com\/thfcreations\/","https:\/\/fr.pinterest.com\/TheHedgehogFactory\/"]}]}},"_links":{"self":[{"href":"https:\/\/thehedgehogfactory.com\/et\/wp-json\/wp\/v2\/product\/3917","targetHints":{"allow":["GET"]}}],"collection":[{"href":"https:\/\/thehedgehogfactory.com\/et\/wp-json\/wp\/v2\/product"}],"about":[{"href":"https:\/\/thehedgehogfactory.com\/et\/wp-json\/wp\/v2\/types\/product"}],"replies":[{"embeddable":true,"href":"https:\/\/thehedgehogfactory.com\/et\/wp-json\/wp\/v2\/comments?post=3917"}],"version-history":[{"count":0,"href":"https:\/\/thehedgehogfactory.com\/et\/wp-json\/wp\/v2\/product\/3917\/revisions"}],"wp:featuredmedia":[{"embeddable":true,"href":"https:\/\/thehedgehogfactory.com\/et\/wp-json\/wp\/v2\/media\/3918"}],"wp:attachment":[{"href":"https:\/\/thehedgehogfactory.com\/et\/wp-json\/wp\/v2\/media?parent=3917"}],"wp:term":[{"taxonomy":"product_brand","embeddable":true,"href":"https:\/\/thehedgehogfactory.com\/et\/wp-json\/wp\/v2\/product_brand?post=3917"},{"taxonomy":"product_cat","embeddable":true,"href":"https:\/\/thehedgehogfactory.com\/et\/wp-json\/wp\/v2\/product_cat?post=3917"},{"taxonomy":"product_tag","embeddable":true,"href":"https:\/\/thehedgehogfactory.com\/et\/wp-json\/wp\/v2\/product_tag?post=3917"}],"curies":[{"name":"wp","href":"https:\/\/api.w.org\/{rel}","templated":true}]}}