{"id":4617,"date":"2025-04-03T10:25:43","date_gmt":"2025-04-03T08:25:43","guid":{"rendered":"https:\/\/thehedgehogfactory.com\/privaatsuspoliitika\/"},"modified":"2026-01-17T09:52:07","modified_gmt":"2026-01-17T08:52:07","slug":"privaatsuspoliitika","status":"publish","type":"page","link":"https:\/\/thehedgehogfactory.com\/et\/privaatsuspoliitika\/","title":{"rendered":"Privaatsuspoliitika"},"content":{"rendered":"\t\t<div data-elementor-type=\"wp-page\" data-elementor-id=\"4617\" class=\"elementor elementor-4617 elementor-3\" data-elementor-post-type=\"page\">\n\t\t\t\t<div class=\"elementor-element elementor-element-4639a151 e-flex e-con-boxed e-con e-parent\" data-id=\"4639a151\" data-element_type=\"container\" data-e-type=\"container\">\n\t\t\t\t\t<div class=\"e-con-inner\">\n\t\t\t\t<div class=\"elementor-element elementor-element-682dd01a elementor-widget elementor-widget-text-editor\" data-id=\"682dd01a\" data-element_type=\"widget\" data-e-type=\"widget\" data-widget_type=\"text-editor.default\">\n\t\t\t\t<div class=\"elementor-widget-container\">\n\t\t\t\t\t\t\t\t\t\n<h2 class=\"wp-block-heading\">Kes me oleme?<\/h2>\n\n\n<p><strong class=\"privacy-policy-tutorial\">Soovitatav tekst: <\/strong>Meie saidi aadress on: https:\/\/thehedgehogfactory.com.<\/p>\n\n\n<h2 class=\"wp-block-heading\">Kommentaarid<\/h2>\n\n\n<p><strong class=\"privacy-policy-tutorial\">Soovitatav tekst: <\/strong>Kui j\u00e4tate meie saidile kommentaari, kogutakse kommentaarivormi sisestatud andmed, samuti teie IP-aadress ja brauseri kasutajaagent, et aidata meil tuvastada r\u00e4mpskommentaare.<\/p>\n\n\n<p>Teie e-posti aadressist loodud anon\u00fc\u00fcmne string (nimetatakse ka r\u00e4siks) v\u00f5idakse saata Gravatari teenusele, et kontrollida, kas te seda kasutate. Gravatari teenuse privaatsustingimused on saadaval siin: https:\/\/automattic.com\/privacy\/. P\u00e4rast teie kommentaari kinnitamist on teie profiilipilt avalikult n\u00e4htav teie kommentaari k\u00f5rval. <\/p>\n\n\n<h2 class=\"wp-block-heading\">Meedia<\/h2>\n\n\n<p><strong class=\"privacy-policy-tutorial\">Soovitatav tekst: <\/strong>Kui laadite saidile pilte, soovitame v\u00e4ltida GPS-koordinaatide EXIF-andmeid sisaldavate piltide \u00fcleslaadimist. Teie saiti k\u00fclastavad inimesed saavad nendelt piltidelt asukohaandmeid alla laadida ja v\u00e4lja v\u00f5tta. <\/p>\n\n\n<h2 class=\"wp-block-heading\">K\u00fcpsised<\/h2>\n\n\n<p><strong class=\"privacy-policy-tutorial\">Soovitatav tekst: <\/strong>Kui j\u00e4tate meie saidile kommentaari, pakutakse teile v\u00f5imalust salvestada oma nimi, e-posti aadress ja veebisait k\u00fcpsistesse. See on ainult teie mugavuse huvides, et te ei peaks neid andmeid uuesti sisestama, kui hiljem teise kommentaari j\u00e4tate. Need k\u00fcpsised aeguvad \u00fche aasta p\u00e4rast.  <\/p>\n\n\n<p>Kui k\u00fclastate sisselogimislehte, luuakse ajutine k\u00fcpsis, et m\u00e4\u00e4rata, kas teie brauser aktsepteerib k\u00fcpsiseid. See ei sisalda isikuandmeid ja kustutatakse automaatselt brauseri sulgemisel. <\/p>\n\n\n<p>Sisselogimisel seadistame mitu k\u00fcpsist, et salvestada teie sisselogimisandmed ja ekraanieelistused. Sisselogimisk\u00fcpsise eluiga on kaks p\u00e4eva, ekraanieelistuste k\u00fcpsise eluiga on \u00fcks aasta. Kui m\u00e4rgite \u201eJ\u00e4ta mind meelde\u201c, s\u00e4ilitatakse teie sisselogimisk\u00fcpsis kaks n\u00e4dalat. Kui logite oma kontolt v\u00e4lja, kustutatakse sisselogimisk\u00fcpsis.   <\/p>\n\n\n<p>Postitust muutes v\u00f5i avaldades salvestatakse teie brauserisse t\u00e4iendav k\u00fcpsis. See k\u00fcpsis ei sisalda isikuandmeid. See n\u00e4itab lihtsalt selle postituse ID-d, mida te just muutsite. See aegub \u00fche p\u00e4eva p\u00e4rast.   <\/p>\n\n\n<h2 class=\"wp-block-heading\">Manustatud sisu teistelt saitidelt<\/h2>\n\n\n<p><strong class=\"privacy-policy-tutorial\">Soovitatav tekst: <\/strong>Selle saidi artiklid v\u00f5ivad sisaldada manustatud sisu (n\u00e4iteks videoid, pilte, artikleid\u2026). Teistelt saitidelt manustatud sisu k\u00e4itub samamoodi, nagu k\u00fclastaja oleks sellel teisel saidil. <\/p>\n\n\n<p>Need veebisaidid v\u00f5ivad koguda teie kohta andmeid, kasutada k\u00fcpsiseid, manustada kolmandate osapoolte j\u00e4lgimisvahendeid ja j\u00e4lgida teie interaktsioone selle manustatud sisuga, kui teil on nende veebisaidil sisselogitud konto.<\/p>\n\n\n<h2 class=\"wp-block-heading\">Teie isikuandmete kasutamine ja edastamine<\/h2>\n\n\n<p><strong class=\"privacy-policy-tutorial\">Soovitatav tekst: <\/strong>Kui taotlete parooli l\u00e4htestamist, lisatakse teie IP-aadress l\u00e4htestamise e-kirja.<\/p>\n\n\n<h2 class=\"wp-block-heading\">Teie andmete s\u00e4ilitamise kestus<\/h2>\n\n\n<p><strong class=\"privacy-policy-tutorial\">Soovitatav tekst: <\/strong>Kui j\u00e4tate kommentaari, s\u00e4ilitatakse kommentaar ja selle metaandmed t\u00e4htajatult. See v\u00f5imaldab j\u00e4rgmisi kommentaare automaatselt \u00e4ra tunda ja heaks kiita, selle asemel et j\u00e4tta need modereerimisj\u00e4rjekorda. <\/p>\n\n\n<p>Meie saidile registreeruvate kontode puhul (kui see on asjakohane) salvestame ka nende profiilis m\u00e4rgitud isikuandmed. K\u00f5ik kontod saavad oma isikuandmeid igal ajal vaadata, muuta v\u00f5i kustutada (v\u00e4lja arvatud nende kasutajatunnus). Saidi haldajad saavad samuti neid andmeid vaadata ja muuta.  <\/p>\n\n\n<h2 class=\"wp-block-heading\">Teie \u00f5igused oma andmete osas<\/h2>\n\n\n<p><strong class=\"privacy-policy-tutorial\">Soovitatav tekst: <\/strong>Kui teil on konto v\u00f5i olete saidile kommentaare j\u00e4tnud, v\u00f5ite taotleda faili, mis sisaldab k\u00f5iki teie kohta k\u00e4ivaid isikuandmeid, sealhulgas neid, mille olete meile esitanud. Samuti v\u00f5ite taotleda teie kohta k\u00e4ivate isikuandmete kustutamist. See ei h\u00f5lma andmeid, mida s\u00e4ilitatakse haldus-, \u00f5iguslikel v\u00f5i turvalisuse eesm\u00e4rkidel.  <\/p>\n\n\n<h2 class=\"wp-block-heading\">Kuhu teie andmed saadetakse<\/h2>\n\n\n<p><strong class=\"privacy-policy-tutorial\">Soovitatav tekst: <\/strong>K\u00fclastajate kommentaare v\u00f5idakse kontrollida automatiseeritud r\u00e4mpskommentaaride tuvastamise teenuse abil.<\/p>\n\n\t\t\t\t\t\t\t\t<\/div>\n\t\t\t\t<\/div>\n\t\t\t\t\t<\/div>\n\t\t\t\t<\/div>\n\t\t\t\t<\/div>\n\t\t","protected":false},"excerpt":{"rendered":"<p>Kes me oleme? Soovitatav tekst: Meie saidi aadress on: https:\/\/thehedgehogfactory.com. Kommentaarid Soovitatav tekst: Kui j\u00e4tate meie saidile kommentaari, kogutakse kommentaarivormi sisestatud andmed, samuti teie IP-aadress ja brauseri kasutajaagent, et aidata meil tuvastada r\u00e4mpskommentaare. Teie e-posti aadressist loodud anon\u00fc\u00fcmne string (nimetatakse ka r\u00e4siks) v\u00f5idakse saata Gravatari teenusele, et kontrollida, kas te seda kasutate. Gravatari teenuse privaatsustingimused [&hellip;]<\/p>\n","protected":false},"author":1,"featured_media":0,"parent":0,"menu_order":0,"comment_status":"closed","ping_status":"open","template":"","meta":{"footnotes":""},"class_list":["post-4617","page","type-page","status-publish","hentry","entry","owp-thumbs-layout-horizontal","owp-btn-normal","owp-tabs-layout-horizontal","has-no-thumbnails","has-product-nav"],"yoast_head":"<!-- This site is optimized with the Yoast SEO plugin v27.4 - https:\/\/yoast.com\/product\/yoast-seo-wordpress\/ -->\n<title>Privaatsuspoliitika - The Hedgehog Factory<\/title>\n<meta name=\"robots\" content=\"index, follow, max-snippet:-1, max-image-preview:large, max-video-preview:-1\" \/>\n<link rel=\"canonical\" href=\"https:\/\/thehedgehogfactory.com\/et\/privaatsuspoliitika\/\" \/>\n<meta property=\"og:locale\" content=\"et_EE\" \/>\n<meta property=\"og:type\" content=\"article\" \/>\n<meta property=\"og:title\" content=\"Privaatsuspoliitika - The Hedgehog Factory\" \/>\n<meta property=\"og:description\" content=\"Kes me oleme? Soovitatav tekst: Meie saidi aadress on: https:\/\/thehedgehogfactory.com. Kommentaarid Soovitatav tekst: Kui j\u00e4tate meie saidile kommentaari, kogutakse kommentaarivormi sisestatud andmed, samuti teie IP-aadress ja brauseri kasutajaagent, et aidata meil tuvastada r\u00e4mpskommentaare. Teie e-posti aadressist loodud anon\u00fc\u00fcmne string (nimetatakse ka r\u00e4siks) v\u00f5idakse saata Gravatari teenusele, et kontrollida, kas te seda kasutate. Gravatari teenuse privaatsustingimused [&hellip;]\" \/>\n<meta property=\"og:url\" content=\"https:\/\/thehedgehogfactory.com\/et\/privaatsuspoliitika\/\" \/>\n<meta property=\"og:site_name\" content=\"The Hedgehog Factory\" \/>\n<meta property=\"article:publisher\" content=\"https:\/\/www.facebook.com\/TheHedgehogFactory\" \/>\n<meta property=\"article:modified_time\" content=\"2026-01-17T08:52:07+00:00\" \/>\n<meta name=\"twitter:card\" content=\"summary_large_image\" \/>\n<meta name=\"twitter:label1\" content=\"Est. reading time\" \/>\n\t<meta name=\"twitter:data1\" content=\"3 minut\" \/>\n<script type=\"application\/ld+json\" class=\"yoast-schema-graph\">{\"@context\":\"https:\\\/\\\/schema.org\",\"@graph\":[{\"@type\":\"WebPage\",\"@id\":\"https:\\\/\\\/thehedgehogfactory.com\\\/et\\\/privaatsuspoliitika\\\/\",\"url\":\"https:\\\/\\\/thehedgehogfactory.com\\\/et\\\/privaatsuspoliitika\\\/\",\"name\":\"Privaatsuspoliitika - The Hedgehog Factory\",\"isPartOf\":{\"@id\":\"https:\\\/\\\/thehedgehogfactory.com\\\/#website\"},\"datePublished\":\"2025-04-03T08:25:43+00:00\",\"dateModified\":\"2026-01-17T08:52:07+00:00\",\"breadcrumb\":{\"@id\":\"https:\\\/\\\/thehedgehogfactory.com\\\/et\\\/privaatsuspoliitika\\\/#breadcrumb\"},\"inLanguage\":\"et\",\"potentialAction\":[{\"@type\":\"ReadAction\",\"target\":[\"https:\\\/\\\/thehedgehogfactory.com\\\/et\\\/privaatsuspoliitika\\\/\"]}]},{\"@type\":\"BreadcrumbList\",\"@id\":\"https:\\\/\\\/thehedgehogfactory.com\\\/et\\\/privaatsuspoliitika\\\/#breadcrumb\",\"itemListElement\":[{\"@type\":\"ListItem\",\"position\":1,\"name\":\"Accueil\",\"item\":\"https:\\\/\\\/thehedgehogfactory.com\\\/\"},{\"@type\":\"ListItem\",\"position\":2,\"name\":\"Privaatsuspoliitika\"}]},{\"@type\":\"WebSite\",\"@id\":\"https:\\\/\\\/thehedgehogfactory.com\\\/#website\",\"url\":\"https:\\\/\\\/thehedgehogfactory.com\\\/\",\"name\":\"The Hedgehog Factory\",\"description\":\"Quand l\u2019impression 3D rencontre la d\u00e9co\",\"publisher\":{\"@id\":\"https:\\\/\\\/thehedgehogfactory.com\\\/#organization\"},\"potentialAction\":[{\"@type\":\"SearchAction\",\"target\":{\"@type\":\"EntryPoint\",\"urlTemplate\":\"https:\\\/\\\/thehedgehogfactory.com\\\/?s={search_term_string}\"},\"query-input\":{\"@type\":\"PropertyValueSpecification\",\"valueRequired\":true,\"valueName\":\"search_term_string\"}}],\"inLanguage\":\"et\"},{\"@type\":\"Organization\",\"@id\":\"https:\\\/\\\/thehedgehogfactory.com\\\/#organization\",\"name\":\"The Hedgehog Factory\",\"url\":\"https:\\\/\\\/thehedgehogfactory.com\\\/\",\"logo\":{\"@type\":\"ImageObject\",\"inLanguage\":\"et\",\"@id\":\"https:\\\/\\\/thehedgehogfactory.com\\\/#\\\/schema\\\/logo\\\/image\\\/\",\"url\":\"https:\\\/\\\/thehedgehogfactory.com\\\/wp-content\\\/uploads\\\/2025\\\/04\\\/la-fabrique-3.webp\",\"contentUrl\":\"https:\\\/\\\/thehedgehogfactory.com\\\/wp-content\\\/uploads\\\/2025\\\/04\\\/la-fabrique-3.webp\",\"width\":500,\"height\":500,\"caption\":\"The Hedgehog Factory\"},\"image\":{\"@id\":\"https:\\\/\\\/thehedgehogfactory.com\\\/#\\\/schema\\\/logo\\\/image\\\/\"},\"sameAs\":[\"https:\\\/\\\/www.facebook.com\\\/TheHedgehogFactory\",\"https:\\\/\\\/www.instagram.com\\\/thfcreations\\\/\",\"https:\\\/\\\/fr.pinterest.com\\\/TheHedgehogFactory\\\/\"]}]}<\/script>\n<!-- \/ Yoast SEO plugin. -->","yoast_head_json":{"title":"Privaatsuspoliitika - The Hedgehog Factory","robots":{"index":"index","follow":"follow","max-snippet":"max-snippet:-1","max-image-preview":"max-image-preview:large","max-video-preview":"max-video-preview:-1"},"canonical":"https:\/\/thehedgehogfactory.com\/et\/privaatsuspoliitika\/","og_locale":"et_EE","og_type":"article","og_title":"Privaatsuspoliitika - The Hedgehog Factory","og_description":"Kes me oleme? Soovitatav tekst: Meie saidi aadress on: https:\/\/thehedgehogfactory.com. Kommentaarid Soovitatav tekst: Kui j\u00e4tate meie saidile kommentaari, kogutakse kommentaarivormi sisestatud andmed, samuti teie IP-aadress ja brauseri kasutajaagent, et aidata meil tuvastada r\u00e4mpskommentaare. Teie e-posti aadressist loodud anon\u00fc\u00fcmne string (nimetatakse ka r\u00e4siks) v\u00f5idakse saata Gravatari teenusele, et kontrollida, kas te seda kasutate. Gravatari teenuse privaatsustingimused [&hellip;]","og_url":"https:\/\/thehedgehogfactory.com\/et\/privaatsuspoliitika\/","og_site_name":"The Hedgehog Factory","article_publisher":"https:\/\/www.facebook.com\/TheHedgehogFactory","article_modified_time":"2026-01-17T08:52:07+00:00","twitter_card":"summary_large_image","twitter_misc":{"Est. reading time":"3 minut"},"schema":{"@context":"https:\/\/schema.org","@graph":[{"@type":"WebPage","@id":"https:\/\/thehedgehogfactory.com\/et\/privaatsuspoliitika\/","url":"https:\/\/thehedgehogfactory.com\/et\/privaatsuspoliitika\/","name":"Privaatsuspoliitika - The Hedgehog Factory","isPartOf":{"@id":"https:\/\/thehedgehogfactory.com\/#website"},"datePublished":"2025-04-03T08:25:43+00:00","dateModified":"2026-01-17T08:52:07+00:00","breadcrumb":{"@id":"https:\/\/thehedgehogfactory.com\/et\/privaatsuspoliitika\/#breadcrumb"},"inLanguage":"et","potentialAction":[{"@type":"ReadAction","target":["https:\/\/thehedgehogfactory.com\/et\/privaatsuspoliitika\/"]}]},{"@type":"BreadcrumbList","@id":"https:\/\/thehedgehogfactory.com\/et\/privaatsuspoliitika\/#breadcrumb","itemListElement":[{"@type":"ListItem","position":1,"name":"Accueil","item":"https:\/\/thehedgehogfactory.com\/"},{"@type":"ListItem","position":2,"name":"Privaatsuspoliitika"}]},{"@type":"WebSite","@id":"https:\/\/thehedgehogfactory.com\/#website","url":"https:\/\/thehedgehogfactory.com\/","name":"The Hedgehog Factory","description":"Quand l\u2019impression 3D rencontre la d\u00e9co","publisher":{"@id":"https:\/\/thehedgehogfactory.com\/#organization"},"potentialAction":[{"@type":"SearchAction","target":{"@type":"EntryPoint","urlTemplate":"https:\/\/thehedgehogfactory.com\/?s={search_term_string}"},"query-input":{"@type":"PropertyValueSpecification","valueRequired":true,"valueName":"search_term_string"}}],"inLanguage":"et"},{"@type":"Organization","@id":"https:\/\/thehedgehogfactory.com\/#organization","name":"The Hedgehog Factory","url":"https:\/\/thehedgehogfactory.com\/","logo":{"@type":"ImageObject","inLanguage":"et","@id":"https:\/\/thehedgehogfactory.com\/#\/schema\/logo\/image\/","url":"https:\/\/thehedgehogfactory.com\/wp-content\/uploads\/2025\/04\/la-fabrique-3.webp","contentUrl":"https:\/\/thehedgehogfactory.com\/wp-content\/uploads\/2025\/04\/la-fabrique-3.webp","width":500,"height":500,"caption":"The Hedgehog Factory"},"image":{"@id":"https:\/\/thehedgehogfactory.com\/#\/schema\/logo\/image\/"},"sameAs":["https:\/\/www.facebook.com\/TheHedgehogFactory","https:\/\/www.instagram.com\/thfcreations\/","https:\/\/fr.pinterest.com\/TheHedgehogFactory\/"]}]}},"_links":{"self":[{"href":"https:\/\/thehedgehogfactory.com\/et\/wp-json\/wp\/v2\/pages\/4617","targetHints":{"allow":["GET"]}}],"collection":[{"href":"https:\/\/thehedgehogfactory.com\/et\/wp-json\/wp\/v2\/pages"}],"about":[{"href":"https:\/\/thehedgehogfactory.com\/et\/wp-json\/wp\/v2\/types\/page"}],"author":[{"embeddable":true,"href":"https:\/\/thehedgehogfactory.com\/et\/wp-json\/wp\/v2\/users\/1"}],"replies":[{"embeddable":true,"href":"https:\/\/thehedgehogfactory.com\/et\/wp-json\/wp\/v2\/comments?post=4617"}],"version-history":[{"count":1,"href":"https:\/\/thehedgehogfactory.com\/et\/wp-json\/wp\/v2\/pages\/4617\/revisions"}],"predecessor-version":[{"id":4618,"href":"https:\/\/thehedgehogfactory.com\/et\/wp-json\/wp\/v2\/pages\/4617\/revisions\/4618"}],"wp:attachment":[{"href":"https:\/\/thehedgehogfactory.com\/et\/wp-json\/wp\/v2\/media?parent=4617"}],"curies":[{"name":"wp","href":"https:\/\/api.w.org\/{rel}","templated":true}]}}